{"id":8132,"date":"2023-03-28T13:40:57","date_gmt":"2023-03-28T12:40:57","guid":{"rendered":"https:\/\/estorio.com\/?post_type=product&#038;p=8132"},"modified":"2024-01-15T10:43:32","modified_gmt":"2024-01-15T09:43:32","slug":"falaise-textiltapeta","status":"publish","type":"product","link":"https:\/\/estorio.com\/hu\/termek\/falaise-textiltapeta\/","title":{"rendered":"Falaise textiltap\u00e9ta"},"content":{"rendered":"<p>A Falaise textiltap\u00e9ta a <a href=\"https:\/\/estorio.com\/hu\/dwc-tapeta\/\">DWC (Dutch Walltextile Co.)<\/a>\u00a0term\u00e9kei k\u00f6z\u00e9 tartozik, ami az <a href=\"https:\/\/www.esterpartners.com\/hu\/uj-inspiracios-ter-bemutatta-pop-art-koncepciojat-az-estorio\/\">Estorio showroom<\/a> k\u00edn\u00e1lat\u00e1ban tal\u00e1lhat\u00f3 meg. Az Estorio belv\u00e1rosi bemutat\u00f3term\u00e9ben megval\u00f3sult designkoncepci\u00f3 r\u00e9szek\u00e9nt megtekinthet\u0151 a b\u00fatorm\u00e1rka egyik leny\u0171g\u00f6z\u0151 megold\u00e1sa is. Az Estori\u00f3ban szak\u00e9rt\u0151 koll\u00e9g\u00e1k seg\u00edtenek az Erba Italia term\u00e9keinek megismertet\u00e9s\u00e9ben. Ha b\u00e1rmilyen k\u00e9rd\u00e9se van a term\u00e9kkel kapcsolatban, keressen <a href=\"https:\/\/estorio.com\/hu\/contact\/\">minket<\/a>!<\/p>","protected":false},"excerpt":{"rendered":"<p>A Falaise textiltap\u00e9ta a DWC (Dutch Walltextile Co.)\u00a0term\u00e9kei k\u00f6z\u00e9 tartozik, ami az Estorio showroom k\u00edn\u00e1lat\u00e1ban tal\u00e1lhat\u00f3 meg. Az Estorio belv\u00e1rosi bemutat\u00f3term\u00e9ben megval\u00f3sult designkoncepci\u00f3 r\u00e9szek\u00e9nt megtekinthet\u0151 a b\u00fatorm\u00e1rka egyik leny\u0171g\u00f6z\u0151 megold\u00e1sa is. Az Estori\u00f3ban szak\u00e9rt\u0151 koll\u00e9g\u00e1k seg\u00edtenek az Erba Italia term\u00e9keinek megismertet\u00e9s\u00e9ben. Ha b\u00e1rmilyen k\u00e9rd\u00e9se van a term\u00e9kkel kapcsolatban, keressen minket!<\/p>","protected":false},"featured_media":10034,"comment_status":"open","ping_status":"closed","template":"","meta":[],"product_brand":[],"product_cat":[40],"product_tag":[],"class_list":{"0":"post-8132","1":"product","2":"type-product","3":"status-publish","4":"has-post-thumbnail","6":"product_cat-dwc","8":"first","9":"instock","10":"shipping-taxable","11":"product-type-simple"},"yoast_head":"<!-- This site is optimized with the Yoast SEO plugin v27.4 - https:\/\/yoast.com\/product\/yoast-seo-wordpress\/ -->\n<title>Falaise textiltap\u00e9ta - Estorio<\/title>\n<meta name=\"description\" content=\"A Linen textiltap\u00e9ta a DWC term\u00e9kei k\u00f6z\u00e9 tartozik, ami Magyarorsz\u00e1gon a budapesti Estorio showroom k\u00edn\u00e1lat\u00e1ban tal\u00e1lhat\u00f3 meg.\" \/>\n<meta name=\"robots\" content=\"index, follow, max-snippet:-1, max-image-preview:large, max-video-preview:-1\" \/>\n<link rel=\"canonical\" href=\"https:\/\/estorio.com\/hu\/termek\/falaise-textiltapeta\/\" \/>\n<meta property=\"og:locale\" content=\"hu_HU\" \/>\n<meta property=\"og:type\" content=\"article\" \/>\n<meta property=\"og:title\" content=\"Falaise textiltap\u00e9ta - Estorio\" \/>\n<meta property=\"og:description\" content=\"A Linen textiltap\u00e9ta a DWC term\u00e9kei k\u00f6z\u00e9 tartozik, ami Magyarorsz\u00e1gon a budapesti Estorio showroom k\u00edn\u00e1lat\u00e1ban tal\u00e1lhat\u00f3 meg.\" \/>\n<meta property=\"og:url\" content=\"https:\/\/estorio.com\/hu\/termek\/falaise-textiltapeta\/\" \/>\n<meta property=\"og:site_name\" content=\"Estorio\" \/>\n<meta property=\"article:publisher\" content=\"https:\/\/www.facebook.com\/estorio.home\" \/>\n<meta property=\"article:modified_time\" content=\"2024-01-15T09:43:32+00:00\" \/>\n<meta property=\"og:image\" content=\"https:\/\/estorio.com\/wp-content\/uploads\/2023\/03\/falaise_10.jpg\" \/>\n\t<meta property=\"og:image:width\" content=\"600\" \/>\n\t<meta property=\"og:image:height\" content=\"600\" \/>\n\t<meta property=\"og:image:type\" content=\"image\/jpeg\" \/>\n<meta name=\"twitter:card\" content=\"summary_large_image\" \/>\n<script type=\"application\/ld+json\" class=\"yoast-schema-graph\">{\"@context\":\"https:\\\/\\\/schema.org\",\"@graph\":[{\"@type\":\"WebPage\",\"@id\":\"https:\\\/\\\/estorio.com\\\/termek\\\/falaise-textiltapeta\\\/\",\"url\":\"https:\\\/\\\/estorio.com\\\/termek\\\/falaise-textiltapeta\\\/\",\"name\":\"Falaise textiltap\u00e9ta - Estorio\",\"isPartOf\":{\"@id\":\"https:\\\/\\\/estorio.com\\\/#website\"},\"primaryImageOfPage\":{\"@id\":\"https:\\\/\\\/estorio.com\\\/termek\\\/falaise-textiltapeta\\\/#primaryimage\"},\"image\":{\"@id\":\"https:\\\/\\\/estorio.com\\\/termek\\\/falaise-textiltapeta\\\/#primaryimage\"},\"thumbnailUrl\":\"https:\\\/\\\/estorio.com\\\/wp-content\\\/uploads\\\/2023\\\/03\\\/falaise_10.jpg\",\"datePublished\":\"2023-03-28T12:40:57+00:00\",\"dateModified\":\"2024-01-15T09:43:32+00:00\",\"description\":\"A Linen textiltap\u00e9ta a DWC term\u00e9kei k\u00f6z\u00e9 tartozik, ami Magyarorsz\u00e1gon a budapesti Estorio showroom k\u00edn\u00e1lat\u00e1ban tal\u00e1lhat\u00f3 meg.\",\"breadcrumb\":{\"@id\":\"https:\\\/\\\/estorio.com\\\/termek\\\/falaise-textiltapeta\\\/#breadcrumb\"},\"inLanguage\":\"hu\",\"potentialAction\":[{\"@type\":\"ReadAction\",\"target\":[\"https:\\\/\\\/estorio.com\\\/termek\\\/falaise-textiltapeta\\\/\"]}]},{\"@type\":\"ImageObject\",\"inLanguage\":\"hu\",\"@id\":\"https:\\\/\\\/estorio.com\\\/termek\\\/falaise-textiltapeta\\\/#primaryimage\",\"url\":\"https:\\\/\\\/estorio.com\\\/wp-content\\\/uploads\\\/2023\\\/03\\\/falaise_10.jpg\",\"contentUrl\":\"https:\\\/\\\/estorio.com\\\/wp-content\\\/uploads\\\/2023\\\/03\\\/falaise_10.jpg\",\"width\":600,\"height\":600},{\"@type\":\"BreadcrumbList\",\"@id\":\"https:\\\/\\\/estorio.com\\\/termek\\\/falaise-textiltapeta\\\/#breadcrumb\",\"itemListElement\":[{\"@type\":\"ListItem\",\"position\":1,\"name\":\"Kezd\u0151lap\",\"item\":\"https:\\\/\\\/estorio.com\\\/\"},{\"@type\":\"ListItem\",\"position\":2,\"name\":\"\u00dczlet\",\"item\":\"https:\\\/\\\/estorio.com\\\/uzlet\\\/\"},{\"@type\":\"ListItem\",\"position\":3,\"name\":\"Falaise textiltap\u00e9ta\"}]},{\"@type\":\"WebSite\",\"@id\":\"https:\\\/\\\/estorio.com\\\/#website\",\"url\":\"https:\\\/\\\/estorio.com\\\/\",\"name\":\"Estorio\",\"description\":\"Home of designer brands\",\"publisher\":{\"@id\":\"https:\\\/\\\/estorio.com\\\/#organization\"},\"potentialAction\":[{\"@type\":\"SearchAction\",\"target\":{\"@type\":\"EntryPoint\",\"urlTemplate\":\"https:\\\/\\\/estorio.com\\\/?s={search_term_string}\"},\"query-input\":{\"@type\":\"PropertyValueSpecification\",\"valueRequired\":true,\"valueName\":\"search_term_string\"}}],\"inLanguage\":\"hu\"},{\"@type\":\"Organization\",\"@id\":\"https:\\\/\\\/estorio.com\\\/#organization\",\"name\":\"estorio\",\"url\":\"https:\\\/\\\/estorio.com\\\/\",\"logo\":{\"@type\":\"ImageObject\",\"inLanguage\":\"hu\",\"@id\":\"https:\\\/\\\/estorio.com\\\/#\\\/schema\\\/logo\\\/image\\\/\",\"url\":\"https:\\\/\\\/estorio.com\\\/wp-content\\\/uploads\\\/2022\\\/01\\\/20220216_estoriologo_1-02.png\",\"contentUrl\":\"https:\\\/\\\/estorio.com\\\/wp-content\\\/uploads\\\/2022\\\/01\\\/20220216_estoriologo_1-02.png\",\"width\":10915,\"height\":2860,\"caption\":\"estorio\"},\"image\":{\"@id\":\"https:\\\/\\\/estorio.com\\\/#\\\/schema\\\/logo\\\/image\\\/\"},\"sameAs\":[\"https:\\\/\\\/www.facebook.com\\\/estorio.home\",\"https:\\\/\\\/www.instagram.com\\\/estorio.home\\\/\",\"https:\\\/\\\/www.linkedin.com\\\/company\\\/estorio-home-of-designer-brands\\\/\"]}]}<\/script>\n<!-- \/ Yoast SEO plugin. -->","yoast_head_json":{"title":"Falaise textiltap\u00e9ta - Estorio","description":"A Linen textiltap\u00e9ta a DWC term\u00e9kei k\u00f6z\u00e9 tartozik, ami Magyarorsz\u00e1gon a budapesti Estorio showroom k\u00edn\u00e1lat\u00e1ban tal\u00e1lhat\u00f3 meg.","robots":{"index":"index","follow":"follow","max-snippet":"max-snippet:-1","max-image-preview":"max-image-preview:large","max-video-preview":"max-video-preview:-1"},"canonical":"https:\/\/estorio.com\/hu\/termek\/falaise-textiltapeta\/","og_locale":"hu_HU","og_type":"article","og_title":"Falaise textiltap\u00e9ta - Estorio","og_description":"A Linen textiltap\u00e9ta a DWC term\u00e9kei k\u00f6z\u00e9 tartozik, ami Magyarorsz\u00e1gon a budapesti Estorio showroom k\u00edn\u00e1lat\u00e1ban tal\u00e1lhat\u00f3 meg.","og_url":"https:\/\/estorio.com\/hu\/termek\/falaise-textiltapeta\/","og_site_name":"Estorio","article_publisher":"https:\/\/www.facebook.com\/estorio.home","article_modified_time":"2024-01-15T09:43:32+00:00","og_image":[{"width":600,"height":600,"url":"https:\/\/estorio.com\/wp-content\/uploads\/2023\/03\/falaise_10.jpg","type":"image\/jpeg"}],"twitter_card":"summary_large_image","schema":{"@context":"https:\/\/schema.org","@graph":[{"@type":"WebPage","@id":"https:\/\/estorio.com\/termek\/falaise-textiltapeta\/","url":"https:\/\/estorio.com\/termek\/falaise-textiltapeta\/","name":"Falaise textiltap\u00e9ta - Estorio","isPartOf":{"@id":"https:\/\/estorio.com\/#website"},"primaryImageOfPage":{"@id":"https:\/\/estorio.com\/termek\/falaise-textiltapeta\/#primaryimage"},"image":{"@id":"https:\/\/estorio.com\/termek\/falaise-textiltapeta\/#primaryimage"},"thumbnailUrl":"https:\/\/estorio.com\/wp-content\/uploads\/2023\/03\/falaise_10.jpg","datePublished":"2023-03-28T12:40:57+00:00","dateModified":"2024-01-15T09:43:32+00:00","description":"A Linen textiltap\u00e9ta a DWC term\u00e9kei k\u00f6z\u00e9 tartozik, ami Magyarorsz\u00e1gon a budapesti Estorio showroom k\u00edn\u00e1lat\u00e1ban tal\u00e1lhat\u00f3 meg.","breadcrumb":{"@id":"https:\/\/estorio.com\/termek\/falaise-textiltapeta\/#breadcrumb"},"inLanguage":"hu","potentialAction":[{"@type":"ReadAction","target":["https:\/\/estorio.com\/termek\/falaise-textiltapeta\/"]}]},{"@type":"ImageObject","inLanguage":"hu","@id":"https:\/\/estorio.com\/termek\/falaise-textiltapeta\/#primaryimage","url":"https:\/\/estorio.com\/wp-content\/uploads\/2023\/03\/falaise_10.jpg","contentUrl":"https:\/\/estorio.com\/wp-content\/uploads\/2023\/03\/falaise_10.jpg","width":600,"height":600},{"@type":"BreadcrumbList","@id":"https:\/\/estorio.com\/termek\/falaise-textiltapeta\/#breadcrumb","itemListElement":[{"@type":"ListItem","position":1,"name":"Kezd\u0151lap","item":"https:\/\/estorio.com\/"},{"@type":"ListItem","position":2,"name":"\u00dczlet","item":"https:\/\/estorio.com\/uzlet\/"},{"@type":"ListItem","position":3,"name":"Falaise textiltap\u00e9ta"}]},{"@type":"WebSite","@id":"https:\/\/estorio.com\/#website","url":"https:\/\/estorio.com\/","name":"R\u00f3lunk","description":"Home of designer brands","publisher":{"@id":"https:\/\/estorio.com\/#organization"},"potentialAction":[{"@type":"SearchAction","target":{"@type":"EntryPoint","urlTemplate":"https:\/\/estorio.com\/?s={search_term_string}"},"query-input":{"@type":"PropertyValueSpecification","valueRequired":true,"valueName":"search_term_string"}}],"inLanguage":"hu"},{"@type":"Organization","@id":"https:\/\/estorio.com\/#organization","name":"estorio","url":"https:\/\/estorio.com\/","logo":{"@type":"ImageObject","inLanguage":"hu","@id":"https:\/\/estorio.com\/#\/schema\/logo\/image\/","url":"https:\/\/estorio.com\/wp-content\/uploads\/2022\/01\/20220216_estoriologo_1-02.png","contentUrl":"https:\/\/estorio.com\/wp-content\/uploads\/2022\/01\/20220216_estoriologo_1-02.png","width":10915,"height":2860,"caption":"estorio"},"image":{"@id":"https:\/\/estorio.com\/#\/schema\/logo\/image\/"},"sameAs":["https:\/\/www.facebook.com\/estorio.home","https:\/\/www.instagram.com\/estorio.home\/","https:\/\/www.linkedin.com\/company\/estorio-home-of-designer-brands\/"]}]}},"_links":{"self":[{"href":"https:\/\/estorio.com\/hu\/wp-json\/wp\/v2\/product\/8132","targetHints":{"allow":["GET"]}}],"collection":[{"href":"https:\/\/estorio.com\/hu\/wp-json\/wp\/v2\/product"}],"about":[{"href":"https:\/\/estorio.com\/hu\/wp-json\/wp\/v2\/types\/product"}],"replies":[{"embeddable":true,"href":"https:\/\/estorio.com\/hu\/wp-json\/wp\/v2\/comments?post=8132"}],"wp:featuredmedia":[{"embeddable":true,"href":"https:\/\/estorio.com\/hu\/wp-json\/wp\/v2\/media\/10034"}],"wp:attachment":[{"href":"https:\/\/estorio.com\/hu\/wp-json\/wp\/v2\/media?parent=8132"}],"wp:term":[{"taxonomy":"product_brand","embeddable":true,"href":"https:\/\/estorio.com\/hu\/wp-json\/wp\/v2\/product_brand?post=8132"},{"taxonomy":"product_cat","embeddable":true,"href":"https:\/\/estorio.com\/hu\/wp-json\/wp\/v2\/product_cat?post=8132"},{"taxonomy":"product_tag","embeddable":true,"href":"https:\/\/estorio.com\/hu\/wp-json\/wp\/v2\/product_tag?post=8132"}],"curies":[{"name":"wp","href":"https:\/\/api.w.org\/{rel}","templated":true}]}}