{"id":8068,"date":"2024-02-16T11:08:54","date_gmt":"2024-02-16T10:08:54","guid":{"rendered":"https:\/\/estorio.com\/?post_type=product&#038;p=8068"},"modified":"2024-02-20T14:46:43","modified_gmt":"2024-02-20T13:46:43","slug":"new-logica","status":"publish","type":"product","link":"https:\/\/estorio.com\/hu\/termek\/new-logica\/","title":{"rendered":"New Logica"},"content":{"rendered":"<p>The back panel with magical doors<\/p>\n<p>This is a special element that offers a number of possible systems. More silent than a floating feather: the upper lift-up doors and the lower sliding doors open and shut gently to reveal all the accessories of the back panel, a patented element that can be equipped to meet the user\u2019s requirements and can even house a cooker hood. The space and the light from the light panel allow for a feeling of lightness, order and formal cleanliness of the carcass.<\/p>\n<div style=\"width: 800px;\" class=\"wp-video\"><!--[if lt IE 9]><script>document.createElement('video');<\/script><![endif]-->\n<video class=\"wp-video-shortcode\" id=\"video-8068-1\" width=\"800\" height=\"450\" preload=\"metadata\" controls=\"controls\"><source type=\"video\/mp4\" src=\"https:\/\/estorio.com\/wp-content\/uploads\/2024\/02\/2-NEW-LOGICA.mp4?_=1\" \/><a href=\"https:\/\/estorio.com\/wp-content\/uploads\/2024\/02\/2-NEW-LOGICA.mp4\">https:\/\/estorio.com\/wp-content\/uploads\/2024\/02\/2-NEW-LOGICA.mp4<\/a><\/video><\/div>\n","protected":false},"excerpt":{"rendered":"<p>The back panel with magical doors This is a special element that offers a number of possible systems. More silent than a floating feather: the upper lift-up doors and the lower sliding doors open and shut gently to reveal all the accessories of the back panel, a patented element that can be equipped to meet [&hellip;]<\/p>\n","protected":false},"featured_media":12525,"comment_status":"open","ping_status":"closed","template":"","meta":[],"product_brand":[],"product_cat":[38],"product_tag":[],"class_list":{"0":"post-8068","1":"product","2":"type-product","3":"status-publish","4":"has-post-thumbnail","6":"product_cat-valcucine","8":"first","9":"instock","10":"shipping-taxable","11":"product-type-simple"},"yoast_head":"<!-- This site is optimized with the Yoast SEO plugin v27.4 - https:\/\/yoast.com\/product\/yoast-seo-wordpress\/ -->\n<title>New Logica - Estorio<\/title>\n<meta name=\"robots\" content=\"index, follow, max-snippet:-1, max-image-preview:large, max-video-preview:-1\" \/>\n<link rel=\"canonical\" href=\"https:\/\/estorio.com\/hu\/termek\/new-logica\/\" \/>\n<meta property=\"og:locale\" content=\"hu_HU\" \/>\n<meta property=\"og:type\" content=\"article\" \/>\n<meta property=\"og:title\" content=\"New Logica - Estorio\" \/>\n<meta property=\"og:description\" content=\"The back panel with magical doors This is a special element that offers a number of possible systems. More silent than a floating feather: the upper lift-up doors and the lower sliding doors open and shut gently to reveal all the accessories of the back panel, a patented element that can be equipped to meet [&hellip;]\" \/>\n<meta property=\"og:url\" content=\"https:\/\/estorio.com\/hu\/termek\/new-logica\/\" \/>\n<meta property=\"og:site_name\" content=\"Estorio\" \/>\n<meta property=\"article:publisher\" content=\"https:\/\/www.facebook.com\/estorio.home\" \/>\n<meta property=\"article:modified_time\" content=\"2024-02-20T13:46:43+00:00\" \/>\n<meta property=\"og:image\" content=\"https:\/\/estorio.com\/wp-content\/uploads\/2024\/02\/New-Logica.jpeg\" \/>\n\t<meta property=\"og:image:width\" content=\"2404\" \/>\n\t<meta property=\"og:image:height\" content=\"1802\" \/>\n\t<meta property=\"og:image:type\" content=\"image\/jpeg\" \/>\n<meta name=\"twitter:card\" content=\"summary_large_image\" \/>\n<meta name=\"twitter:label1\" content=\"Becs\u00fclt olvas\u00e1si id\u0151\" \/>\n\t<meta name=\"twitter:data1\" content=\"1 perc\" \/>\n<script type=\"application\/ld+json\" class=\"yoast-schema-graph\">{\"@context\":\"https:\\\/\\\/schema.org\",\"@graph\":[{\"@type\":\"WebPage\",\"@id\":\"https:\\\/\\\/estorio.com\\\/termek\\\/new-logica\\\/\",\"url\":\"https:\\\/\\\/estorio.com\\\/termek\\\/new-logica\\\/\",\"name\":\"New Logica - Estorio\",\"isPartOf\":{\"@id\":\"https:\\\/\\\/estorio.com\\\/#website\"},\"primaryImageOfPage\":{\"@id\":\"https:\\\/\\\/estorio.com\\\/termek\\\/new-logica\\\/#primaryimage\"},\"image\":{\"@id\":\"https:\\\/\\\/estorio.com\\\/termek\\\/new-logica\\\/#primaryimage\"},\"thumbnailUrl\":\"https:\\\/\\\/estorio.com\\\/wp-content\\\/uploads\\\/2024\\\/02\\\/New-Logica.jpeg\",\"datePublished\":\"2024-02-16T10:08:54+00:00\",\"dateModified\":\"2024-02-20T13:46:43+00:00\",\"breadcrumb\":{\"@id\":\"https:\\\/\\\/estorio.com\\\/termek\\\/new-logica\\\/#breadcrumb\"},\"inLanguage\":\"hu\",\"potentialAction\":[{\"@type\":\"ReadAction\",\"target\":[\"https:\\\/\\\/estorio.com\\\/termek\\\/new-logica\\\/\"]}]},{\"@type\":\"ImageObject\",\"inLanguage\":\"hu\",\"@id\":\"https:\\\/\\\/estorio.com\\\/termek\\\/new-logica\\\/#primaryimage\",\"url\":\"https:\\\/\\\/estorio.com\\\/wp-content\\\/uploads\\\/2024\\\/02\\\/New-Logica.jpeg\",\"contentUrl\":\"https:\\\/\\\/estorio.com\\\/wp-content\\\/uploads\\\/2024\\\/02\\\/New-Logica.jpeg\",\"width\":2404,\"height\":1802},{\"@type\":\"BreadcrumbList\",\"@id\":\"https:\\\/\\\/estorio.com\\\/termek\\\/new-logica\\\/#breadcrumb\",\"itemListElement\":[{\"@type\":\"ListItem\",\"position\":1,\"name\":\"Kezd\u0151lap\",\"item\":\"https:\\\/\\\/estorio.com\\\/\"},{\"@type\":\"ListItem\",\"position\":2,\"name\":\"\u00dczlet\",\"item\":\"https:\\\/\\\/estorio.com\\\/uzlet\\\/\"},{\"@type\":\"ListItem\",\"position\":3,\"name\":\"New Logica\"}]},{\"@type\":\"WebSite\",\"@id\":\"https:\\\/\\\/estorio.com\\\/#website\",\"url\":\"https:\\\/\\\/estorio.com\\\/\",\"name\":\"Estorio\",\"description\":\"Home of designer brands\",\"publisher\":{\"@id\":\"https:\\\/\\\/estorio.com\\\/#organization\"},\"potentialAction\":[{\"@type\":\"SearchAction\",\"target\":{\"@type\":\"EntryPoint\",\"urlTemplate\":\"https:\\\/\\\/estorio.com\\\/?s={search_term_string}\"},\"query-input\":{\"@type\":\"PropertyValueSpecification\",\"valueRequired\":true,\"valueName\":\"search_term_string\"}}],\"inLanguage\":\"hu\"},{\"@type\":\"Organization\",\"@id\":\"https:\\\/\\\/estorio.com\\\/#organization\",\"name\":\"estorio\",\"url\":\"https:\\\/\\\/estorio.com\\\/\",\"logo\":{\"@type\":\"ImageObject\",\"inLanguage\":\"hu\",\"@id\":\"https:\\\/\\\/estorio.com\\\/#\\\/schema\\\/logo\\\/image\\\/\",\"url\":\"https:\\\/\\\/estorio.com\\\/wp-content\\\/uploads\\\/2022\\\/01\\\/20220216_estoriologo_1-02.png\",\"contentUrl\":\"https:\\\/\\\/estorio.com\\\/wp-content\\\/uploads\\\/2022\\\/01\\\/20220216_estoriologo_1-02.png\",\"width\":10915,\"height\":2860,\"caption\":\"estorio\"},\"image\":{\"@id\":\"https:\\\/\\\/estorio.com\\\/#\\\/schema\\\/logo\\\/image\\\/\"},\"sameAs\":[\"https:\\\/\\\/www.facebook.com\\\/estorio.home\",\"https:\\\/\\\/www.instagram.com\\\/estorio.home\\\/\",\"https:\\\/\\\/www.linkedin.com\\\/company\\\/estorio-home-of-designer-brands\\\/\"]}]}<\/script>\n<!-- \/ Yoast SEO plugin. -->","yoast_head_json":{"title":"New Logica - Estorio","robots":{"index":"index","follow":"follow","max-snippet":"max-snippet:-1","max-image-preview":"max-image-preview:large","max-video-preview":"max-video-preview:-1"},"canonical":"https:\/\/estorio.com\/hu\/termek\/new-logica\/","og_locale":"hu_HU","og_type":"article","og_title":"New Logica - Estorio","og_description":"The back panel with magical doors This is a special element that offers a number of possible systems. More silent than a floating feather: the upper lift-up doors and the lower sliding doors open and shut gently to reveal all the accessories of the back panel, a patented element that can be equipped to meet [&hellip;]","og_url":"https:\/\/estorio.com\/hu\/termek\/new-logica\/","og_site_name":"Estorio","article_publisher":"https:\/\/www.facebook.com\/estorio.home","article_modified_time":"2024-02-20T13:46:43+00:00","og_image":[{"width":2404,"height":1802,"url":"https:\/\/estorio.com\/wp-content\/uploads\/2024\/02\/New-Logica.jpeg","type":"image\/jpeg"}],"twitter_card":"summary_large_image","twitter_misc":{"Becs\u00fclt olvas\u00e1si id\u0151":"1 perc"},"schema":{"@context":"https:\/\/schema.org","@graph":[{"@type":"WebPage","@id":"https:\/\/estorio.com\/termek\/new-logica\/","url":"https:\/\/estorio.com\/termek\/new-logica\/","name":"New Logica - Estorio","isPartOf":{"@id":"https:\/\/estorio.com\/#website"},"primaryImageOfPage":{"@id":"https:\/\/estorio.com\/termek\/new-logica\/#primaryimage"},"image":{"@id":"https:\/\/estorio.com\/termek\/new-logica\/#primaryimage"},"thumbnailUrl":"https:\/\/estorio.com\/wp-content\/uploads\/2024\/02\/New-Logica.jpeg","datePublished":"2024-02-16T10:08:54+00:00","dateModified":"2024-02-20T13:46:43+00:00","breadcrumb":{"@id":"https:\/\/estorio.com\/termek\/new-logica\/#breadcrumb"},"inLanguage":"hu","potentialAction":[{"@type":"ReadAction","target":["https:\/\/estorio.com\/termek\/new-logica\/"]}]},{"@type":"ImageObject","inLanguage":"hu","@id":"https:\/\/estorio.com\/termek\/new-logica\/#primaryimage","url":"https:\/\/estorio.com\/wp-content\/uploads\/2024\/02\/New-Logica.jpeg","contentUrl":"https:\/\/estorio.com\/wp-content\/uploads\/2024\/02\/New-Logica.jpeg","width":2404,"height":1802},{"@type":"BreadcrumbList","@id":"https:\/\/estorio.com\/termek\/new-logica\/#breadcrumb","itemListElement":[{"@type":"ListItem","position":1,"name":"Kezd\u0151lap","item":"https:\/\/estorio.com\/"},{"@type":"ListItem","position":2,"name":"\u00dczlet","item":"https:\/\/estorio.com\/uzlet\/"},{"@type":"ListItem","position":3,"name":"New Logica"}]},{"@type":"WebSite","@id":"https:\/\/estorio.com\/#website","url":"https:\/\/estorio.com\/","name":"R\u00f3lunk","description":"Home of designer brands","publisher":{"@id":"https:\/\/estorio.com\/#organization"},"potentialAction":[{"@type":"SearchAction","target":{"@type":"EntryPoint","urlTemplate":"https:\/\/estorio.com\/?s={search_term_string}"},"query-input":{"@type":"PropertyValueSpecification","valueRequired":true,"valueName":"search_term_string"}}],"inLanguage":"hu"},{"@type":"Organization","@id":"https:\/\/estorio.com\/#organization","name":"estorio","url":"https:\/\/estorio.com\/","logo":{"@type":"ImageObject","inLanguage":"hu","@id":"https:\/\/estorio.com\/#\/schema\/logo\/image\/","url":"https:\/\/estorio.com\/wp-content\/uploads\/2022\/01\/20220216_estoriologo_1-02.png","contentUrl":"https:\/\/estorio.com\/wp-content\/uploads\/2022\/01\/20220216_estoriologo_1-02.png","width":10915,"height":2860,"caption":"estorio"},"image":{"@id":"https:\/\/estorio.com\/#\/schema\/logo\/image\/"},"sameAs":["https:\/\/www.facebook.com\/estorio.home","https:\/\/www.instagram.com\/estorio.home\/","https:\/\/www.linkedin.com\/company\/estorio-home-of-designer-brands\/"]}]}},"_links":{"self":[{"href":"https:\/\/estorio.com\/hu\/wp-json\/wp\/v2\/product\/8068","targetHints":{"allow":["GET"]}}],"collection":[{"href":"https:\/\/estorio.com\/hu\/wp-json\/wp\/v2\/product"}],"about":[{"href":"https:\/\/estorio.com\/hu\/wp-json\/wp\/v2\/types\/product"}],"replies":[{"embeddable":true,"href":"https:\/\/estorio.com\/hu\/wp-json\/wp\/v2\/comments?post=8068"}],"wp:featuredmedia":[{"embeddable":true,"href":"https:\/\/estorio.com\/hu\/wp-json\/wp\/v2\/media\/12525"}],"wp:attachment":[{"href":"https:\/\/estorio.com\/hu\/wp-json\/wp\/v2\/media?parent=8068"}],"wp:term":[{"taxonomy":"product_brand","embeddable":true,"href":"https:\/\/estorio.com\/hu\/wp-json\/wp\/v2\/product_brand?post=8068"},{"taxonomy":"product_cat","embeddable":true,"href":"https:\/\/estorio.com\/hu\/wp-json\/wp\/v2\/product_cat?post=8068"},{"taxonomy":"product_tag","embeddable":true,"href":"https:\/\/estorio.com\/hu\/wp-json\/wp\/v2\/product_tag?post=8068"}],"curies":[{"name":"wp","href":"https:\/\/api.w.org\/{rel}","templated":true}]}}