{"id":8067,"date":"2023-03-28T10:13:23","date_gmt":"2023-03-28T09:13:23","guid":{"rendered":"https:\/\/estorio.com\/?post_type=product&#038;p=8067"},"modified":"2024-02-16T11:03:41","modified_gmt":"2024-02-16T10:03:41","slug":"artematica-konyha","status":"publish","type":"product","link":"https:\/\/estorio.com\/hu\/termek\/artematica-konyha\/","title":{"rendered":"Artematica"},"content":{"rendered":"<p>Nincs \u00e9les hat\u00e1rvonal a kreativit\u00e1s \u00e9s az innov\u00e1ci\u00f3, a sz\u00ednekkel \u00e9s anyagokkal val\u00f3 j\u00e1t\u00e9k m\u0171v\u00e9szete \u00e9s a tiszta form\u00e1k matematik\u00e1ja k\u00f6z\u00f6tt.<\/p>\n<p>A p\u00e1ratlan, letisztult anyagok felhaszn\u00e1l\u00e1s\u00e1nak lehet\u0151s\u00e9ge az ajt\u00f3k alum\u00ednium ajt\u00f3szerkezeten v\u00e9gtelen sz\u00e1m\u00fa megold\u00e1si lehet\u0151s\u00e9get \u00e9s kombin\u00e1ci\u00f3t nyit meg - az \u00fcveg kifinomult j\u00e1t\u00e9k\u00e1t\u00f3l, mely minden sz\u00ednben \u00e9s kivitelben el\u00e9rhet\u0151, a tapinthat\u00f3 erezet\u0171 f\u00e1kig, a lakkozott fel\u00fcletekt\u0151l a f\u00e9m lamin\u00e1tumokig. Minden v\u00e1s\u00e1rl\u00f3 szem\u00e9lyes \u00edzl\u00e9s\u00e9nek kialak\u00edt\u00e1s\u00e1ra ir\u00e1nyul\u00f3 \u00f6r\u00f6k t\u00f6rekv\u00e9se egy term\u00e9kben val\u00f3sul meg amikor az \u00fcveg \u00e1tl\u00e1tsz\u00f3s\u00e1ga \u00e1ltal el\u00e9ri a m\u0171alkot\u00e1sokra jellemz\u0151 egyedis\u00e9get.<\/p>\n<p>Az Artematica\u00ae konyh\u00e1t r\u00e9szletesen tanulm\u00e1nyozt\u00e1k annak \u00e9rdek\u00e9ben, hogy a gesztusok egyszer\u0171bbek \u00e9s h\u00e9tk\u00f6znapibbak legyenek, a z\u00e1rak l\u00e1gyak legyenek, \u00e9s megfeleljen a legmagasabb biztons\u00e1gi el\u0151\u00edr\u00e1soknak az \u00e9lek \u00e9s a profilok ment\u00e9n t\u00f6rt\u00e9n\u0151 lekerek\u00edt\u00e9s r\u00e9v\u00e9n.<\/p>\n<p>Tervez\u0151je Gabriele Centazzo<\/p>\n<p><strong>Tervez\u00e9si filoz\u00f3fia<\/strong><\/p>\n<p>Az Artematica tervez\u00e9si filoz\u00f3fi\u00e1ja a t\u00e9r olyan \u00e9p\u00edt\u00e9szeti n\u00e9zet\u00e9b\u0151l fakad, amelyben a letisztult geometriai testek metszik egym\u00e1st \u00e9s keverednek, fokozva az anyagok sokf\u00e9les\u00e9g\u00e9t, valamint a szil\u00e1rd testek \u00e9s \u00fcregek kifinomult \u00f6sszj\u00e1t\u00e9k\u00e1t.<br \/>\nA szobr\u00e1szati elemek b\u00e1tran kiemelik az anyagok ir\u00e1nti szenved\u00e9lyt: a k\u0151, a fa \u00e9s a f\u00e9m kommunik\u00e1l egym\u00e1ssal, \u00f6sszhangban a soksz\u00edn\u0171s\u00e9g harm\u00f3ni\u00e1j\u00e1nak elv\u00e9vel, amely mindig is inspir\u00e1lta a Valcucine-t.<\/p>","protected":false},"excerpt":{"rendered":"<p>There is no dividing line between creativity and innovation, between the art of playing with colours and materials and the mathematics of pure volumes. Our intuition, the possibility of using &#8216;pure&#8217;, unpaired materials on the aluminium structure of the doors, opens up to infinite solutions and combinations. From the refined play of glass, in every [&hellip;]<\/p>\n","protected":false},"featured_media":12201,"comment_status":"open","ping_status":"closed","template":"","meta":[],"product_brand":[],"product_cat":[38],"product_tag":[],"class_list":{"0":"post-8067","1":"product","2":"type-product","3":"status-publish","4":"has-post-thumbnail","6":"product_cat-valcucine","8":"first","9":"instock","10":"shipping-taxable","11":"product-type-simple"},"yoast_head":"<!-- This site is optimized with the Yoast SEO plugin v27.4 - https:\/\/yoast.com\/product\/yoast-seo-wordpress\/ -->\n<title>Artematica - Estorio<\/title>\n<meta name=\"description\" content=\"Az Artematica konyha a Valcucine term\u00e9kei k\u00f6z\u00e9 tartozik. A term\u00e9k az Estorio showroom k\u00edn\u00e1lat\u00e1ban tal\u00e1lhat\u00f3 meg.\" \/>\n<meta name=\"robots\" content=\"index, follow, max-snippet:-1, max-image-preview:large, max-video-preview:-1\" \/>\n<link rel=\"canonical\" href=\"https:\/\/estorio.com\/hu\/termek\/artematica-konyha\/\" \/>\n<meta property=\"og:locale\" content=\"hu_HU\" \/>\n<meta property=\"og:type\" content=\"article\" \/>\n<meta property=\"og:title\" content=\"Artematica - Estorio\" \/>\n<meta property=\"og:description\" content=\"Az Artematica konyha a Valcucine term\u00e9kei k\u00f6z\u00e9 tartozik. A term\u00e9k az Estorio showroom k\u00edn\u00e1lat\u00e1ban tal\u00e1lhat\u00f3 meg.\" \/>\n<meta property=\"og:url\" content=\"https:\/\/estorio.com\/hu\/termek\/artematica-konyha\/\" \/>\n<meta property=\"og:site_name\" content=\"Estorio\" \/>\n<meta property=\"article:publisher\" content=\"https:\/\/www.facebook.com\/estorio.home\" \/>\n<meta property=\"article:modified_time\" content=\"2024-02-16T10:03:41+00:00\" \/>\n<meta property=\"og:image\" content=\"https:\/\/estorio.com\/wp-content\/uploads\/2023\/03\/0285ede7-cba8-43b7-add5-744a42b3527c.jpg\" \/>\n\t<meta property=\"og:image:width\" content=\"1205\" \/>\n\t<meta property=\"og:image:height\" content=\"900\" \/>\n\t<meta property=\"og:image:type\" content=\"image\/jpeg\" \/>\n<meta name=\"twitter:card\" content=\"summary_large_image\" \/>\n<meta name=\"twitter:label1\" content=\"Becs\u00fclt olvas\u00e1si id\u0151\" \/>\n\t<meta name=\"twitter:data1\" content=\"1 perc\" \/>\n<script type=\"application\/ld+json\" class=\"yoast-schema-graph\">{\"@context\":\"https:\\\/\\\/schema.org\",\"@graph\":[{\"@type\":\"WebPage\",\"@id\":\"https:\\\/\\\/estorio.com\\\/termek\\\/artematica-konyha\\\/\",\"url\":\"https:\\\/\\\/estorio.com\\\/termek\\\/artematica-konyha\\\/\",\"name\":\"Artematica - Estorio\",\"isPartOf\":{\"@id\":\"https:\\\/\\\/estorio.com\\\/#website\"},\"primaryImageOfPage\":{\"@id\":\"https:\\\/\\\/estorio.com\\\/termek\\\/artematica-konyha\\\/#primaryimage\"},\"image\":{\"@id\":\"https:\\\/\\\/estorio.com\\\/termek\\\/artematica-konyha\\\/#primaryimage\"},\"thumbnailUrl\":\"https:\\\/\\\/estorio.com\\\/wp-content\\\/uploads\\\/2023\\\/03\\\/0285ede7-cba8-43b7-add5-744a42b3527c.jpg\",\"datePublished\":\"2023-03-28T09:13:23+00:00\",\"dateModified\":\"2024-02-16T10:03:41+00:00\",\"description\":\"Az Artematica konyha a Valcucine term\u00e9kei k\u00f6z\u00e9 tartozik. A term\u00e9k az Estorio showroom k\u00edn\u00e1lat\u00e1ban tal\u00e1lhat\u00f3 meg.\",\"breadcrumb\":{\"@id\":\"https:\\\/\\\/estorio.com\\\/termek\\\/artematica-konyha\\\/#breadcrumb\"},\"inLanguage\":\"hu\",\"potentialAction\":[{\"@type\":\"ReadAction\",\"target\":[\"https:\\\/\\\/estorio.com\\\/termek\\\/artematica-konyha\\\/\"]}]},{\"@type\":\"ImageObject\",\"inLanguage\":\"hu\",\"@id\":\"https:\\\/\\\/estorio.com\\\/termek\\\/artematica-konyha\\\/#primaryimage\",\"url\":\"https:\\\/\\\/estorio.com\\\/wp-content\\\/uploads\\\/2023\\\/03\\\/0285ede7-cba8-43b7-add5-744a42b3527c.jpg\",\"contentUrl\":\"https:\\\/\\\/estorio.com\\\/wp-content\\\/uploads\\\/2023\\\/03\\\/0285ede7-cba8-43b7-add5-744a42b3527c.jpg\",\"width\":1205,\"height\":900},{\"@type\":\"BreadcrumbList\",\"@id\":\"https:\\\/\\\/estorio.com\\\/termek\\\/artematica-konyha\\\/#breadcrumb\",\"itemListElement\":[{\"@type\":\"ListItem\",\"position\":1,\"name\":\"Kezd\u0151lap\",\"item\":\"https:\\\/\\\/estorio.com\\\/\"},{\"@type\":\"ListItem\",\"position\":2,\"name\":\"\u00dczlet\",\"item\":\"https:\\\/\\\/estorio.com\\\/uzlet\\\/\"},{\"@type\":\"ListItem\",\"position\":3,\"name\":\"Artematica\"}]},{\"@type\":\"WebSite\",\"@id\":\"https:\\\/\\\/estorio.com\\\/#website\",\"url\":\"https:\\\/\\\/estorio.com\\\/\",\"name\":\"Estorio\",\"description\":\"Home of designer brands\",\"publisher\":{\"@id\":\"https:\\\/\\\/estorio.com\\\/#organization\"},\"potentialAction\":[{\"@type\":\"SearchAction\",\"target\":{\"@type\":\"EntryPoint\",\"urlTemplate\":\"https:\\\/\\\/estorio.com\\\/?s={search_term_string}\"},\"query-input\":{\"@type\":\"PropertyValueSpecification\",\"valueRequired\":true,\"valueName\":\"search_term_string\"}}],\"inLanguage\":\"hu\"},{\"@type\":\"Organization\",\"@id\":\"https:\\\/\\\/estorio.com\\\/#organization\",\"name\":\"estorio\",\"url\":\"https:\\\/\\\/estorio.com\\\/\",\"logo\":{\"@type\":\"ImageObject\",\"inLanguage\":\"hu\",\"@id\":\"https:\\\/\\\/estorio.com\\\/#\\\/schema\\\/logo\\\/image\\\/\",\"url\":\"https:\\\/\\\/estorio.com\\\/wp-content\\\/uploads\\\/2022\\\/01\\\/20220216_estoriologo_1-02.png\",\"contentUrl\":\"https:\\\/\\\/estorio.com\\\/wp-content\\\/uploads\\\/2022\\\/01\\\/20220216_estoriologo_1-02.png\",\"width\":10915,\"height\":2860,\"caption\":\"estorio\"},\"image\":{\"@id\":\"https:\\\/\\\/estorio.com\\\/#\\\/schema\\\/logo\\\/image\\\/\"},\"sameAs\":[\"https:\\\/\\\/www.facebook.com\\\/estorio.home\",\"https:\\\/\\\/www.instagram.com\\\/estorio.home\\\/\",\"https:\\\/\\\/www.linkedin.com\\\/company\\\/estorio-home-of-designer-brands\\\/\"]}]}<\/script>\n<!-- \/ Yoast SEO plugin. -->","yoast_head_json":{"title":"Artematica - Estorio","description":"Az Artematica konyha a Valcucine term\u00e9kei k\u00f6z\u00e9 tartozik. A term\u00e9k az Estorio showroom k\u00edn\u00e1lat\u00e1ban tal\u00e1lhat\u00f3 meg.","robots":{"index":"index","follow":"follow","max-snippet":"max-snippet:-1","max-image-preview":"max-image-preview:large","max-video-preview":"max-video-preview:-1"},"canonical":"https:\/\/estorio.com\/hu\/termek\/artematica-konyha\/","og_locale":"hu_HU","og_type":"article","og_title":"Artematica - Estorio","og_description":"Az Artematica konyha a Valcucine term\u00e9kei k\u00f6z\u00e9 tartozik. A term\u00e9k az Estorio showroom k\u00edn\u00e1lat\u00e1ban tal\u00e1lhat\u00f3 meg.","og_url":"https:\/\/estorio.com\/hu\/termek\/artematica-konyha\/","og_site_name":"Estorio","article_publisher":"https:\/\/www.facebook.com\/estorio.home","article_modified_time":"2024-02-16T10:03:41+00:00","og_image":[{"width":1205,"height":900,"url":"https:\/\/estorio.com\/wp-content\/uploads\/2023\/03\/0285ede7-cba8-43b7-add5-744a42b3527c.jpg","type":"image\/jpeg"}],"twitter_card":"summary_large_image","twitter_misc":{"Becs\u00fclt olvas\u00e1si id\u0151":"1 perc"},"schema":{"@context":"https:\/\/schema.org","@graph":[{"@type":"WebPage","@id":"https:\/\/estorio.com\/termek\/artematica-konyha\/","url":"https:\/\/estorio.com\/termek\/artematica-konyha\/","name":"Artematica - Estorio","isPartOf":{"@id":"https:\/\/estorio.com\/#website"},"primaryImageOfPage":{"@id":"https:\/\/estorio.com\/termek\/artematica-konyha\/#primaryimage"},"image":{"@id":"https:\/\/estorio.com\/termek\/artematica-konyha\/#primaryimage"},"thumbnailUrl":"https:\/\/estorio.com\/wp-content\/uploads\/2023\/03\/0285ede7-cba8-43b7-add5-744a42b3527c.jpg","datePublished":"2023-03-28T09:13:23+00:00","dateModified":"2024-02-16T10:03:41+00:00","description":"Az Artematica konyha a Valcucine term\u00e9kei k\u00f6z\u00e9 tartozik. A term\u00e9k az Estorio showroom k\u00edn\u00e1lat\u00e1ban tal\u00e1lhat\u00f3 meg.","breadcrumb":{"@id":"https:\/\/estorio.com\/termek\/artematica-konyha\/#breadcrumb"},"inLanguage":"hu","potentialAction":[{"@type":"ReadAction","target":["https:\/\/estorio.com\/termek\/artematica-konyha\/"]}]},{"@type":"ImageObject","inLanguage":"hu","@id":"https:\/\/estorio.com\/termek\/artematica-konyha\/#primaryimage","url":"https:\/\/estorio.com\/wp-content\/uploads\/2023\/03\/0285ede7-cba8-43b7-add5-744a42b3527c.jpg","contentUrl":"https:\/\/estorio.com\/wp-content\/uploads\/2023\/03\/0285ede7-cba8-43b7-add5-744a42b3527c.jpg","width":1205,"height":900},{"@type":"BreadcrumbList","@id":"https:\/\/estorio.com\/termek\/artematica-konyha\/#breadcrumb","itemListElement":[{"@type":"ListItem","position":1,"name":"Kezd\u0151lap","item":"https:\/\/estorio.com\/"},{"@type":"ListItem","position":2,"name":"\u00dczlet","item":"https:\/\/estorio.com\/uzlet\/"},{"@type":"ListItem","position":3,"name":"Artematica"}]},{"@type":"WebSite","@id":"https:\/\/estorio.com\/#website","url":"https:\/\/estorio.com\/","name":"R\u00f3lunk","description":"Home of designer brands","publisher":{"@id":"https:\/\/estorio.com\/#organization"},"potentialAction":[{"@type":"SearchAction","target":{"@type":"EntryPoint","urlTemplate":"https:\/\/estorio.com\/?s={search_term_string}"},"query-input":{"@type":"PropertyValueSpecification","valueRequired":true,"valueName":"search_term_string"}}],"inLanguage":"hu"},{"@type":"Organization","@id":"https:\/\/estorio.com\/#organization","name":"estorio","url":"https:\/\/estorio.com\/","logo":{"@type":"ImageObject","inLanguage":"hu","@id":"https:\/\/estorio.com\/#\/schema\/logo\/image\/","url":"https:\/\/estorio.com\/wp-content\/uploads\/2022\/01\/20220216_estoriologo_1-02.png","contentUrl":"https:\/\/estorio.com\/wp-content\/uploads\/2022\/01\/20220216_estoriologo_1-02.png","width":10915,"height":2860,"caption":"estorio"},"image":{"@id":"https:\/\/estorio.com\/#\/schema\/logo\/image\/"},"sameAs":["https:\/\/www.facebook.com\/estorio.home","https:\/\/www.instagram.com\/estorio.home\/","https:\/\/www.linkedin.com\/company\/estorio-home-of-designer-brands\/"]}]}},"_links":{"self":[{"href":"https:\/\/estorio.com\/hu\/wp-json\/wp\/v2\/product\/8067","targetHints":{"allow":["GET"]}}],"collection":[{"href":"https:\/\/estorio.com\/hu\/wp-json\/wp\/v2\/product"}],"about":[{"href":"https:\/\/estorio.com\/hu\/wp-json\/wp\/v2\/types\/product"}],"replies":[{"embeddable":true,"href":"https:\/\/estorio.com\/hu\/wp-json\/wp\/v2\/comments?post=8067"}],"wp:featuredmedia":[{"embeddable":true,"href":"https:\/\/estorio.com\/hu\/wp-json\/wp\/v2\/media\/12201"}],"wp:attachment":[{"href":"https:\/\/estorio.com\/hu\/wp-json\/wp\/v2\/media?parent=8067"}],"wp:term":[{"taxonomy":"product_brand","embeddable":true,"href":"https:\/\/estorio.com\/hu\/wp-json\/wp\/v2\/product_brand?post=8067"},{"taxonomy":"product_cat","embeddable":true,"href":"https:\/\/estorio.com\/hu\/wp-json\/wp\/v2\/product_cat?post=8067"},{"taxonomy":"product_tag","embeddable":true,"href":"https:\/\/estorio.com\/hu\/wp-json\/wp\/v2\/product_tag?post=8067"}],"curies":[{"name":"wp","href":"https:\/\/api.w.org\/{rel}","templated":true}]}}