{"id":8065,"date":"2023-03-28T10:04:50","date_gmt":"2023-03-28T09:04:50","guid":{"rendered":"https:\/\/estorio.com\/?post_type=product&#038;p=8065"},"modified":"2024-02-20T10:10:44","modified_gmt":"2024-02-20T09:10:44","slug":"genius-loci-konyha","status":"publish","type":"product","link":"https:\/\/estorio.com\/hu\/termek\/genius-loci-konyha\/","title":{"rendered":"Genius Loci"},"content":{"rendered":"<p>A v\u00e9konyabb anyagok haszn\u00e1lat\u00e1nak k\u00f6sz\u00f6nhet\u0151en a munkalap alatt elf\u00e9r\u0151 fi\u00f3k a Genius Loci konyha ismertet\u0151 jegy\u00e9v\u00e9 v\u00e1lt.<br \/>\nEgy kifinomult r\u00e9szlet, mely k\u00fcl\u00f6nb\u00f6z\u0151 fel\u00fcletekkel \u00e9s k\u00e9zm\u0171ves kivitelez\u00e9ssel testreszabhat\u00f3, t\u00f6k\u00e9letesen integr\u00e1lva a form\u00e1k \u00e9s anyagok tisztas\u00e1g\u00e1val.<br \/>\nA Genius Loci fi\u00f3k t\u00f6bbf\u00e9le anyagb\u00f3l \u00e9s kivitelben k\u00e9sz\u00fclhet. A berak\u00e1sos \u00e9s faragott f\u00e1kt\u00f3l a faragott k\u0151ig \u00e9s nemesf\u00e9mekig a Valcucine visszaadja \u00e9s \u00fajra\u00e9rtelmezi az \u0151si mesters\u00e9gek \u00e9rt\u00e9keit, helyre\u00e1ll\u00edtva a lassan feled\u00e9sbe mer\u00fcl\u0151 mesters\u00e9gek m\u00e9lt\u00f3s\u00e1g\u00e1t \u00e9s sz\u00e9ps\u00e9g\u00e9t.<\/p>\n<p>.<strong>\u00a0.<\/strong>\u00a0.<br \/>\nTisztelg\u00e9s az olasz k\u00e9zm\u0171vesek szak\u00e9rtelme el\u0151tt a kiv\u00e1l\u00f3s\u00e1gokr\u00f3l sz\u00f3l\u00f3 t\u00f6rt\u00e9netek z\u00e1szlaja alatt, amelyek mindig is inspir\u00e1lt\u00e1k konyh\u00e1ink tervez\u00e9s\u00e9t.<\/p>\n<p>Tervez\u0151je Gabriele Centazzo<\/p>\n<p>Tervez\u00e9si filoz\u00f3fia<\/p>\n<p>A munkalap alatti elhelyezked\u0151 8cm magas fi\u00f3k k\u00e9t v\u00e1ltozatban \u00e9rhet\u0151 el: az egyik a munkalap folytat\u00e1sa, t\u00f6k\u00e9letesen integr\u00e1lva a konyha elemeivel \u00e9s anyagaival, illetve egy m\u00e1sik, ferde s\u00edkban elhelyezett v\u00e1ltozat, amely kontrasztot alkot a konyhapulttal, hogy m\u00e9g jobban kidombor\u00edtsa a dekor\u00e1ci\u00f3s funkci\u00f3t. A speci\u00e1lis eleme eleg\u00e1nsan elrejti funkcion\u00e1lis r\u00e9szeket, \u00edgy a konyha mindig rendezettnek t\u0171nik, \u00e9s meg\u0151rzi \u00e1ramvonalas sz\u00e9ps\u00e9g\u00e9t. A konyha k\u00fcl\u00f6nlegess\u00e9ge a szigetre felszerelhet\u0151 az New Logica H140, hogy l\u00e1that\u00f3, de nem felt\u0171n\u0151 v\u00e1laszfalat hozzon l\u00e9tre, a munkater\u00fcletet a nappalit\u00f3l, ami egy lebeg\u0151 fi\u00f3kkal b\u0151v\u00edthet\u0151, hogy \u00faj, k\u00e9nyelmes \u00e9s funkcion\u00e1lis t\u00e1rol\u00f3helyet alkosson.<\/p>","protected":false},"excerpt":{"rendered":"<p>Like the ancient secretaires, the Genius Loci kitchen has a secret, intimate, complicit space in the drawer. An ingenious result enabled by the dematerialisation of the worktop, the under-top drawer becomes the distinctive element of the kitchen. A precious detail, customisable with different finishes and craftsmanship, perfectly integrated with the purity of the shapes and [&hellip;]<\/p>\n","protected":false},"featured_media":12236,"comment_status":"open","ping_status":"closed","template":"","meta":[],"product_brand":[],"product_cat":[38],"product_tag":[],"class_list":{"0":"post-8065","1":"product","2":"type-product","3":"status-publish","4":"has-post-thumbnail","6":"product_cat-valcucine","8":"first","9":"instock","10":"shipping-taxable","11":"product-type-simple"},"yoast_head":"<!-- This site is optimized with the Yoast SEO plugin v27.4 - https:\/\/yoast.com\/product\/yoast-seo-wordpress\/ -->\n<title>Genius Loci - Estorio<\/title>\n<meta name=\"robots\" content=\"index, follow, max-snippet:-1, max-image-preview:large, max-video-preview:-1\" \/>\n<link rel=\"canonical\" href=\"https:\/\/estorio.com\/hu\/termek\/genius-loci-konyha\/\" \/>\n<meta property=\"og:locale\" content=\"hu_HU\" \/>\n<meta property=\"og:type\" content=\"article\" \/>\n<meta property=\"og:title\" content=\"Genius Loci - Estorio\" \/>\n<meta property=\"og:description\" content=\"Like the ancient secretaires, the Genius Loci kitchen has a secret, intimate, complicit space in the drawer. An ingenious result enabled by the dematerialisation of the worktop, the under-top drawer becomes the distinctive element of the kitchen. A precious detail, customisable with different finishes and craftsmanship, perfectly integrated with the purity of the shapes and [&hellip;]\" \/>\n<meta property=\"og:url\" content=\"https:\/\/estorio.com\/hu\/termek\/genius-loci-konyha\/\" \/>\n<meta property=\"og:site_name\" content=\"Estorio\" \/>\n<meta property=\"article:publisher\" content=\"https:\/\/www.facebook.com\/estorio.home\" \/>\n<meta property=\"article:modified_time\" content=\"2024-02-20T09:10:44+00:00\" \/>\n<meta property=\"og:image\" content=\"https:\/\/estorio.com\/wp-content\/uploads\/2023\/03\/thumbnail.jpg\" \/>\n\t<meta property=\"og:image:width\" content=\"1359\" \/>\n\t<meta property=\"og:image:height\" content=\"901\" \/>\n\t<meta property=\"og:image:type\" content=\"image\/jpeg\" \/>\n<meta name=\"twitter:card\" content=\"summary_large_image\" \/>\n<meta name=\"twitter:label1\" content=\"Becs\u00fclt olvas\u00e1si id\u0151\" \/>\n\t<meta name=\"twitter:data1\" content=\"1 perc\" \/>\n<script type=\"application\/ld+json\" class=\"yoast-schema-graph\">{\"@context\":\"https:\\\/\\\/schema.org\",\"@graph\":[{\"@type\":\"WebPage\",\"@id\":\"https:\\\/\\\/estorio.com\\\/termek\\\/genius-loci-konyha\\\/\",\"url\":\"https:\\\/\\\/estorio.com\\\/termek\\\/genius-loci-konyha\\\/\",\"name\":\"Genius Loci - Estorio\",\"isPartOf\":{\"@id\":\"https:\\\/\\\/estorio.com\\\/#website\"},\"primaryImageOfPage\":{\"@id\":\"https:\\\/\\\/estorio.com\\\/termek\\\/genius-loci-konyha\\\/#primaryimage\"},\"image\":{\"@id\":\"https:\\\/\\\/estorio.com\\\/termek\\\/genius-loci-konyha\\\/#primaryimage\"},\"thumbnailUrl\":\"https:\\\/\\\/estorio.com\\\/wp-content\\\/uploads\\\/2023\\\/03\\\/thumbnail.jpg\",\"datePublished\":\"2023-03-28T09:04:50+00:00\",\"dateModified\":\"2024-02-20T09:10:44+00:00\",\"breadcrumb\":{\"@id\":\"https:\\\/\\\/estorio.com\\\/termek\\\/genius-loci-konyha\\\/#breadcrumb\"},\"inLanguage\":\"hu\",\"potentialAction\":[{\"@type\":\"ReadAction\",\"target\":[\"https:\\\/\\\/estorio.com\\\/termek\\\/genius-loci-konyha\\\/\"]}]},{\"@type\":\"ImageObject\",\"inLanguage\":\"hu\",\"@id\":\"https:\\\/\\\/estorio.com\\\/termek\\\/genius-loci-konyha\\\/#primaryimage\",\"url\":\"https:\\\/\\\/estorio.com\\\/wp-content\\\/uploads\\\/2023\\\/03\\\/thumbnail.jpg\",\"contentUrl\":\"https:\\\/\\\/estorio.com\\\/wp-content\\\/uploads\\\/2023\\\/03\\\/thumbnail.jpg\",\"width\":1359,\"height\":901},{\"@type\":\"BreadcrumbList\",\"@id\":\"https:\\\/\\\/estorio.com\\\/termek\\\/genius-loci-konyha\\\/#breadcrumb\",\"itemListElement\":[{\"@type\":\"ListItem\",\"position\":1,\"name\":\"Kezd\u0151lap\",\"item\":\"https:\\\/\\\/estorio.com\\\/\"},{\"@type\":\"ListItem\",\"position\":2,\"name\":\"\u00dczlet\",\"item\":\"https:\\\/\\\/estorio.com\\\/uzlet\\\/\"},{\"@type\":\"ListItem\",\"position\":3,\"name\":\"Genius Loci\"}]},{\"@type\":\"WebSite\",\"@id\":\"https:\\\/\\\/estorio.com\\\/#website\",\"url\":\"https:\\\/\\\/estorio.com\\\/\",\"name\":\"Estorio\",\"description\":\"Home of designer brands\",\"publisher\":{\"@id\":\"https:\\\/\\\/estorio.com\\\/#organization\"},\"potentialAction\":[{\"@type\":\"SearchAction\",\"target\":{\"@type\":\"EntryPoint\",\"urlTemplate\":\"https:\\\/\\\/estorio.com\\\/?s={search_term_string}\"},\"query-input\":{\"@type\":\"PropertyValueSpecification\",\"valueRequired\":true,\"valueName\":\"search_term_string\"}}],\"inLanguage\":\"hu\"},{\"@type\":\"Organization\",\"@id\":\"https:\\\/\\\/estorio.com\\\/#organization\",\"name\":\"estorio\",\"url\":\"https:\\\/\\\/estorio.com\\\/\",\"logo\":{\"@type\":\"ImageObject\",\"inLanguage\":\"hu\",\"@id\":\"https:\\\/\\\/estorio.com\\\/#\\\/schema\\\/logo\\\/image\\\/\",\"url\":\"https:\\\/\\\/estorio.com\\\/wp-content\\\/uploads\\\/2022\\\/01\\\/20220216_estoriologo_1-02.png\",\"contentUrl\":\"https:\\\/\\\/estorio.com\\\/wp-content\\\/uploads\\\/2022\\\/01\\\/20220216_estoriologo_1-02.png\",\"width\":10915,\"height\":2860,\"caption\":\"estorio\"},\"image\":{\"@id\":\"https:\\\/\\\/estorio.com\\\/#\\\/schema\\\/logo\\\/image\\\/\"},\"sameAs\":[\"https:\\\/\\\/www.facebook.com\\\/estorio.home\",\"https:\\\/\\\/www.instagram.com\\\/estorio.home\\\/\",\"https:\\\/\\\/www.linkedin.com\\\/company\\\/estorio-home-of-designer-brands\\\/\"]}]}<\/script>\n<!-- \/ Yoast SEO plugin. -->","yoast_head_json":{"title":"Genius Loci - Estorio","robots":{"index":"index","follow":"follow","max-snippet":"max-snippet:-1","max-image-preview":"max-image-preview:large","max-video-preview":"max-video-preview:-1"},"canonical":"https:\/\/estorio.com\/hu\/termek\/genius-loci-konyha\/","og_locale":"hu_HU","og_type":"article","og_title":"Genius Loci - Estorio","og_description":"Like the ancient secretaires, the Genius Loci kitchen has a secret, intimate, complicit space in the drawer. An ingenious result enabled by the dematerialisation of the worktop, the under-top drawer becomes the distinctive element of the kitchen. A precious detail, customisable with different finishes and craftsmanship, perfectly integrated with the purity of the shapes and [&hellip;]","og_url":"https:\/\/estorio.com\/hu\/termek\/genius-loci-konyha\/","og_site_name":"Estorio","article_publisher":"https:\/\/www.facebook.com\/estorio.home","article_modified_time":"2024-02-20T09:10:44+00:00","og_image":[{"width":1359,"height":901,"url":"https:\/\/estorio.com\/wp-content\/uploads\/2023\/03\/thumbnail.jpg","type":"image\/jpeg"}],"twitter_card":"summary_large_image","twitter_misc":{"Becs\u00fclt olvas\u00e1si id\u0151":"1 perc"},"schema":{"@context":"https:\/\/schema.org","@graph":[{"@type":"WebPage","@id":"https:\/\/estorio.com\/termek\/genius-loci-konyha\/","url":"https:\/\/estorio.com\/termek\/genius-loci-konyha\/","name":"Genius Loci - Estorio","isPartOf":{"@id":"https:\/\/estorio.com\/#website"},"primaryImageOfPage":{"@id":"https:\/\/estorio.com\/termek\/genius-loci-konyha\/#primaryimage"},"image":{"@id":"https:\/\/estorio.com\/termek\/genius-loci-konyha\/#primaryimage"},"thumbnailUrl":"https:\/\/estorio.com\/wp-content\/uploads\/2023\/03\/thumbnail.jpg","datePublished":"2023-03-28T09:04:50+00:00","dateModified":"2024-02-20T09:10:44+00:00","breadcrumb":{"@id":"https:\/\/estorio.com\/termek\/genius-loci-konyha\/#breadcrumb"},"inLanguage":"hu","potentialAction":[{"@type":"ReadAction","target":["https:\/\/estorio.com\/termek\/genius-loci-konyha\/"]}]},{"@type":"ImageObject","inLanguage":"hu","@id":"https:\/\/estorio.com\/termek\/genius-loci-konyha\/#primaryimage","url":"https:\/\/estorio.com\/wp-content\/uploads\/2023\/03\/thumbnail.jpg","contentUrl":"https:\/\/estorio.com\/wp-content\/uploads\/2023\/03\/thumbnail.jpg","width":1359,"height":901},{"@type":"BreadcrumbList","@id":"https:\/\/estorio.com\/termek\/genius-loci-konyha\/#breadcrumb","itemListElement":[{"@type":"ListItem","position":1,"name":"Kezd\u0151lap","item":"https:\/\/estorio.com\/"},{"@type":"ListItem","position":2,"name":"\u00dczlet","item":"https:\/\/estorio.com\/uzlet\/"},{"@type":"ListItem","position":3,"name":"Genius Loci"}]},{"@type":"WebSite","@id":"https:\/\/estorio.com\/#website","url":"https:\/\/estorio.com\/","name":"R\u00f3lunk","description":"Home of designer brands","publisher":{"@id":"https:\/\/estorio.com\/#organization"},"potentialAction":[{"@type":"SearchAction","target":{"@type":"EntryPoint","urlTemplate":"https:\/\/estorio.com\/?s={search_term_string}"},"query-input":{"@type":"PropertyValueSpecification","valueRequired":true,"valueName":"search_term_string"}}],"inLanguage":"hu"},{"@type":"Organization","@id":"https:\/\/estorio.com\/#organization","name":"estorio","url":"https:\/\/estorio.com\/","logo":{"@type":"ImageObject","inLanguage":"hu","@id":"https:\/\/estorio.com\/#\/schema\/logo\/image\/","url":"https:\/\/estorio.com\/wp-content\/uploads\/2022\/01\/20220216_estoriologo_1-02.png","contentUrl":"https:\/\/estorio.com\/wp-content\/uploads\/2022\/01\/20220216_estoriologo_1-02.png","width":10915,"height":2860,"caption":"estorio"},"image":{"@id":"https:\/\/estorio.com\/#\/schema\/logo\/image\/"},"sameAs":["https:\/\/www.facebook.com\/estorio.home","https:\/\/www.instagram.com\/estorio.home\/","https:\/\/www.linkedin.com\/company\/estorio-home-of-designer-brands\/"]}]}},"_links":{"self":[{"href":"https:\/\/estorio.com\/hu\/wp-json\/wp\/v2\/product\/8065","targetHints":{"allow":["GET"]}}],"collection":[{"href":"https:\/\/estorio.com\/hu\/wp-json\/wp\/v2\/product"}],"about":[{"href":"https:\/\/estorio.com\/hu\/wp-json\/wp\/v2\/types\/product"}],"replies":[{"embeddable":true,"href":"https:\/\/estorio.com\/hu\/wp-json\/wp\/v2\/comments?post=8065"}],"wp:featuredmedia":[{"embeddable":true,"href":"https:\/\/estorio.com\/hu\/wp-json\/wp\/v2\/media\/12236"}],"wp:attachment":[{"href":"https:\/\/estorio.com\/hu\/wp-json\/wp\/v2\/media?parent=8065"}],"wp:term":[{"taxonomy":"product_brand","embeddable":true,"href":"https:\/\/estorio.com\/hu\/wp-json\/wp\/v2\/product_brand?post=8065"},{"taxonomy":"product_cat","embeddable":true,"href":"https:\/\/estorio.com\/hu\/wp-json\/wp\/v2\/product_cat?post=8065"},{"taxonomy":"product_tag","embeddable":true,"href":"https:\/\/estorio.com\/hu\/wp-json\/wp\/v2\/product_tag?post=8065"}],"curies":[{"name":"wp","href":"https:\/\/api.w.org\/{rel}","templated":true}]}}