{"id":8017,"date":"2023-03-22T14:02:08","date_gmt":"2023-03-22T13:02:08","guid":{"rendered":"https:\/\/estorio.com\/?post_type=product&#038;p=8017"},"modified":"2024-02-27T14:24:11","modified_gmt":"2024-02-27T13:24:11","slug":"code-3d-fali-panel","status":"publish","type":"product","link":"https:\/\/estorio.com\/hu\/termek\/code-3d-fali-panel\/","title":{"rendered":"Code 3D"},"content":{"rendered":"<p>A Code 3D t\u00f6m\u00f6rfa fali panel 360x720 mm-es modulokb\u00f3l \u00e1ll. H\u00e1romdimenzi\u00f3s hat\u00e1s\u00e1t t\u00f6m\u00f6r di\u00f3fa vagy t\u00f6lgyfa mar\u00e1s\u00e1val \u00e9rik el. A k\u00fcl\u00f6nb\u00f6z\u0151 profilokat a sz\u00f6gletes vagy lekerek\u00edtettebb mar\u00e1s alakja \u00e9s m\u00e9rete k\u00fcl\u00f6nb\u00f6zteti meg egym\u00e1st\u00f3l. A h\u00e1romdimenzi\u00f3s hat\u00e1s lehet\u0151v\u00e9 teszi a fali panel f\u00e9nnyel \u00e9s \u00e1rnyvet\u00fcl\u00e9ssel val\u00f3 j\u00e1t\u00e9k\u00e1t, illetve a k\u00fcl\u00f6nb\u00f6z\u0151 modulok \u2013 v\u00edzszintesen, f\u00fcgg\u0151legesen vagy \u00e1tl\u00f3san be\u00e9p\u00edthet\u0151 \u2013 kombin\u00e1ci\u00f3ja rendk\u00edv\u00fcl szuggeszt\u00edv kompoz\u00edci\u00f3kat hoz l\u00e9tre. Fali panelk\u00e9nt, gardr\u00f3b, egy\u00e9b b\u00fatorajt\u00f3k\u00e9nt, vagy rejtett ajt\u00f3k\u00e9nt is megval\u00f3s\u00edthat\u00f3.<\/p>","protected":false},"excerpt":{"rendered":"<p>The Code 3D solid wood wall panel consists of 360&#215;720 mm modules. Its three-dimensional effect is achieved by milling solid walnut or oak wood. Different profiles are distinguished by the shape and size of the angular or more rounded milling. The three-dimensional effect allows the wall panel to play with light and shadow, and the [&hellip;]<\/p>\n","protected":false},"featured_media":8019,"comment_status":"open","ping_status":"closed","template":"","meta":[],"product_brand":[],"product_cat":[36],"product_tag":[],"class_list":{"0":"post-8017","1":"product","2":"type-product","3":"status-publish","4":"has-post-thumbnail","6":"product_cat-foglie-doro","8":"first","9":"instock","10":"shipping-taxable","11":"product-type-simple"},"yoast_head":"<!-- This site is optimized with the Yoast SEO plugin v27.3 - https:\/\/yoast.com\/product\/yoast-seo-wordpress\/ -->\n<title>Code 3D - Estorio<\/title>\n<meta name=\"description\" content=\"A Code 3D design panel a Foglie D&#039;Oro parketta term\u00e9kei k\u00f6z\u00e9 tartozik, ami Magyarorsz\u00e1gon az Estorio showroom k\u00edn\u00e1lat\u00e1ban tal\u00e1lhat\u00f3 meg.\" \/>\n<meta name=\"robots\" content=\"index, follow, max-snippet:-1, max-image-preview:large, max-video-preview:-1\" \/>\n<link rel=\"canonical\" href=\"https:\/\/estorio.com\/hu\/termek\/code-3d-fali-panel\/\" \/>\n<meta property=\"og:locale\" content=\"hu_HU\" \/>\n<meta property=\"og:type\" content=\"article\" \/>\n<meta property=\"og:title\" content=\"Code 3D - Estorio\" \/>\n<meta property=\"og:description\" content=\"A Code 3D design panel a Foglie D&#039;Oro parketta term\u00e9kei k\u00f6z\u00e9 tartozik, ami Magyarorsz\u00e1gon az Estorio showroom k\u00edn\u00e1lat\u00e1ban tal\u00e1lhat\u00f3 meg.\" \/>\n<meta property=\"og:url\" content=\"https:\/\/estorio.com\/hu\/termek\/code-3d-fali-panel\/\" \/>\n<meta property=\"og:site_name\" content=\"Estorio\" \/>\n<meta property=\"article:publisher\" content=\"https:\/\/www.facebook.com\/estorio.home\" \/>\n<meta property=\"article:modified_time\" content=\"2024-02-27T13:24:11+00:00\" \/>\n<meta property=\"og:image\" content=\"https:\/\/estorio.com\/wp-content\/uploads\/2023\/03\/fotonumeri-1030x1030-1-e1679490338111.jpg\" \/>\n\t<meta property=\"og:image:width\" content=\"950\" \/>\n\t<meta property=\"og:image:height\" content=\"1030\" \/>\n\t<meta property=\"og:image:type\" content=\"image\/jpeg\" \/>\n<meta name=\"twitter:card\" content=\"summary_large_image\" \/>\n<script type=\"application\/ld+json\" class=\"yoast-schema-graph\">{\"@context\":\"https:\\\/\\\/schema.org\",\"@graph\":[{\"@type\":\"WebPage\",\"@id\":\"https:\\\/\\\/estorio.com\\\/termek\\\/code-3d-fali-panel\\\/\",\"url\":\"https:\\\/\\\/estorio.com\\\/termek\\\/code-3d-fali-panel\\\/\",\"name\":\"Code 3D - Estorio\",\"isPartOf\":{\"@id\":\"https:\\\/\\\/estorio.com\\\/#website\"},\"primaryImageOfPage\":{\"@id\":\"https:\\\/\\\/estorio.com\\\/termek\\\/code-3d-fali-panel\\\/#primaryimage\"},\"image\":{\"@id\":\"https:\\\/\\\/estorio.com\\\/termek\\\/code-3d-fali-panel\\\/#primaryimage\"},\"thumbnailUrl\":\"https:\\\/\\\/estorio.com\\\/wp-content\\\/uploads\\\/2023\\\/03\\\/fotonumeri-1030x1030-1-e1679490338111.jpg\",\"datePublished\":\"2023-03-22T13:02:08+00:00\",\"dateModified\":\"2024-02-27T13:24:11+00:00\",\"description\":\"A Code 3D design panel a Foglie D'Oro parketta term\u00e9kei k\u00f6z\u00e9 tartozik, ami Magyarorsz\u00e1gon az Estorio showroom k\u00edn\u00e1lat\u00e1ban tal\u00e1lhat\u00f3 meg.\",\"breadcrumb\":{\"@id\":\"https:\\\/\\\/estorio.com\\\/termek\\\/code-3d-fali-panel\\\/#breadcrumb\"},\"inLanguage\":\"hu\",\"potentialAction\":[{\"@type\":\"ReadAction\",\"target\":[\"https:\\\/\\\/estorio.com\\\/termek\\\/code-3d-fali-panel\\\/\"]}]},{\"@type\":\"ImageObject\",\"inLanguage\":\"hu\",\"@id\":\"https:\\\/\\\/estorio.com\\\/termek\\\/code-3d-fali-panel\\\/#primaryimage\",\"url\":\"https:\\\/\\\/estorio.com\\\/wp-content\\\/uploads\\\/2023\\\/03\\\/fotonumeri-1030x1030-1-e1679490338111.jpg\",\"contentUrl\":\"https:\\\/\\\/estorio.com\\\/wp-content\\\/uploads\\\/2023\\\/03\\\/fotonumeri-1030x1030-1-e1679490338111.jpg\",\"width\":950,\"height\":1030},{\"@type\":\"BreadcrumbList\",\"@id\":\"https:\\\/\\\/estorio.com\\\/termek\\\/code-3d-fali-panel\\\/#breadcrumb\",\"itemListElement\":[{\"@type\":\"ListItem\",\"position\":1,\"name\":\"Kezd\u0151lap\",\"item\":\"https:\\\/\\\/estorio.com\\\/\"},{\"@type\":\"ListItem\",\"position\":2,\"name\":\"\u00dczlet\",\"item\":\"https:\\\/\\\/estorio.com\\\/uzlet\\\/\"},{\"@type\":\"ListItem\",\"position\":3,\"name\":\"Code 3D\"}]},{\"@type\":\"WebSite\",\"@id\":\"https:\\\/\\\/estorio.com\\\/#website\",\"url\":\"https:\\\/\\\/estorio.com\\\/\",\"name\":\"Estorio\",\"description\":\"Home of designer brands\",\"publisher\":{\"@id\":\"https:\\\/\\\/estorio.com\\\/#organization\"},\"potentialAction\":[{\"@type\":\"SearchAction\",\"target\":{\"@type\":\"EntryPoint\",\"urlTemplate\":\"https:\\\/\\\/estorio.com\\\/?s={search_term_string}\"},\"query-input\":{\"@type\":\"PropertyValueSpecification\",\"valueRequired\":true,\"valueName\":\"search_term_string\"}}],\"inLanguage\":\"hu\"},{\"@type\":\"Organization\",\"@id\":\"https:\\\/\\\/estorio.com\\\/#organization\",\"name\":\"estorio\",\"url\":\"https:\\\/\\\/estorio.com\\\/\",\"logo\":{\"@type\":\"ImageObject\",\"inLanguage\":\"hu\",\"@id\":\"https:\\\/\\\/estorio.com\\\/#\\\/schema\\\/logo\\\/image\\\/\",\"url\":\"https:\\\/\\\/estorio.com\\\/wp-content\\\/uploads\\\/2022\\\/01\\\/20220216_estoriologo_1-02.png\",\"contentUrl\":\"https:\\\/\\\/estorio.com\\\/wp-content\\\/uploads\\\/2022\\\/01\\\/20220216_estoriologo_1-02.png\",\"width\":10915,\"height\":2860,\"caption\":\"estorio\"},\"image\":{\"@id\":\"https:\\\/\\\/estorio.com\\\/#\\\/schema\\\/logo\\\/image\\\/\"},\"sameAs\":[\"https:\\\/\\\/www.facebook.com\\\/estorio.home\",\"https:\\\/\\\/www.instagram.com\\\/estorio.home\\\/\",\"https:\\\/\\\/www.linkedin.com\\\/company\\\/estorio-home-of-designer-brands\\\/\"]}]}<\/script>\n<!-- \/ Yoast SEO plugin. -->","yoast_head_json":{"title":"Code 3D - Estorio","description":"A Code 3D design panel a Foglie D'Oro parketta term\u00e9kei k\u00f6z\u00e9 tartozik, ami Magyarorsz\u00e1gon az Estorio showroom k\u00edn\u00e1lat\u00e1ban tal\u00e1lhat\u00f3 meg.","robots":{"index":"index","follow":"follow","max-snippet":"max-snippet:-1","max-image-preview":"max-image-preview:large","max-video-preview":"max-video-preview:-1"},"canonical":"https:\/\/estorio.com\/hu\/termek\/code-3d-fali-panel\/","og_locale":"hu_HU","og_type":"article","og_title":"Code 3D - Estorio","og_description":"A Code 3D design panel a Foglie D'Oro parketta term\u00e9kei k\u00f6z\u00e9 tartozik, ami Magyarorsz\u00e1gon az Estorio showroom k\u00edn\u00e1lat\u00e1ban tal\u00e1lhat\u00f3 meg.","og_url":"https:\/\/estorio.com\/hu\/termek\/code-3d-fali-panel\/","og_site_name":"Estorio","article_publisher":"https:\/\/www.facebook.com\/estorio.home","article_modified_time":"2024-02-27T13:24:11+00:00","og_image":[{"width":950,"height":1030,"url":"https:\/\/estorio.com\/wp-content\/uploads\/2023\/03\/fotonumeri-1030x1030-1-e1679490338111.jpg","type":"image\/jpeg"}],"twitter_card":"summary_large_image","schema":{"@context":"https:\/\/schema.org","@graph":[{"@type":"WebPage","@id":"https:\/\/estorio.com\/termek\/code-3d-fali-panel\/","url":"https:\/\/estorio.com\/termek\/code-3d-fali-panel\/","name":"Code 3D - Estorio","isPartOf":{"@id":"https:\/\/estorio.com\/#website"},"primaryImageOfPage":{"@id":"https:\/\/estorio.com\/termek\/code-3d-fali-panel\/#primaryimage"},"image":{"@id":"https:\/\/estorio.com\/termek\/code-3d-fali-panel\/#primaryimage"},"thumbnailUrl":"https:\/\/estorio.com\/wp-content\/uploads\/2023\/03\/fotonumeri-1030x1030-1-e1679490338111.jpg","datePublished":"2023-03-22T13:02:08+00:00","dateModified":"2024-02-27T13:24:11+00:00","description":"A Code 3D design panel a Foglie D'Oro parketta term\u00e9kei k\u00f6z\u00e9 tartozik, ami Magyarorsz\u00e1gon az Estorio showroom k\u00edn\u00e1lat\u00e1ban tal\u00e1lhat\u00f3 meg.","breadcrumb":{"@id":"https:\/\/estorio.com\/termek\/code-3d-fali-panel\/#breadcrumb"},"inLanguage":"hu","potentialAction":[{"@type":"ReadAction","target":["https:\/\/estorio.com\/termek\/code-3d-fali-panel\/"]}]},{"@type":"ImageObject","inLanguage":"hu","@id":"https:\/\/estorio.com\/termek\/code-3d-fali-panel\/#primaryimage","url":"https:\/\/estorio.com\/wp-content\/uploads\/2023\/03\/fotonumeri-1030x1030-1-e1679490338111.jpg","contentUrl":"https:\/\/estorio.com\/wp-content\/uploads\/2023\/03\/fotonumeri-1030x1030-1-e1679490338111.jpg","width":950,"height":1030},{"@type":"BreadcrumbList","@id":"https:\/\/estorio.com\/termek\/code-3d-fali-panel\/#breadcrumb","itemListElement":[{"@type":"ListItem","position":1,"name":"Kezd\u0151lap","item":"https:\/\/estorio.com\/"},{"@type":"ListItem","position":2,"name":"\u00dczlet","item":"https:\/\/estorio.com\/uzlet\/"},{"@type":"ListItem","position":3,"name":"Code 3D"}]},{"@type":"WebSite","@id":"https:\/\/estorio.com\/#website","url":"https:\/\/estorio.com\/","name":"R\u00f3lunk","description":"Home of designer brands","publisher":{"@id":"https:\/\/estorio.com\/#organization"},"potentialAction":[{"@type":"SearchAction","target":{"@type":"EntryPoint","urlTemplate":"https:\/\/estorio.com\/?s={search_term_string}"},"query-input":{"@type":"PropertyValueSpecification","valueRequired":true,"valueName":"search_term_string"}}],"inLanguage":"hu"},{"@type":"Organization","@id":"https:\/\/estorio.com\/#organization","name":"estorio","url":"https:\/\/estorio.com\/","logo":{"@type":"ImageObject","inLanguage":"hu","@id":"https:\/\/estorio.com\/#\/schema\/logo\/image\/","url":"https:\/\/estorio.com\/wp-content\/uploads\/2022\/01\/20220216_estoriologo_1-02.png","contentUrl":"https:\/\/estorio.com\/wp-content\/uploads\/2022\/01\/20220216_estoriologo_1-02.png","width":10915,"height":2860,"caption":"estorio"},"image":{"@id":"https:\/\/estorio.com\/#\/schema\/logo\/image\/"},"sameAs":["https:\/\/www.facebook.com\/estorio.home","https:\/\/www.instagram.com\/estorio.home\/","https:\/\/www.linkedin.com\/company\/estorio-home-of-designer-brands\/"]}]}},"_links":{"self":[{"href":"https:\/\/estorio.com\/hu\/wp-json\/wp\/v2\/product\/8017","targetHints":{"allow":["GET"]}}],"collection":[{"href":"https:\/\/estorio.com\/hu\/wp-json\/wp\/v2\/product"}],"about":[{"href":"https:\/\/estorio.com\/hu\/wp-json\/wp\/v2\/types\/product"}],"replies":[{"embeddable":true,"href":"https:\/\/estorio.com\/hu\/wp-json\/wp\/v2\/comments?post=8017"}],"wp:featuredmedia":[{"embeddable":true,"href":"https:\/\/estorio.com\/hu\/wp-json\/wp\/v2\/media\/8019"}],"wp:attachment":[{"href":"https:\/\/estorio.com\/hu\/wp-json\/wp\/v2\/media?parent=8017"}],"wp:term":[{"taxonomy":"product_brand","embeddable":true,"href":"https:\/\/estorio.com\/hu\/wp-json\/wp\/v2\/product_brand?post=8017"},{"taxonomy":"product_cat","embeddable":true,"href":"https:\/\/estorio.com\/hu\/wp-json\/wp\/v2\/product_cat?post=8017"},{"taxonomy":"product_tag","embeddable":true,"href":"https:\/\/estorio.com\/hu\/wp-json\/wp\/v2\/product_tag?post=8017"}],"curies":[{"name":"wp","href":"https:\/\/api.w.org\/{rel}","templated":true}]}}