{"id":8015,"date":"2023-03-22T13:58:36","date_gmt":"2023-03-22T12:58:36","guid":{"rendered":"https:\/\/estorio.com\/?post_type=product&#038;p=8015"},"modified":"2024-02-27T14:22:36","modified_gmt":"2024-02-27T13:22:36","slug":"lotus-design-parketta","status":"publish","type":"product","link":"https:\/\/estorio.com\/hu\/termek\/lotus-design-parketta\/","title":{"rendered":"Lotus"},"content":{"rendered":"<p>A Lotus geometrikus designpadl\u00f3 a Foglie d'Oro \u00e1ltal tervezett design parkett\u00e1k legn\u00e9pszer\u0171bb form\u00e1i k\u00f6z\u00e9 tartozik. A l\u00f3tuszvir\u00e1g term\u00e9szetes form\u00e1ja ihlette, amely a tisztas\u00e1g, az energia \u00e9s a nemess\u00e9g szimb\u00f3luma. A parketta elemeinek kompoz\u00edci\u00f3ja absztrakt m\u00f3don hozza vissza a l\u00f3tusz form\u00e1j\u00e1t, gy\u00f6ny\u00f6r\u0171 eszt\u00e9tikus j\u00e1t\u00e9kot gener\u00e1lva az elemek geometrikus vonalai \u00e9s a fa erezet\u00e9nek l\u00e1gy \u00e9s szab\u00e1lytalan vonalai k\u00f6z\u00f6tt.<\/p>\n<p>El\u00e9rhet\u0151 t\u00f6lgyfa, eur\u00f3pai di\u00f3 vagy amerikai di\u00f3 parketta kivitelben.<\/p>","protected":false},"excerpt":{"rendered":"<p>The Lotus geometric design floor is one of the most popular forms of design parquet designed by Foglie d&#8217;Oro. Inspired by the natural form of the lotus flower, which represents purity, energy and a symbol of nobility. The composition of the parquet elements brings back the shape of the lotus in an abstract way, generating [&hellip;]<\/p>\n","protected":false},"featured_media":8016,"comment_status":"open","ping_status":"closed","template":"","meta":[],"product_brand":[],"product_cat":[36],"product_tag":[],"class_list":{"0":"post-8015","1":"product","2":"type-product","3":"status-publish","4":"has-post-thumbnail","6":"product_cat-foglie-doro","8":"first","9":"instock","10":"shipping-taxable","11":"product-type-simple"},"yoast_head":"<!-- This site is optimized with the Yoast SEO plugin v27.3 - https:\/\/yoast.com\/product\/yoast-seo-wordpress\/ -->\n<title>Lotus - Estorio<\/title>\n<meta name=\"description\" content=\"A Lotus design parketta a Foglie D&#039;Oro parketta term\u00e9kei k\u00f6z\u00e9 tartozik, ami Magyarorsz\u00e1gon az Estorio showroom k\u00edn\u00e1lat\u00e1ban tal\u00e1lhat\u00f3 meg.\" \/>\n<meta name=\"robots\" content=\"index, follow, max-snippet:-1, max-image-preview:large, max-video-preview:-1\" \/>\n<link rel=\"canonical\" href=\"https:\/\/estorio.com\/hu\/termek\/lotus-design-parketta\/\" \/>\n<meta property=\"og:locale\" content=\"hu_HU\" \/>\n<meta property=\"og:type\" content=\"article\" \/>\n<meta property=\"og:title\" content=\"Lotus - Estorio\" \/>\n<meta property=\"og:description\" content=\"A Lotus design parketta a Foglie D&#039;Oro parketta term\u00e9kei k\u00f6z\u00e9 tartozik, ami Magyarorsz\u00e1gon az Estorio showroom k\u00edn\u00e1lat\u00e1ban tal\u00e1lhat\u00f3 meg.\" \/>\n<meta property=\"og:url\" content=\"https:\/\/estorio.com\/hu\/termek\/lotus-design-parketta\/\" \/>\n<meta property=\"og:site_name\" content=\"Estorio\" \/>\n<meta property=\"article:publisher\" content=\"https:\/\/www.facebook.com\/estorio.home\" \/>\n<meta property=\"article:modified_time\" content=\"2024-02-27T13:22:36+00:00\" \/>\n<meta property=\"og:image\" content=\"https:\/\/estorio.com\/wp-content\/uploads\/2023\/03\/finiture-modulo-design-lotus-ca-biasi.jpg\" \/>\n\t<meta property=\"og:image:width\" content=\"600\" \/>\n\t<meta property=\"og:image:height\" content=\"600\" \/>\n\t<meta property=\"og:image:type\" content=\"image\/jpeg\" \/>\n<meta name=\"twitter:card\" content=\"summary_large_image\" \/>\n<script type=\"application\/ld+json\" class=\"yoast-schema-graph\">{\"@context\":\"https:\\\/\\\/schema.org\",\"@graph\":[{\"@type\":\"WebPage\",\"@id\":\"https:\\\/\\\/estorio.com\\\/termek\\\/lotus-design-parketta\\\/\",\"url\":\"https:\\\/\\\/estorio.com\\\/termek\\\/lotus-design-parketta\\\/\",\"name\":\"Lotus - Estorio\",\"isPartOf\":{\"@id\":\"https:\\\/\\\/estorio.com\\\/#website\"},\"primaryImageOfPage\":{\"@id\":\"https:\\\/\\\/estorio.com\\\/termek\\\/lotus-design-parketta\\\/#primaryimage\"},\"image\":{\"@id\":\"https:\\\/\\\/estorio.com\\\/termek\\\/lotus-design-parketta\\\/#primaryimage\"},\"thumbnailUrl\":\"https:\\\/\\\/estorio.com\\\/wp-content\\\/uploads\\\/2023\\\/03\\\/finiture-modulo-design-lotus-ca-biasi.jpg\",\"datePublished\":\"2023-03-22T12:58:36+00:00\",\"dateModified\":\"2024-02-27T13:22:36+00:00\",\"description\":\"A Lotus design parketta a Foglie D'Oro parketta term\u00e9kei k\u00f6z\u00e9 tartozik, ami Magyarorsz\u00e1gon az Estorio showroom k\u00edn\u00e1lat\u00e1ban tal\u00e1lhat\u00f3 meg.\",\"breadcrumb\":{\"@id\":\"https:\\\/\\\/estorio.com\\\/termek\\\/lotus-design-parketta\\\/#breadcrumb\"},\"inLanguage\":\"hu\",\"potentialAction\":[{\"@type\":\"ReadAction\",\"target\":[\"https:\\\/\\\/estorio.com\\\/termek\\\/lotus-design-parketta\\\/\"]}]},{\"@type\":\"ImageObject\",\"inLanguage\":\"hu\",\"@id\":\"https:\\\/\\\/estorio.com\\\/termek\\\/lotus-design-parketta\\\/#primaryimage\",\"url\":\"https:\\\/\\\/estorio.com\\\/wp-content\\\/uploads\\\/2023\\\/03\\\/finiture-modulo-design-lotus-ca-biasi.jpg\",\"contentUrl\":\"https:\\\/\\\/estorio.com\\\/wp-content\\\/uploads\\\/2023\\\/03\\\/finiture-modulo-design-lotus-ca-biasi.jpg\",\"width\":600,\"height\":600,\"caption\":\"Az Estorio belv\u00e1rosi bemutat\u00f3term\u00e9ben megval\u00f3sult designkoncepci\u00f3 r\u00e9szek\u00e9nt megtekinthet\u0151 a parkettakollekci\u00f3 egyik leny\u0171g\u00f6z\u0151 megold\u00e1sa, az Estori\u00f3ban szak\u00e9rt\u0151 koll\u00e9g\u00e1k seg\u00edtenek a Foglie D'Oro parketta term\u00e9kpalett\u00e1j\u00e1nak megismertet\u00e9s\u00e9ben.\"},{\"@type\":\"BreadcrumbList\",\"@id\":\"https:\\\/\\\/estorio.com\\\/termek\\\/lotus-design-parketta\\\/#breadcrumb\",\"itemListElement\":[{\"@type\":\"ListItem\",\"position\":1,\"name\":\"Kezd\u0151lap\",\"item\":\"https:\\\/\\\/estorio.com\\\/\"},{\"@type\":\"ListItem\",\"position\":2,\"name\":\"\u00dczlet\",\"item\":\"https:\\\/\\\/estorio.com\\\/uzlet\\\/\"},{\"@type\":\"ListItem\",\"position\":3,\"name\":\"Lotus\"}]},{\"@type\":\"WebSite\",\"@id\":\"https:\\\/\\\/estorio.com\\\/#website\",\"url\":\"https:\\\/\\\/estorio.com\\\/\",\"name\":\"Estorio\",\"description\":\"Home of designer brands\",\"publisher\":{\"@id\":\"https:\\\/\\\/estorio.com\\\/#organization\"},\"potentialAction\":[{\"@type\":\"SearchAction\",\"target\":{\"@type\":\"EntryPoint\",\"urlTemplate\":\"https:\\\/\\\/estorio.com\\\/?s={search_term_string}\"},\"query-input\":{\"@type\":\"PropertyValueSpecification\",\"valueRequired\":true,\"valueName\":\"search_term_string\"}}],\"inLanguage\":\"hu\"},{\"@type\":\"Organization\",\"@id\":\"https:\\\/\\\/estorio.com\\\/#organization\",\"name\":\"estorio\",\"url\":\"https:\\\/\\\/estorio.com\\\/\",\"logo\":{\"@type\":\"ImageObject\",\"inLanguage\":\"hu\",\"@id\":\"https:\\\/\\\/estorio.com\\\/#\\\/schema\\\/logo\\\/image\\\/\",\"url\":\"https:\\\/\\\/estorio.com\\\/wp-content\\\/uploads\\\/2022\\\/01\\\/20220216_estoriologo_1-02.png\",\"contentUrl\":\"https:\\\/\\\/estorio.com\\\/wp-content\\\/uploads\\\/2022\\\/01\\\/20220216_estoriologo_1-02.png\",\"width\":10915,\"height\":2860,\"caption\":\"estorio\"},\"image\":{\"@id\":\"https:\\\/\\\/estorio.com\\\/#\\\/schema\\\/logo\\\/image\\\/\"},\"sameAs\":[\"https:\\\/\\\/www.facebook.com\\\/estorio.home\",\"https:\\\/\\\/www.instagram.com\\\/estorio.home\\\/\",\"https:\\\/\\\/www.linkedin.com\\\/company\\\/estorio-home-of-designer-brands\\\/\"]}]}<\/script>\n<!-- \/ Yoast SEO plugin. -->","yoast_head_json":{"title":"Lotus - Estorio","description":"A Lotus design parketta a Foglie D'Oro parketta term\u00e9kei k\u00f6z\u00e9 tartozik, ami Magyarorsz\u00e1gon az Estorio showroom k\u00edn\u00e1lat\u00e1ban tal\u00e1lhat\u00f3 meg.","robots":{"index":"index","follow":"follow","max-snippet":"max-snippet:-1","max-image-preview":"max-image-preview:large","max-video-preview":"max-video-preview:-1"},"canonical":"https:\/\/estorio.com\/hu\/termek\/lotus-design-parketta\/","og_locale":"hu_HU","og_type":"article","og_title":"Lotus - Estorio","og_description":"A Lotus design parketta a Foglie D'Oro parketta term\u00e9kei k\u00f6z\u00e9 tartozik, ami Magyarorsz\u00e1gon az Estorio showroom k\u00edn\u00e1lat\u00e1ban tal\u00e1lhat\u00f3 meg.","og_url":"https:\/\/estorio.com\/hu\/termek\/lotus-design-parketta\/","og_site_name":"Estorio","article_publisher":"https:\/\/www.facebook.com\/estorio.home","article_modified_time":"2024-02-27T13:22:36+00:00","og_image":[{"width":600,"height":600,"url":"https:\/\/estorio.com\/wp-content\/uploads\/2023\/03\/finiture-modulo-design-lotus-ca-biasi.jpg","type":"image\/jpeg"}],"twitter_card":"summary_large_image","schema":{"@context":"https:\/\/schema.org","@graph":[{"@type":"WebPage","@id":"https:\/\/estorio.com\/termek\/lotus-design-parketta\/","url":"https:\/\/estorio.com\/termek\/lotus-design-parketta\/","name":"Lotus - Estorio","isPartOf":{"@id":"https:\/\/estorio.com\/#website"},"primaryImageOfPage":{"@id":"https:\/\/estorio.com\/termek\/lotus-design-parketta\/#primaryimage"},"image":{"@id":"https:\/\/estorio.com\/termek\/lotus-design-parketta\/#primaryimage"},"thumbnailUrl":"https:\/\/estorio.com\/wp-content\/uploads\/2023\/03\/finiture-modulo-design-lotus-ca-biasi.jpg","datePublished":"2023-03-22T12:58:36+00:00","dateModified":"2024-02-27T13:22:36+00:00","description":"A Lotus design parketta a Foglie D'Oro parketta term\u00e9kei k\u00f6z\u00e9 tartozik, ami Magyarorsz\u00e1gon az Estorio showroom k\u00edn\u00e1lat\u00e1ban tal\u00e1lhat\u00f3 meg.","breadcrumb":{"@id":"https:\/\/estorio.com\/termek\/lotus-design-parketta\/#breadcrumb"},"inLanguage":"hu","potentialAction":[{"@type":"ReadAction","target":["https:\/\/estorio.com\/termek\/lotus-design-parketta\/"]}]},{"@type":"ImageObject","inLanguage":"hu","@id":"https:\/\/estorio.com\/termek\/lotus-design-parketta\/#primaryimage","url":"https:\/\/estorio.com\/wp-content\/uploads\/2023\/03\/finiture-modulo-design-lotus-ca-biasi.jpg","contentUrl":"https:\/\/estorio.com\/wp-content\/uploads\/2023\/03\/finiture-modulo-design-lotus-ca-biasi.jpg","width":600,"height":600,"caption":"Az Estorio belv\u00e1rosi bemutat\u00f3term\u00e9ben megval\u00f3sult designkoncepci\u00f3 r\u00e9szek\u00e9nt megtekinthet\u0151 a parkettakollekci\u00f3 egyik leny\u0171g\u00f6z\u0151 megold\u00e1sa, az Estori\u00f3ban szak\u00e9rt\u0151 koll\u00e9g\u00e1k seg\u00edtenek a Foglie D'Oro parketta term\u00e9kpalett\u00e1j\u00e1nak megismertet\u00e9s\u00e9ben."},{"@type":"BreadcrumbList","@id":"https:\/\/estorio.com\/termek\/lotus-design-parketta\/#breadcrumb","itemListElement":[{"@type":"ListItem","position":1,"name":"Kezd\u0151lap","item":"https:\/\/estorio.com\/"},{"@type":"ListItem","position":2,"name":"\u00dczlet","item":"https:\/\/estorio.com\/uzlet\/"},{"@type":"ListItem","position":3,"name":"Lotus"}]},{"@type":"WebSite","@id":"https:\/\/estorio.com\/#website","url":"https:\/\/estorio.com\/","name":"R\u00f3lunk","description":"Home of designer brands","publisher":{"@id":"https:\/\/estorio.com\/#organization"},"potentialAction":[{"@type":"SearchAction","target":{"@type":"EntryPoint","urlTemplate":"https:\/\/estorio.com\/?s={search_term_string}"},"query-input":{"@type":"PropertyValueSpecification","valueRequired":true,"valueName":"search_term_string"}}],"inLanguage":"hu"},{"@type":"Organization","@id":"https:\/\/estorio.com\/#organization","name":"estorio","url":"https:\/\/estorio.com\/","logo":{"@type":"ImageObject","inLanguage":"hu","@id":"https:\/\/estorio.com\/#\/schema\/logo\/image\/","url":"https:\/\/estorio.com\/wp-content\/uploads\/2022\/01\/20220216_estoriologo_1-02.png","contentUrl":"https:\/\/estorio.com\/wp-content\/uploads\/2022\/01\/20220216_estoriologo_1-02.png","width":10915,"height":2860,"caption":"estorio"},"image":{"@id":"https:\/\/estorio.com\/#\/schema\/logo\/image\/"},"sameAs":["https:\/\/www.facebook.com\/estorio.home","https:\/\/www.instagram.com\/estorio.home\/","https:\/\/www.linkedin.com\/company\/estorio-home-of-designer-brands\/"]}]}},"_links":{"self":[{"href":"https:\/\/estorio.com\/hu\/wp-json\/wp\/v2\/product\/8015","targetHints":{"allow":["GET"]}}],"collection":[{"href":"https:\/\/estorio.com\/hu\/wp-json\/wp\/v2\/product"}],"about":[{"href":"https:\/\/estorio.com\/hu\/wp-json\/wp\/v2\/types\/product"}],"replies":[{"embeddable":true,"href":"https:\/\/estorio.com\/hu\/wp-json\/wp\/v2\/comments?post=8015"}],"wp:featuredmedia":[{"embeddable":true,"href":"https:\/\/estorio.com\/hu\/wp-json\/wp\/v2\/media\/8016"}],"wp:attachment":[{"href":"https:\/\/estorio.com\/hu\/wp-json\/wp\/v2\/media?parent=8015"}],"wp:term":[{"taxonomy":"product_brand","embeddable":true,"href":"https:\/\/estorio.com\/hu\/wp-json\/wp\/v2\/product_brand?post=8015"},{"taxonomy":"product_cat","embeddable":true,"href":"https:\/\/estorio.com\/hu\/wp-json\/wp\/v2\/product_cat?post=8015"},{"taxonomy":"product_tag","embeddable":true,"href":"https:\/\/estorio.com\/hu\/wp-json\/wp\/v2\/product_tag?post=8015"}],"curies":[{"name":"wp","href":"https:\/\/api.w.org\/{rel}","templated":true}]}}