{"id":8012,"date":"2023-03-22T11:50:38","date_gmt":"2023-03-22T10:50:38","guid":{"rendered":"https:\/\/estorio.com\/?post_type=product&#038;p=8012"},"modified":"2024-02-27T14:26:49","modified_gmt":"2024-02-27T13:26:49","slug":"ombre-design-parketta","status":"publish","type":"product","link":"https:\/\/estorio.com\/hu\/termek\/ombre-design-parketta\/","title":{"rendered":"Ombre"},"content":{"rendered":"<p>Az Ombre design parketta a Foglie D\u2019Oro parketta legn\u00e9pszer\u0171bb term\u00e9kei k\u00f6z\u00e9 tartozik, hisz \u00f6tv\u00f6zi a kort\u00e1rs eszt\u00e9tikai hat\u00e1st a tradicion\u00e1lis fa teljes k\u00e9nyelm\u00e9vel: az Ombre az \u00f6sszes el\u00e9rhet\u0151 fel\u00fclettel l\u00e1gy, bar\u00e1ts\u00e1gos l\u00e9gk\u00f6rt teremt. Az Estorio belv\u00e1rosi bemutat\u00f3term\u00e9ben megval\u00f3sult designkoncepci\u00f3 r\u00e9szek\u00e9nt megtekinthet\u0151 a parkettakollekci\u00f3 ezen leny\u0171g\u00f6z\u0151 megold\u00e1sa is. El\u00e9rhet\u0151 t\u00f6lgyfa, eur\u00f3pai di\u00f3 vagy amerikai di\u00f3fa parketta kivitelben. Showroomunkban szak\u00e9rt\u0151 koll\u00e9g\u00e1k seg\u00edtenek a Foglie d\u2019Oro parketta term\u00e9kpalett\u00e1j\u00e1nak megismertet\u00e9s\u00e9ben. Ha b\u00e1rmilyen k\u00e9rd\u00e9se van a term\u00e9kkel kapcsolatban, sz\u00edvesen \u00e1llunk rendelkez\u00e9s\u00e9re el\u00e9rhet\u0151s\u00e9geink b\u00e1rmelyik\u00e9n.<\/p>","protected":false},"excerpt":{"rendered":"<p>Ombre design parquet is one of the most popular products of Foglie D&#8217;Oro parquet, because it combines the contemporary aesthetic effect with the full comfort of traditional wood: Ombre creates a soft, friendly atmosphere with all available surfaces. This impressive solution of the parquet collection can be seen as part of the design concept realized [&hellip;]<\/p>\n","protected":false},"featured_media":8014,"comment_status":"open","ping_status":"closed","template":"","meta":[],"product_brand":[],"product_cat":[36],"product_tag":[],"class_list":{"0":"post-8012","1":"product","2":"type-product","3":"status-publish","4":"has-post-thumbnail","6":"product_cat-foglie-doro","8":"first","9":"instock","10":"shipping-taxable","11":"product-type-simple"},"yoast_head":"<!-- This site is optimized with the Yoast SEO plugin v27.3 - https:\/\/yoast.com\/product\/yoast-seo-wordpress\/ -->\n<title>Ombre - Estorio<\/title>\n<meta name=\"description\" content=\"Az Ombre design parketta a Foglie D&#039;Oro parketta term\u00e9kei k\u00f6z\u00e9 tartozik, ami Magyarorsz\u00e1gon az Estorio showroom k\u00edn\u00e1lat\u00e1ban tal\u00e1lhat\u00f3 meg.\" \/>\n<meta name=\"robots\" content=\"index, follow, max-snippet:-1, max-image-preview:large, max-video-preview:-1\" \/>\n<link rel=\"canonical\" href=\"https:\/\/estorio.com\/hu\/termek\/ombre-design-parketta\/\" \/>\n<meta property=\"og:locale\" content=\"hu_HU\" \/>\n<meta property=\"og:type\" content=\"article\" \/>\n<meta property=\"og:title\" content=\"Ombre - Estorio\" \/>\n<meta property=\"og:description\" content=\"Az Ombre design parketta a Foglie D&#039;Oro parketta term\u00e9kei k\u00f6z\u00e9 tartozik, ami Magyarorsz\u00e1gon az Estorio showroom k\u00edn\u00e1lat\u00e1ban tal\u00e1lhat\u00f3 meg.\" \/>\n<meta property=\"og:url\" content=\"https:\/\/estorio.com\/hu\/termek\/ombre-design-parketta\/\" \/>\n<meta property=\"og:site_name\" content=\"Estorio\" \/>\n<meta property=\"article:publisher\" content=\"https:\/\/www.facebook.com\/estorio.home\" \/>\n<meta property=\"article:modified_time\" content=\"2024-02-27T13:26:49+00:00\" \/>\n<meta property=\"og:image\" content=\"https:\/\/estorio.com\/wp-content\/uploads\/2023\/03\/ombre2.jpg\" \/>\n\t<meta property=\"og:image:width\" content=\"1200\" \/>\n\t<meta property=\"og:image:height\" content=\"1200\" \/>\n\t<meta property=\"og:image:type\" content=\"image\/jpeg\" \/>\n<meta name=\"twitter:card\" content=\"summary_large_image\" \/>\n<meta name=\"twitter:label1\" content=\"Becs\u00fclt olvas\u00e1si id\u0151\" \/>\n\t<meta name=\"twitter:data1\" content=\"1 perc\" \/>\n<script type=\"application\/ld+json\" class=\"yoast-schema-graph\">{\"@context\":\"https:\\\/\\\/schema.org\",\"@graph\":[{\"@type\":\"WebPage\",\"@id\":\"https:\\\/\\\/estorio.com\\\/termek\\\/ombre-design-parketta\\\/\",\"url\":\"https:\\\/\\\/estorio.com\\\/termek\\\/ombre-design-parketta\\\/\",\"name\":\"Ombre - Estorio\",\"isPartOf\":{\"@id\":\"https:\\\/\\\/estorio.com\\\/#website\"},\"primaryImageOfPage\":{\"@id\":\"https:\\\/\\\/estorio.com\\\/termek\\\/ombre-design-parketta\\\/#primaryimage\"},\"image\":{\"@id\":\"https:\\\/\\\/estorio.com\\\/termek\\\/ombre-design-parketta\\\/#primaryimage\"},\"thumbnailUrl\":\"https:\\\/\\\/estorio.com\\\/wp-content\\\/uploads\\\/2023\\\/03\\\/ombre2.jpg\",\"datePublished\":\"2023-03-22T10:50:38+00:00\",\"dateModified\":\"2024-02-27T13:26:49+00:00\",\"description\":\"Az Ombre design parketta a Foglie D'Oro parketta term\u00e9kei k\u00f6z\u00e9 tartozik, ami Magyarorsz\u00e1gon az Estorio showroom k\u00edn\u00e1lat\u00e1ban tal\u00e1lhat\u00f3 meg.\",\"breadcrumb\":{\"@id\":\"https:\\\/\\\/estorio.com\\\/termek\\\/ombre-design-parketta\\\/#breadcrumb\"},\"inLanguage\":\"hu\",\"potentialAction\":[{\"@type\":\"ReadAction\",\"target\":[\"https:\\\/\\\/estorio.com\\\/termek\\\/ombre-design-parketta\\\/\"]}]},{\"@type\":\"ImageObject\",\"inLanguage\":\"hu\",\"@id\":\"https:\\\/\\\/estorio.com\\\/termek\\\/ombre-design-parketta\\\/#primaryimage\",\"url\":\"https:\\\/\\\/estorio.com\\\/wp-content\\\/uploads\\\/2023\\\/03\\\/ombre2.jpg\",\"contentUrl\":\"https:\\\/\\\/estorio.com\\\/wp-content\\\/uploads\\\/2023\\\/03\\\/ombre2.jpg\",\"width\":1200,\"height\":1200,\"caption\":\"Az Estorio belv\u00e1rosi bemutat\u00f3term\u00e9ben megval\u00f3sult designkoncepci\u00f3 r\u00e9szek\u00e9nt megtekinthet\u0151 a parkettakollekci\u00f3 egyik leny\u0171g\u00f6z\u0151 megold\u00e1sa, az Estori\u00f3ban szak\u00e9rt\u0151 koll\u00e9g\u00e1k seg\u00edtenek a Foglie D'Oro parketta term\u00e9kpalett\u00e1j\u00e1nak megismertet\u00e9s\u00e9ben.\"},{\"@type\":\"BreadcrumbList\",\"@id\":\"https:\\\/\\\/estorio.com\\\/termek\\\/ombre-design-parketta\\\/#breadcrumb\",\"itemListElement\":[{\"@type\":\"ListItem\",\"position\":1,\"name\":\"Kezd\u0151lap\",\"item\":\"https:\\\/\\\/estorio.com\\\/\"},{\"@type\":\"ListItem\",\"position\":2,\"name\":\"\u00dczlet\",\"item\":\"https:\\\/\\\/estorio.com\\\/uzlet\\\/\"},{\"@type\":\"ListItem\",\"position\":3,\"name\":\"Ombre\"}]},{\"@type\":\"WebSite\",\"@id\":\"https:\\\/\\\/estorio.com\\\/#website\",\"url\":\"https:\\\/\\\/estorio.com\\\/\",\"name\":\"Estorio\",\"description\":\"Home of designer brands\",\"publisher\":{\"@id\":\"https:\\\/\\\/estorio.com\\\/#organization\"},\"potentialAction\":[{\"@type\":\"SearchAction\",\"target\":{\"@type\":\"EntryPoint\",\"urlTemplate\":\"https:\\\/\\\/estorio.com\\\/?s={search_term_string}\"},\"query-input\":{\"@type\":\"PropertyValueSpecification\",\"valueRequired\":true,\"valueName\":\"search_term_string\"}}],\"inLanguage\":\"hu\"},{\"@type\":\"Organization\",\"@id\":\"https:\\\/\\\/estorio.com\\\/#organization\",\"name\":\"estorio\",\"url\":\"https:\\\/\\\/estorio.com\\\/\",\"logo\":{\"@type\":\"ImageObject\",\"inLanguage\":\"hu\",\"@id\":\"https:\\\/\\\/estorio.com\\\/#\\\/schema\\\/logo\\\/image\\\/\",\"url\":\"https:\\\/\\\/estorio.com\\\/wp-content\\\/uploads\\\/2022\\\/01\\\/20220216_estoriologo_1-02.png\",\"contentUrl\":\"https:\\\/\\\/estorio.com\\\/wp-content\\\/uploads\\\/2022\\\/01\\\/20220216_estoriologo_1-02.png\",\"width\":10915,\"height\":2860,\"caption\":\"estorio\"},\"image\":{\"@id\":\"https:\\\/\\\/estorio.com\\\/#\\\/schema\\\/logo\\\/image\\\/\"},\"sameAs\":[\"https:\\\/\\\/www.facebook.com\\\/estorio.home\",\"https:\\\/\\\/www.instagram.com\\\/estorio.home\\\/\",\"https:\\\/\\\/www.linkedin.com\\\/company\\\/estorio-home-of-designer-brands\\\/\"]}]}<\/script>\n<!-- \/ Yoast SEO plugin. -->","yoast_head_json":{"title":"Ombre - Estorio","description":"Az Ombre design parketta a Foglie D'Oro parketta term\u00e9kei k\u00f6z\u00e9 tartozik, ami Magyarorsz\u00e1gon az Estorio showroom k\u00edn\u00e1lat\u00e1ban tal\u00e1lhat\u00f3 meg.","robots":{"index":"index","follow":"follow","max-snippet":"max-snippet:-1","max-image-preview":"max-image-preview:large","max-video-preview":"max-video-preview:-1"},"canonical":"https:\/\/estorio.com\/hu\/termek\/ombre-design-parketta\/","og_locale":"hu_HU","og_type":"article","og_title":"Ombre - Estorio","og_description":"Az Ombre design parketta a Foglie D'Oro parketta term\u00e9kei k\u00f6z\u00e9 tartozik, ami Magyarorsz\u00e1gon az Estorio showroom k\u00edn\u00e1lat\u00e1ban tal\u00e1lhat\u00f3 meg.","og_url":"https:\/\/estorio.com\/hu\/termek\/ombre-design-parketta\/","og_site_name":"Estorio","article_publisher":"https:\/\/www.facebook.com\/estorio.home","article_modified_time":"2024-02-27T13:26:49+00:00","og_image":[{"width":1200,"height":1200,"url":"https:\/\/estorio.com\/wp-content\/uploads\/2023\/03\/ombre2.jpg","type":"image\/jpeg"}],"twitter_card":"summary_large_image","twitter_misc":{"Becs\u00fclt olvas\u00e1si id\u0151":"1 perc"},"schema":{"@context":"https:\/\/schema.org","@graph":[{"@type":"WebPage","@id":"https:\/\/estorio.com\/termek\/ombre-design-parketta\/","url":"https:\/\/estorio.com\/termek\/ombre-design-parketta\/","name":"Ombre - Estorio","isPartOf":{"@id":"https:\/\/estorio.com\/#website"},"primaryImageOfPage":{"@id":"https:\/\/estorio.com\/termek\/ombre-design-parketta\/#primaryimage"},"image":{"@id":"https:\/\/estorio.com\/termek\/ombre-design-parketta\/#primaryimage"},"thumbnailUrl":"https:\/\/estorio.com\/wp-content\/uploads\/2023\/03\/ombre2.jpg","datePublished":"2023-03-22T10:50:38+00:00","dateModified":"2024-02-27T13:26:49+00:00","description":"Az Ombre design parketta a Foglie D'Oro parketta term\u00e9kei k\u00f6z\u00e9 tartozik, ami Magyarorsz\u00e1gon az Estorio showroom k\u00edn\u00e1lat\u00e1ban tal\u00e1lhat\u00f3 meg.","breadcrumb":{"@id":"https:\/\/estorio.com\/termek\/ombre-design-parketta\/#breadcrumb"},"inLanguage":"hu","potentialAction":[{"@type":"ReadAction","target":["https:\/\/estorio.com\/termek\/ombre-design-parketta\/"]}]},{"@type":"ImageObject","inLanguage":"hu","@id":"https:\/\/estorio.com\/termek\/ombre-design-parketta\/#primaryimage","url":"https:\/\/estorio.com\/wp-content\/uploads\/2023\/03\/ombre2.jpg","contentUrl":"https:\/\/estorio.com\/wp-content\/uploads\/2023\/03\/ombre2.jpg","width":1200,"height":1200,"caption":"Az Estorio belv\u00e1rosi bemutat\u00f3term\u00e9ben megval\u00f3sult designkoncepci\u00f3 r\u00e9szek\u00e9nt megtekinthet\u0151 a parkettakollekci\u00f3 egyik leny\u0171g\u00f6z\u0151 megold\u00e1sa, az Estori\u00f3ban szak\u00e9rt\u0151 koll\u00e9g\u00e1k seg\u00edtenek a Foglie D'Oro parketta term\u00e9kpalett\u00e1j\u00e1nak megismertet\u00e9s\u00e9ben."},{"@type":"BreadcrumbList","@id":"https:\/\/estorio.com\/termek\/ombre-design-parketta\/#breadcrumb","itemListElement":[{"@type":"ListItem","position":1,"name":"Kezd\u0151lap","item":"https:\/\/estorio.com\/"},{"@type":"ListItem","position":2,"name":"\u00dczlet","item":"https:\/\/estorio.com\/uzlet\/"},{"@type":"ListItem","position":3,"name":"Ombre"}]},{"@type":"WebSite","@id":"https:\/\/estorio.com\/#website","url":"https:\/\/estorio.com\/","name":"R\u00f3lunk","description":"Home of designer brands","publisher":{"@id":"https:\/\/estorio.com\/#organization"},"potentialAction":[{"@type":"SearchAction","target":{"@type":"EntryPoint","urlTemplate":"https:\/\/estorio.com\/?s={search_term_string}"},"query-input":{"@type":"PropertyValueSpecification","valueRequired":true,"valueName":"search_term_string"}}],"inLanguage":"hu"},{"@type":"Organization","@id":"https:\/\/estorio.com\/#organization","name":"estorio","url":"https:\/\/estorio.com\/","logo":{"@type":"ImageObject","inLanguage":"hu","@id":"https:\/\/estorio.com\/#\/schema\/logo\/image\/","url":"https:\/\/estorio.com\/wp-content\/uploads\/2022\/01\/20220216_estoriologo_1-02.png","contentUrl":"https:\/\/estorio.com\/wp-content\/uploads\/2022\/01\/20220216_estoriologo_1-02.png","width":10915,"height":2860,"caption":"estorio"},"image":{"@id":"https:\/\/estorio.com\/#\/schema\/logo\/image\/"},"sameAs":["https:\/\/www.facebook.com\/estorio.home","https:\/\/www.instagram.com\/estorio.home\/","https:\/\/www.linkedin.com\/company\/estorio-home-of-designer-brands\/"]}]}},"_links":{"self":[{"href":"https:\/\/estorio.com\/hu\/wp-json\/wp\/v2\/product\/8012","targetHints":{"allow":["GET"]}}],"collection":[{"href":"https:\/\/estorio.com\/hu\/wp-json\/wp\/v2\/product"}],"about":[{"href":"https:\/\/estorio.com\/hu\/wp-json\/wp\/v2\/types\/product"}],"replies":[{"embeddable":true,"href":"https:\/\/estorio.com\/hu\/wp-json\/wp\/v2\/comments?post=8012"}],"wp:featuredmedia":[{"embeddable":true,"href":"https:\/\/estorio.com\/hu\/wp-json\/wp\/v2\/media\/8014"}],"wp:attachment":[{"href":"https:\/\/estorio.com\/hu\/wp-json\/wp\/v2\/media?parent=8012"}],"wp:term":[{"taxonomy":"product_brand","embeddable":true,"href":"https:\/\/estorio.com\/hu\/wp-json\/wp\/v2\/product_brand?post=8012"},{"taxonomy":"product_cat","embeddable":true,"href":"https:\/\/estorio.com\/hu\/wp-json\/wp\/v2\/product_cat?post=8012"},{"taxonomy":"product_tag","embeddable":true,"href":"https:\/\/estorio.com\/hu\/wp-json\/wp\/v2\/product_tag?post=8012"}],"curies":[{"name":"wp","href":"https:\/\/api.w.org\/{rel}","templated":true}]}}