{"id":7972,"date":"2023-03-22T10:48:53","date_gmt":"2023-03-22T09:48:53","guid":{"rendered":"https:\/\/estorio.com\/?post_type=product&#038;p=7972"},"modified":"2024-02-27T14:13:02","modified_gmt":"2024-02-27T13:13:02","slug":"azalea-parketta","status":"publish","type":"product","link":"https:\/\/estorio.com\/hu\/termek\/azalea-parketta\/","title":{"rendered":"Azalea"},"content":{"rendered":"<p>Foglie d'Oro designorient\u00e1lt kutat\u00e1s\u00e1ban a term\u00e9szet a f\u0151 eszt\u00e9tikai inspir\u00e1ci\u00f3. Az Azalea geometrikus padl\u00f3 ennek egyik legtiszt\u00e1bb kifejez\u0151d\u00e9se: a minta vir\u00e1gra eml\u00e9keztet, egyes modulok f\u00e9mbet\u00e9tei pedig k\u00f6nnyeds\u00e9get \u00e9s m\u00e9g nagyobb var\u00e1zst k\u00f6lcs\u00f6n\u00f6znek a fel\u00fcletnek.<\/p>\n<p>Az Azalea design parketta mint\u00e1t a Foglie d'Oro, a Latifoglia c\u00e9gcsoport tagja szabadalmaztatta.<\/p>\n<p>M\u00e1s anyagokkal val\u00f3 kombin\u00e1ci\u00f3ja igaz\u00e1n exkluz\u00edv l\u00e1tv\u00e1nyt k\u00f6lcs\u00f6n\u00f6z a parkett\u00e1nak. El\u00e9rhet\u0151 weng\u00e9, s\u00e1rgar\u00e9z, vagy m\u00e1rv\u00e1ny berak\u00e1ssal k\u00e9sz\u00fclt parketta kivitelben, s\u0151t fali panel verzi\u00f3ban is.<\/p>\n<p>Rendelhet\u0151 amerikai di\u00f3, eur\u00f3pai di\u00f3 vagy t\u00f6lgyfa anyagb\u00f3l.<\/p>","protected":false},"excerpt":{"rendered":"<p>In Foglie d&#8217;Oro&#8217;s design-oriented research, nature is the main aesthetic inspiration. The Azalea geometric floor is one of the clearest expressions of this: the pattern resembles a flower, and the metal inserts of some modules give the surface lightness and even more charm. The Azalea design parquet pattern was patented by Foglie d&#8217;Oro, a member [&hellip;]<\/p>\n","protected":false},"featured_media":7974,"comment_status":"open","ping_status":"closed","template":"","meta":[],"product_brand":[],"product_cat":[36],"product_tag":[37],"class_list":{"0":"post-7972","1":"product","2":"type-product","3":"status-publish","4":"has-post-thumbnail","6":"product_cat-foglie-doro","7":"product_tag-foglie-doro","9":"first","10":"instock","11":"shipping-taxable","12":"product-type-simple"},"yoast_head":"<!-- This site is optimized with the Yoast SEO plugin v27.4 - https:\/\/yoast.com\/product\/yoast-seo-wordpress\/ -->\n<title>Azalea - Estorio<\/title>\n<meta name=\"description\" content=\"Az Azalea design parketta a Foglie D&#039;Oro parketta term\u00e9kei k\u00f6z\u00e9 tartozik, ami Magyarorsz\u00e1gon az Estorio showroom k\u00edn\u00e1lat\u00e1ban tal\u00e1lhat\u00f3 meg.\" \/>\n<meta name=\"robots\" content=\"index, follow, max-snippet:-1, max-image-preview:large, max-video-preview:-1\" \/>\n<link rel=\"canonical\" href=\"https:\/\/estorio.com\/hu\/termek\/azalea-parketta\/\" \/>\n<meta property=\"og:locale\" content=\"hu_HU\" \/>\n<meta property=\"og:type\" content=\"article\" \/>\n<meta property=\"og:title\" content=\"Azalea - Estorio\" \/>\n<meta property=\"og:description\" content=\"Az Azalea design parketta a Foglie D&#039;Oro parketta term\u00e9kei k\u00f6z\u00e9 tartozik, ami Magyarorsz\u00e1gon az Estorio showroom k\u00edn\u00e1lat\u00e1ban tal\u00e1lhat\u00f3 meg.\" \/>\n<meta property=\"og:url\" content=\"https:\/\/estorio.com\/hu\/termek\/azalea-parketta\/\" \/>\n<meta property=\"og:site_name\" content=\"Estorio\" \/>\n<meta property=\"article:publisher\" content=\"https:\/\/www.facebook.com\/estorio.home\" \/>\n<meta property=\"article:modified_time\" content=\"2024-02-27T13:13:02+00:00\" \/>\n<meta property=\"og:image\" content=\"https:\/\/estorio.com\/wp-content\/uploads\/2023\/03\/finiture-modulo-design-azalea-ca-bollani.jpg\" \/>\n\t<meta property=\"og:image:width\" content=\"600\" \/>\n\t<meta property=\"og:image:height\" content=\"600\" \/>\n\t<meta property=\"og:image:type\" content=\"image\/jpeg\" \/>\n<meta name=\"twitter:card\" content=\"summary_large_image\" \/>\n<script type=\"application\/ld+json\" class=\"yoast-schema-graph\">{\"@context\":\"https:\\\/\\\/schema.org\",\"@graph\":[{\"@type\":\"WebPage\",\"@id\":\"https:\\\/\\\/estorio.com\\\/termek\\\/azalea-parketta\\\/\",\"url\":\"https:\\\/\\\/estorio.com\\\/termek\\\/azalea-parketta\\\/\",\"name\":\"Azalea - Estorio\",\"isPartOf\":{\"@id\":\"https:\\\/\\\/estorio.com\\\/#website\"},\"primaryImageOfPage\":{\"@id\":\"https:\\\/\\\/estorio.com\\\/termek\\\/azalea-parketta\\\/#primaryimage\"},\"image\":{\"@id\":\"https:\\\/\\\/estorio.com\\\/termek\\\/azalea-parketta\\\/#primaryimage\"},\"thumbnailUrl\":\"https:\\\/\\\/estorio.com\\\/wp-content\\\/uploads\\\/2023\\\/03\\\/finiture-modulo-design-azalea-ca-bollani.jpg\",\"datePublished\":\"2023-03-22T09:48:53+00:00\",\"dateModified\":\"2024-02-27T13:13:02+00:00\",\"description\":\"Az Azalea design parketta a Foglie D'Oro parketta term\u00e9kei k\u00f6z\u00e9 tartozik, ami Magyarorsz\u00e1gon az Estorio showroom k\u00edn\u00e1lat\u00e1ban tal\u00e1lhat\u00f3 meg.\",\"breadcrumb\":{\"@id\":\"https:\\\/\\\/estorio.com\\\/termek\\\/azalea-parketta\\\/#breadcrumb\"},\"inLanguage\":\"hu\",\"potentialAction\":[{\"@type\":\"ReadAction\",\"target\":[\"https:\\\/\\\/estorio.com\\\/termek\\\/azalea-parketta\\\/\"]}]},{\"@type\":\"ImageObject\",\"inLanguage\":\"hu\",\"@id\":\"https:\\\/\\\/estorio.com\\\/termek\\\/azalea-parketta\\\/#primaryimage\",\"url\":\"https:\\\/\\\/estorio.com\\\/wp-content\\\/uploads\\\/2023\\\/03\\\/finiture-modulo-design-azalea-ca-bollani.jpg\",\"contentUrl\":\"https:\\\/\\\/estorio.com\\\/wp-content\\\/uploads\\\/2023\\\/03\\\/finiture-modulo-design-azalea-ca-bollani.jpg\",\"width\":600,\"height\":600,\"caption\":\"A Foglie D\u2019Oro parketta Magyarorsz\u00e1gon az Estorio showroom k\u00edn\u00e1lat\u00e1ban tal\u00e1lhat\u00f3 meg\"},{\"@type\":\"BreadcrumbList\",\"@id\":\"https:\\\/\\\/estorio.com\\\/termek\\\/azalea-parketta\\\/#breadcrumb\",\"itemListElement\":[{\"@type\":\"ListItem\",\"position\":1,\"name\":\"Kezd\u0151lap\",\"item\":\"https:\\\/\\\/estorio.com\\\/\"},{\"@type\":\"ListItem\",\"position\":2,\"name\":\"\u00dczlet\",\"item\":\"https:\\\/\\\/estorio.com\\\/uzlet\\\/\"},{\"@type\":\"ListItem\",\"position\":3,\"name\":\"Azalea\"}]},{\"@type\":\"WebSite\",\"@id\":\"https:\\\/\\\/estorio.com\\\/#website\",\"url\":\"https:\\\/\\\/estorio.com\\\/\",\"name\":\"Estorio\",\"description\":\"Home of designer brands\",\"publisher\":{\"@id\":\"https:\\\/\\\/estorio.com\\\/#organization\"},\"potentialAction\":[{\"@type\":\"SearchAction\",\"target\":{\"@type\":\"EntryPoint\",\"urlTemplate\":\"https:\\\/\\\/estorio.com\\\/?s={search_term_string}\"},\"query-input\":{\"@type\":\"PropertyValueSpecification\",\"valueRequired\":true,\"valueName\":\"search_term_string\"}}],\"inLanguage\":\"hu\"},{\"@type\":\"Organization\",\"@id\":\"https:\\\/\\\/estorio.com\\\/#organization\",\"name\":\"estorio\",\"url\":\"https:\\\/\\\/estorio.com\\\/\",\"logo\":{\"@type\":\"ImageObject\",\"inLanguage\":\"hu\",\"@id\":\"https:\\\/\\\/estorio.com\\\/#\\\/schema\\\/logo\\\/image\\\/\",\"url\":\"https:\\\/\\\/estorio.com\\\/wp-content\\\/uploads\\\/2022\\\/01\\\/20220216_estoriologo_1-02.png\",\"contentUrl\":\"https:\\\/\\\/estorio.com\\\/wp-content\\\/uploads\\\/2022\\\/01\\\/20220216_estoriologo_1-02.png\",\"width\":10915,\"height\":2860,\"caption\":\"estorio\"},\"image\":{\"@id\":\"https:\\\/\\\/estorio.com\\\/#\\\/schema\\\/logo\\\/image\\\/\"},\"sameAs\":[\"https:\\\/\\\/www.facebook.com\\\/estorio.home\",\"https:\\\/\\\/www.instagram.com\\\/estorio.home\\\/\",\"https:\\\/\\\/www.linkedin.com\\\/company\\\/estorio-home-of-designer-brands\\\/\"]}]}<\/script>\n<!-- \/ Yoast SEO plugin. -->","yoast_head_json":{"title":"Azalea - Estorio","description":"Az Azalea design parketta a Foglie D'Oro parketta term\u00e9kei k\u00f6z\u00e9 tartozik, ami Magyarorsz\u00e1gon az Estorio showroom k\u00edn\u00e1lat\u00e1ban tal\u00e1lhat\u00f3 meg.","robots":{"index":"index","follow":"follow","max-snippet":"max-snippet:-1","max-image-preview":"max-image-preview:large","max-video-preview":"max-video-preview:-1"},"canonical":"https:\/\/estorio.com\/hu\/termek\/azalea-parketta\/","og_locale":"hu_HU","og_type":"article","og_title":"Azalea - Estorio","og_description":"Az Azalea design parketta a Foglie D'Oro parketta term\u00e9kei k\u00f6z\u00e9 tartozik, ami Magyarorsz\u00e1gon az Estorio showroom k\u00edn\u00e1lat\u00e1ban tal\u00e1lhat\u00f3 meg.","og_url":"https:\/\/estorio.com\/hu\/termek\/azalea-parketta\/","og_site_name":"Estorio","article_publisher":"https:\/\/www.facebook.com\/estorio.home","article_modified_time":"2024-02-27T13:13:02+00:00","og_image":[{"width":600,"height":600,"url":"https:\/\/estorio.com\/wp-content\/uploads\/2023\/03\/finiture-modulo-design-azalea-ca-bollani.jpg","type":"image\/jpeg"}],"twitter_card":"summary_large_image","schema":{"@context":"https:\/\/schema.org","@graph":[{"@type":"WebPage","@id":"https:\/\/estorio.com\/termek\/azalea-parketta\/","url":"https:\/\/estorio.com\/termek\/azalea-parketta\/","name":"Azalea - Estorio","isPartOf":{"@id":"https:\/\/estorio.com\/#website"},"primaryImageOfPage":{"@id":"https:\/\/estorio.com\/termek\/azalea-parketta\/#primaryimage"},"image":{"@id":"https:\/\/estorio.com\/termek\/azalea-parketta\/#primaryimage"},"thumbnailUrl":"https:\/\/estorio.com\/wp-content\/uploads\/2023\/03\/finiture-modulo-design-azalea-ca-bollani.jpg","datePublished":"2023-03-22T09:48:53+00:00","dateModified":"2024-02-27T13:13:02+00:00","description":"Az Azalea design parketta a Foglie D'Oro parketta term\u00e9kei k\u00f6z\u00e9 tartozik, ami Magyarorsz\u00e1gon az Estorio showroom k\u00edn\u00e1lat\u00e1ban tal\u00e1lhat\u00f3 meg.","breadcrumb":{"@id":"https:\/\/estorio.com\/termek\/azalea-parketta\/#breadcrumb"},"inLanguage":"hu","potentialAction":[{"@type":"ReadAction","target":["https:\/\/estorio.com\/termek\/azalea-parketta\/"]}]},{"@type":"ImageObject","inLanguage":"hu","@id":"https:\/\/estorio.com\/termek\/azalea-parketta\/#primaryimage","url":"https:\/\/estorio.com\/wp-content\/uploads\/2023\/03\/finiture-modulo-design-azalea-ca-bollani.jpg","contentUrl":"https:\/\/estorio.com\/wp-content\/uploads\/2023\/03\/finiture-modulo-design-azalea-ca-bollani.jpg","width":600,"height":600,"caption":"A Foglie D\u2019Oro parketta Magyarorsz\u00e1gon az Estorio showroom k\u00edn\u00e1lat\u00e1ban tal\u00e1lhat\u00f3 meg"},{"@type":"BreadcrumbList","@id":"https:\/\/estorio.com\/termek\/azalea-parketta\/#breadcrumb","itemListElement":[{"@type":"ListItem","position":1,"name":"Kezd\u0151lap","item":"https:\/\/estorio.com\/"},{"@type":"ListItem","position":2,"name":"\u00dczlet","item":"https:\/\/estorio.com\/uzlet\/"},{"@type":"ListItem","position":3,"name":"Azalea"}]},{"@type":"WebSite","@id":"https:\/\/estorio.com\/#website","url":"https:\/\/estorio.com\/","name":"R\u00f3lunk","description":"Home of designer brands","publisher":{"@id":"https:\/\/estorio.com\/#organization"},"potentialAction":[{"@type":"SearchAction","target":{"@type":"EntryPoint","urlTemplate":"https:\/\/estorio.com\/?s={search_term_string}"},"query-input":{"@type":"PropertyValueSpecification","valueRequired":true,"valueName":"search_term_string"}}],"inLanguage":"hu"},{"@type":"Organization","@id":"https:\/\/estorio.com\/#organization","name":"estorio","url":"https:\/\/estorio.com\/","logo":{"@type":"ImageObject","inLanguage":"hu","@id":"https:\/\/estorio.com\/#\/schema\/logo\/image\/","url":"https:\/\/estorio.com\/wp-content\/uploads\/2022\/01\/20220216_estoriologo_1-02.png","contentUrl":"https:\/\/estorio.com\/wp-content\/uploads\/2022\/01\/20220216_estoriologo_1-02.png","width":10915,"height":2860,"caption":"estorio"},"image":{"@id":"https:\/\/estorio.com\/#\/schema\/logo\/image\/"},"sameAs":["https:\/\/www.facebook.com\/estorio.home","https:\/\/www.instagram.com\/estorio.home\/","https:\/\/www.linkedin.com\/company\/estorio-home-of-designer-brands\/"]}]}},"_links":{"self":[{"href":"https:\/\/estorio.com\/hu\/wp-json\/wp\/v2\/product\/7972","targetHints":{"allow":["GET"]}}],"collection":[{"href":"https:\/\/estorio.com\/hu\/wp-json\/wp\/v2\/product"}],"about":[{"href":"https:\/\/estorio.com\/hu\/wp-json\/wp\/v2\/types\/product"}],"replies":[{"embeddable":true,"href":"https:\/\/estorio.com\/hu\/wp-json\/wp\/v2\/comments?post=7972"}],"wp:featuredmedia":[{"embeddable":true,"href":"https:\/\/estorio.com\/hu\/wp-json\/wp\/v2\/media\/7974"}],"wp:attachment":[{"href":"https:\/\/estorio.com\/hu\/wp-json\/wp\/v2\/media?parent=7972"}],"wp:term":[{"taxonomy":"product_brand","embeddable":true,"href":"https:\/\/estorio.com\/hu\/wp-json\/wp\/v2\/product_brand?post=7972"},{"taxonomy":"product_cat","embeddable":true,"href":"https:\/\/estorio.com\/hu\/wp-json\/wp\/v2\/product_cat?post=7972"},{"taxonomy":"product_tag","embeddable":true,"href":"https:\/\/estorio.com\/hu\/wp-json\/wp\/v2\/product_tag?post=7972"}],"curies":[{"name":"wp","href":"https:\/\/api.w.org\/{rel}","templated":true}]}}