{"id":5264,"date":"2022-03-26T16:05:47","date_gmt":"2022-03-26T15:05:47","guid":{"rendered":"https:\/\/estorio.com\/?page_id=5264"},"modified":"2024-03-12T11:15:19","modified_gmt":"2024-03-12T10:15:19","slug":"flos","status":"publish","type":"page","link":"https:\/\/estorio.com\/hu\/flos\/","title":{"rendered":"FLOS"},"content":{"rendered":"<div data-elementor-type=\"wp-page\" data-elementor-id=\"5264\" class=\"elementor elementor-5264\" data-elementor-post-type=\"page\">\n\t\t\t\t\t\t<section class=\"elementor-section elementor-top-section elementor-element elementor-element-606beccb elementor-section-boxed elementor-section-height-default elementor-section-height-default\" data-id=\"606beccb\" data-element_type=\"section\" data-e-type=\"section\">\n\t\t\t\t\t\t<div class=\"elementor-container elementor-column-gap-default\">\n\t\t\t\t\t<div class=\"elementor-column elementor-col-50 elementor-top-column elementor-element elementor-element-1e4964c3\" data-id=\"1e4964c3\" data-element_type=\"column\" data-e-type=\"column\">\n\t\t\t<div class=\"elementor-widget-wrap elementor-element-populated\">\n\t\t\t\t\t\t<div class=\"elementor-element elementor-element-6a66216d elementor--h-position-center elementor--v-position-middle elementor-arrows-position-inside elementor-pagination-position-inside elementor-widget elementor-widget-slides\" data-id=\"6a66216d\" data-element_type=\"widget\" data-e-type=\"widget\" data-settings=\"{&quot;navigation&quot;:&quot;both&quot;,&quot;autoplay&quot;:&quot;yes&quot;,&quot;pause_on_hover&quot;:&quot;yes&quot;,&quot;pause_on_interaction&quot;:&quot;yes&quot;,&quot;autoplay_speed&quot;:5000,&quot;infinite&quot;:&quot;yes&quot;,&quot;transition&quot;:&quot;slide&quot;,&quot;transition_speed&quot;:500}\" data-widget_type=\"slides.default\">\n\t\t\t\t<div class=\"elementor-widget-container\">\n\t\t\t\t\t\t\t\t\t<div class=\"elementor-swiper\">\n\t\t\t\t\t<div class=\"elementor-slides-wrapper elementor-main-swiper swiper\" role=\"region\" aria-roledescription=\"carousel\" aria-label=\"Di\u00e1k\" dir=\"ltr\" data-animation=\"fadeInUp\">\n\t\t\t\t<div class=\"swiper-wrapper elementor-slides\">\n\t\t\t\t\t\t\t\t\t\t<div class=\"elementor-repeater-item-6a723bd swiper-slide\" role=\"group\" aria-roledescription=\"slide\"><div class=\"swiper-slide-bg\" role=\"img\" aria-label=\"20220302_flos\"><\/div><div class=\"swiper-slide-inner\" ><div class=\"swiper-slide-contents\"><\/div><\/div><\/div>\t\t\t\t<\/div>\n\t\t\t\t\t\t\t<\/div>\n\t\t\t\t<\/div>\n\t\t\t\t\t\t\t\t<\/div>\n\t\t\t\t<\/div>\n\t\t\t\t\t<\/div>\n\t\t<\/div>\n\t\t\t\t<div class=\"elementor-column elementor-col-50 elementor-top-column elementor-element elementor-element-47186c0e\" data-id=\"47186c0e\" data-element_type=\"column\" data-e-type=\"column\">\n\t\t\t<div class=\"elementor-widget-wrap elementor-element-populated\">\n\t\t\t\t\t\t<div class=\"elementor-element elementor-element-62b3bf49 elementor-widget elementor-widget-heading\" data-id=\"62b3bf49\" data-element_type=\"widget\" data-e-type=\"widget\" data-widget_type=\"heading.default\">\n\t\t\t\t<div class=\"elementor-widget-container\">\n\t\t\t\t\t<h2 class=\"elementor-heading-title elementor-size-default\">FLOS<\/h2>\t\t\t\t<\/div>\n\t\t\t\t<\/div>\n\t\t\t\t<div class=\"elementor-element elementor-element-623c9e12 elementor-widget elementor-widget-text-editor\" data-id=\"623c9e12\" data-element_type=\"widget\" data-e-type=\"widget\" data-widget_type=\"text-editor.default\">\n\t\t\t\t<div class=\"elementor-widget-container\">\n\t\t\t\t\t\t\t\t\t<p>Az 1962-ben Meran\u00f3ban alap\u00edtott FLOS-t a cs\u00facsmin\u0151s\u00e9g\u0171 designer vil\u00e1g\u00edt\u00e1s \u00e9s innovat\u00edv vil\u00e1g\u00edt\u00e1si rendszerek vezet\u0151 nemzetk\u00f6zi szint\u0171 gy\u00e1rt\u00f3jak\u00e9nt ismerik mind a lakoss\u00e1gi, mind a szakmai szf\u00e9r\u00e1ban. A FLOS egy olyan term\u00e9kpalett\u00e1val b\u00fcszk\u00e9lkedhet, amely telis-tele van a design t\u00f6rt\u00e9net\u00e9nek legend\u00e1s tervez\u0151i \u00e1ltal k\u00e9sz\u00edtett ikonikus l\u00e1mp\u00e1kkal.<\/p><p>Az elm\u00falt t\u00f6bb mint 50 \u00e9v sor\u00e1n a FLOS rendk\u00edv\u00fcl sokat fejl\u0151d\u00f6tt, rengeteg \u00faj kreat\u00edv tehets\u00e9get fedezett fel mik\u00f6zben folyamatosan elk\u00f6telezte mag\u00e1t a vil\u00e1g\u00edt\u00e1stechnikai kutat\u00e1s \u00e9s innov\u00e1ci\u00f3 mellett. M\u00e1ra a FLOS a teljes m\u00e9rt\u00e9kben integr\u00e1lt megold\u00e1sok univerzum\u00e1t k\u00edn\u00e1lja. A vil\u00e1g t\u00f6bb mint 80 orsz\u00e1g\u00e1ba export\u00e1l, R\u00f3m\u00e1ban, Mil\u00e1n\u00f3ban, P\u00e1rizsban, Lyonban, New Yorkban \u00e9s Stockholmban pedig saj\u00e1t m\u00e1rka\u00fczlettel rendelkezik.<\/p><p>Munk\u00e1ik sz\u00e1mtalan nemzetk\u00f6zi d\u00edjat nyertek, \u00e9s t\u00f6bb alkot\u00e1suk a vil\u00e1g nagy m\u0171v\u00e9szeti \u00e9s design m\u00fazeum\u00e1nak \u00e1lland\u00f3 gy\u0171jtem\u00e9ny\u00e9ben is megtal\u00e1lhat\u00f3.<\/p>\t\t\t\t\t\t\t\t<\/div>\n\t\t\t\t<\/div>\n\t\t\t\t\t<\/div>\n\t\t<\/div>\n\t\t\t\t\t<\/div>\n\t\t<\/section>\n\t\t\t\t<\/div>","protected":false},"excerpt":{"rendered":"<p>FLOS Founded in Merano in 1962, FLOS is recognized as a leading international-level manufacturer of top-end designer lighting and innovative lighting systems for both residential and professional sectors. FLOS boasts a catalogue packed with iconic lamps created by legendary names in the history of design. In over fifty years of business, FLOS has grown significantly, [&hellip;]<\/p>\n","protected":false},"author":1,"featured_media":5265,"parent":0,"menu_order":0,"comment_status":"closed","ping_status":"closed","template":"elementor_header_footer","meta":{"footnotes":""},"class_list":["post-5264","page","type-page","status-publish","has-post-thumbnail","hentry"],"yoast_head":"<!-- This site is optimized with the Yoast SEO plugin v27.4 - https:\/\/yoast.com\/product\/yoast-seo-wordpress\/ -->\n<title>FLOS<\/title>\n<meta name=\"description\" content=\"FLOS Founded in Merano in 1962, FLOS is recognized as a leading international-level manufacturer of top-end designer lighting and innovative lighting\" \/>\n<meta name=\"robots\" content=\"index, follow, max-snippet:-1, max-image-preview:large, max-video-preview:-1\" \/>\n<link rel=\"canonical\" href=\"https:\/\/estorio.com\/hu\/flos\/\" \/>\n<meta property=\"og:locale\" content=\"hu_HU\" \/>\n<meta property=\"og:type\" content=\"article\" \/>\n<meta property=\"og:title\" content=\"FLOS\" \/>\n<meta property=\"og:description\" content=\"FLOS Founded in Merano in 1962, FLOS is recognized as a leading international-level manufacturer of top-end designer lighting and innovative lighting\" \/>\n<meta property=\"og:url\" content=\"https:\/\/estorio.com\/hu\/flos\/\" \/>\n<meta property=\"og:site_name\" content=\"Estorio\" \/>\n<meta property=\"article:publisher\" content=\"https:\/\/www.facebook.com\/estorio.home\" \/>\n<meta property=\"article:modified_time\" content=\"2024-03-12T10:15:19+00:00\" \/>\n<meta property=\"og:image\" content=\"https:\/\/estorio.com\/wp-content\/uploads\/2022\/03\/20220302_flos-scaled.jpg\" \/>\n\t<meta property=\"og:image:width\" content=\"2560\" \/>\n\t<meta property=\"og:image:height\" content=\"1810\" \/>\n\t<meta property=\"og:image:type\" content=\"image\/jpeg\" \/>\n<meta name=\"twitter:card\" content=\"summary_large_image\" \/>\n<meta name=\"twitter:label1\" content=\"Becs\u00fclt olvas\u00e1si id\u0151\" \/>\n\t<meta name=\"twitter:data1\" content=\"2 perc\" \/>\n<script type=\"application\/ld+json\" class=\"yoast-schema-graph\">{\"@context\":\"https:\\\/\\\/schema.org\",\"@graph\":[{\"@type\":\"WebPage\",\"@id\":\"https:\\\/\\\/estorio.com\\\/flos\\\/\",\"url\":\"https:\\\/\\\/estorio.com\\\/flos\\\/\",\"name\":\"FLOS\",\"isPartOf\":{\"@id\":\"https:\\\/\\\/estorio.com\\\/#website\"},\"primaryImageOfPage\":{\"@id\":\"https:\\\/\\\/estorio.com\\\/flos\\\/#primaryimage\"},\"image\":{\"@id\":\"https:\\\/\\\/estorio.com\\\/flos\\\/#primaryimage\"},\"thumbnailUrl\":\"https:\\\/\\\/estorio.com\\\/wp-content\\\/uploads\\\/2022\\\/03\\\/20220302_flos-scaled.jpg\",\"datePublished\":\"2022-03-26T15:05:47+00:00\",\"dateModified\":\"2024-03-12T10:15:19+00:00\",\"description\":\"FLOS Founded in Merano in 1962, FLOS is recognized as a leading international-level manufacturer of top-end designer lighting and innovative lighting\",\"breadcrumb\":{\"@id\":\"https:\\\/\\\/estorio.com\\\/flos\\\/#breadcrumb\"},\"inLanguage\":\"hu\",\"potentialAction\":[{\"@type\":\"ReadAction\",\"target\":[\"https:\\\/\\\/estorio.com\\\/flos\\\/\"]}]},{\"@type\":\"ImageObject\",\"inLanguage\":\"hu\",\"@id\":\"https:\\\/\\\/estorio.com\\\/flos\\\/#primaryimage\",\"url\":\"https:\\\/\\\/estorio.com\\\/wp-content\\\/uploads\\\/2022\\\/03\\\/20220302_flos-scaled.jpg\",\"contentUrl\":\"https:\\\/\\\/estorio.com\\\/wp-content\\\/uploads\\\/2022\\\/03\\\/20220302_flos-scaled.jpg\",\"width\":2560,\"height\":1810},{\"@type\":\"BreadcrumbList\",\"@id\":\"https:\\\/\\\/estorio.com\\\/flos\\\/#breadcrumb\",\"itemListElement\":[{\"@type\":\"ListItem\",\"position\":1,\"name\":\"Kezd\u0151lap\",\"item\":\"https:\\\/\\\/estorio.com\\\/\"},{\"@type\":\"ListItem\",\"position\":2,\"name\":\"FLOS\"}]},{\"@type\":\"WebSite\",\"@id\":\"https:\\\/\\\/estorio.com\\\/#website\",\"url\":\"https:\\\/\\\/estorio.com\\\/\",\"name\":\"Estorio\",\"description\":\"Home of designer brands\",\"publisher\":{\"@id\":\"https:\\\/\\\/estorio.com\\\/#organization\"},\"potentialAction\":[{\"@type\":\"SearchAction\",\"target\":{\"@type\":\"EntryPoint\",\"urlTemplate\":\"https:\\\/\\\/estorio.com\\\/?s={search_term_string}\"},\"query-input\":{\"@type\":\"PropertyValueSpecification\",\"valueRequired\":true,\"valueName\":\"search_term_string\"}}],\"inLanguage\":\"hu\"},{\"@type\":\"Organization\",\"@id\":\"https:\\\/\\\/estorio.com\\\/#organization\",\"name\":\"estorio\",\"url\":\"https:\\\/\\\/estorio.com\\\/\",\"logo\":{\"@type\":\"ImageObject\",\"inLanguage\":\"hu\",\"@id\":\"https:\\\/\\\/estorio.com\\\/#\\\/schema\\\/logo\\\/image\\\/\",\"url\":\"https:\\\/\\\/estorio.com\\\/wp-content\\\/uploads\\\/2022\\\/01\\\/20220216_estoriologo_1-02.png\",\"contentUrl\":\"https:\\\/\\\/estorio.com\\\/wp-content\\\/uploads\\\/2022\\\/01\\\/20220216_estoriologo_1-02.png\",\"width\":10915,\"height\":2860,\"caption\":\"estorio\"},\"image\":{\"@id\":\"https:\\\/\\\/estorio.com\\\/#\\\/schema\\\/logo\\\/image\\\/\"},\"sameAs\":[\"https:\\\/\\\/www.facebook.com\\\/estorio.home\",\"https:\\\/\\\/www.instagram.com\\\/estorio.home\\\/\",\"https:\\\/\\\/www.linkedin.com\\\/company\\\/estorio-home-of-designer-brands\\\/\"]}]}<\/script>\n<!-- \/ Yoast SEO plugin. -->","yoast_head_json":{"title":"FLOS","description":"FLOS Founded in Merano in 1962, FLOS is recognized as a leading international-level manufacturer of top-end designer lighting and innovative lighting","robots":{"index":"index","follow":"follow","max-snippet":"max-snippet:-1","max-image-preview":"max-image-preview:large","max-video-preview":"max-video-preview:-1"},"canonical":"https:\/\/estorio.com\/hu\/flos\/","og_locale":"hu_HU","og_type":"article","og_title":"FLOS","og_description":"FLOS Founded in Merano in 1962, FLOS is recognized as a leading international-level manufacturer of top-end designer lighting and innovative lighting","og_url":"https:\/\/estorio.com\/hu\/flos\/","og_site_name":"Estorio","article_publisher":"https:\/\/www.facebook.com\/estorio.home","article_modified_time":"2024-03-12T10:15:19+00:00","og_image":[{"width":2560,"height":1810,"url":"https:\/\/estorio.com\/wp-content\/uploads\/2022\/03\/20220302_flos-scaled.jpg","type":"image\/jpeg"}],"twitter_card":"summary_large_image","twitter_misc":{"Becs\u00fclt olvas\u00e1si id\u0151":"2 perc"},"schema":{"@context":"https:\/\/schema.org","@graph":[{"@type":"WebPage","@id":"https:\/\/estorio.com\/flos\/","url":"https:\/\/estorio.com\/flos\/","name":"FLOS","isPartOf":{"@id":"https:\/\/estorio.com\/#website"},"primaryImageOfPage":{"@id":"https:\/\/estorio.com\/flos\/#primaryimage"},"image":{"@id":"https:\/\/estorio.com\/flos\/#primaryimage"},"thumbnailUrl":"https:\/\/estorio.com\/wp-content\/uploads\/2022\/03\/20220302_flos-scaled.jpg","datePublished":"2022-03-26T15:05:47+00:00","dateModified":"2024-03-12T10:15:19+00:00","description":"FLOS Founded in Merano in 1962, FLOS is recognized as a leading international-level manufacturer of top-end designer lighting and innovative lighting","breadcrumb":{"@id":"https:\/\/estorio.com\/flos\/#breadcrumb"},"inLanguage":"hu","potentialAction":[{"@type":"ReadAction","target":["https:\/\/estorio.com\/flos\/"]}]},{"@type":"ImageObject","inLanguage":"hu","@id":"https:\/\/estorio.com\/flos\/#primaryimage","url":"https:\/\/estorio.com\/wp-content\/uploads\/2022\/03\/20220302_flos-scaled.jpg","contentUrl":"https:\/\/estorio.com\/wp-content\/uploads\/2022\/03\/20220302_flos-scaled.jpg","width":2560,"height":1810},{"@type":"BreadcrumbList","@id":"https:\/\/estorio.com\/flos\/#breadcrumb","itemListElement":[{"@type":"ListItem","position":1,"name":"Kezd\u0151lap","item":"https:\/\/estorio.com\/"},{"@type":"ListItem","position":2,"name":"FLOS"}]},{"@type":"WebSite","@id":"https:\/\/estorio.com\/#website","url":"https:\/\/estorio.com\/","name":"R\u00f3lunk","description":"Home of designer brands","publisher":{"@id":"https:\/\/estorio.com\/#organization"},"potentialAction":[{"@type":"SearchAction","target":{"@type":"EntryPoint","urlTemplate":"https:\/\/estorio.com\/?s={search_term_string}"},"query-input":{"@type":"PropertyValueSpecification","valueRequired":true,"valueName":"search_term_string"}}],"inLanguage":"hu"},{"@type":"Organization","@id":"https:\/\/estorio.com\/#organization","name":"estorio","url":"https:\/\/estorio.com\/","logo":{"@type":"ImageObject","inLanguage":"hu","@id":"https:\/\/estorio.com\/#\/schema\/logo\/image\/","url":"https:\/\/estorio.com\/wp-content\/uploads\/2022\/01\/20220216_estoriologo_1-02.png","contentUrl":"https:\/\/estorio.com\/wp-content\/uploads\/2022\/01\/20220216_estoriologo_1-02.png","width":10915,"height":2860,"caption":"estorio"},"image":{"@id":"https:\/\/estorio.com\/#\/schema\/logo\/image\/"},"sameAs":["https:\/\/www.facebook.com\/estorio.home","https:\/\/www.instagram.com\/estorio.home\/","https:\/\/www.linkedin.com\/company\/estorio-home-of-designer-brands\/"]}]}},"_links":{"self":[{"href":"https:\/\/estorio.com\/hu\/wp-json\/wp\/v2\/pages\/5264","targetHints":{"allow":["GET"]}}],"collection":[{"href":"https:\/\/estorio.com\/hu\/wp-json\/wp\/v2\/pages"}],"about":[{"href":"https:\/\/estorio.com\/hu\/wp-json\/wp\/v2\/types\/page"}],"author":[{"embeddable":true,"href":"https:\/\/estorio.com\/hu\/wp-json\/wp\/v2\/users\/1"}],"replies":[{"embeddable":true,"href":"https:\/\/estorio.com\/hu\/wp-json\/wp\/v2\/comments?post=5264"}],"version-history":[{"count":20,"href":"https:\/\/estorio.com\/hu\/wp-json\/wp\/v2\/pages\/5264\/revisions"}],"predecessor-version":[{"id":13212,"href":"https:\/\/estorio.com\/hu\/wp-json\/wp\/v2\/pages\/5264\/revisions\/13212"}],"wp:featuredmedia":[{"embeddable":true,"href":"https:\/\/estorio.com\/hu\/wp-json\/wp\/v2\/media\/5265"}],"wp:attachment":[{"href":"https:\/\/estorio.com\/hu\/wp-json\/wp\/v2\/media?parent=5264"}],"curies":[{"name":"wp","href":"https:\/\/api.w.org\/{rel}","templated":true}]}}