{"id":5254,"date":"2022-03-26T16:01:48","date_gmt":"2022-03-26T15:01:48","guid":{"rendered":"https:\/\/estorio.com\/?page_id=5254"},"modified":"2024-03-12T10:24:54","modified_gmt":"2024-03-12T09:24:54","slug":"sigma-l2","status":"publish","type":"page","link":"https:\/\/estorio.com\/hu\/sigma-l2\/","title":{"rendered":"SIGMA L2"},"content":{"rendered":"<div data-elementor-type=\"wp-page\" data-elementor-id=\"5254\" class=\"elementor elementor-5254\" data-elementor-post-type=\"page\">\n\t\t\t\t\t\t<section class=\"elementor-section elementor-top-section elementor-element elementor-element-1d7bcee6 elementor-section-boxed elementor-section-height-default elementor-section-height-default\" data-id=\"1d7bcee6\" data-element_type=\"section\" data-e-type=\"section\">\n\t\t\t\t\t\t<div class=\"elementor-container elementor-column-gap-default\">\n\t\t\t\t\t<div class=\"elementor-column elementor-col-50 elementor-top-column elementor-element elementor-element-4958d61f\" data-id=\"4958d61f\" data-element_type=\"column\" data-e-type=\"column\">\n\t\t\t<div class=\"elementor-widget-wrap elementor-element-populated\">\n\t\t\t\t\t\t<div class=\"elementor-element elementor-element-5cf91d19 elementor--h-position-center elementor--v-position-middle elementor-arrows-position-inside elementor-pagination-position-inside elementor-widget elementor-widget-slides\" data-id=\"5cf91d19\" data-element_type=\"widget\" data-e-type=\"widget\" data-settings=\"{&quot;navigation&quot;:&quot;both&quot;,&quot;autoplay&quot;:&quot;yes&quot;,&quot;pause_on_hover&quot;:&quot;yes&quot;,&quot;pause_on_interaction&quot;:&quot;yes&quot;,&quot;autoplay_speed&quot;:5000,&quot;infinite&quot;:&quot;yes&quot;,&quot;transition&quot;:&quot;slide&quot;,&quot;transition_speed&quot;:500}\" data-widget_type=\"slides.default\">\n\t\t\t\t<div class=\"elementor-widget-container\">\n\t\t\t\t\t\t\t\t\t<div class=\"elementor-swiper\">\n\t\t\t\t\t<div class=\"elementor-slides-wrapper elementor-main-swiper swiper\" role=\"region\" aria-roledescription=\"carousel\" aria-label=\"Slides\" dir=\"ltr\" data-animation=\"fadeInUp\">\n\t\t\t\t<div class=\"swiper-wrapper elementor-slides\">\n\t\t\t\t\t\t\t\t\t\t<div class=\"elementor-repeater-item-6a723bd swiper-slide\" role=\"group\" aria-roledescription=\"slide\"><div class=\"swiper-slide-bg\" role=\"img\" aria-label=\"20220326_SigmaL2\"><\/div><div class=\"swiper-slide-inner\" ><div class=\"swiper-slide-contents\"><\/div><\/div><\/div>\t\t\t\t<\/div>\n\t\t\t\t\t\t\t<\/div>\n\t\t\t\t<\/div>\n\t\t\t\t\t\t\t\t<\/div>\n\t\t\t\t<\/div>\n\t\t\t\t\t<\/div>\n\t\t<\/div>\n\t\t\t\t<div class=\"elementor-column elementor-col-50 elementor-top-column elementor-element elementor-element-6f461688\" data-id=\"6f461688\" data-element_type=\"column\" data-e-type=\"column\">\n\t\t\t<div class=\"elementor-widget-wrap elementor-element-populated\">\n\t\t\t\t\t\t<div class=\"elementor-element elementor-element-6738e49e elementor-widget elementor-widget-heading\" data-id=\"6738e49e\" data-element_type=\"widget\" data-e-type=\"widget\" data-widget_type=\"heading.default\">\n\t\t\t\t<div class=\"elementor-widget-container\">\n\t\t\t\t\t<h2 class=\"elementor-heading-title elementor-size-default\">SIGMA L2<\/h2>\t\t\t\t<\/div>\n\t\t\t\t<\/div>\n\t\t\t\t<div class=\"elementor-element elementor-element-36f62b6 elementor-widget elementor-widget-text-editor\" data-id=\"36f62b6\" data-element_type=\"widget\" data-e-type=\"widget\" data-widget_type=\"text-editor.default\">\n\t\t\t\t<div class=\"elementor-widget-container\">\n\t\t\t\t\t\t\t\t\t<p>\"Engedd, hogy a sz\u00e9ps\u00e9g, amiben gy\u00f6ny\u00f6rk\u00f6dsz, az legyen, amit k\u00e9sz\u00edtesz\": ez a mozgat\u00f3rug\u00f3ja a Granchi csal\u00e1d \u00e9let\u00e9nek. T\u00f6bb mint 100 \u00e9ve folyik a m\u0171v\u00e9szet a csal\u00e1d ereiben; az alkot\u00e1s ir\u00e1nti szenved\u00e9ly, a spont\u00e1n \u00f6tletek, a sz\u00e9ps\u00e9g ir\u00e1nti szeretet azok az alapvet\u0151 fogalmak, amelyek \u00e9letet lehelnek az alkot\u00e1saikba.<\/p><p>Minden a 60-as \u00e9vekben kezd\u0151d\u00f6tt egy akkor m\u00e9g nagyon kicsi c\u00e9ggel. Paolo \u00e9s Gianna, f\u00e9rj \u00e9s feles\u00e9g, megalap\u00edtott\u00e1k a SIGMA L2-t, amely k\u00fcl\u00f6n\u00f6s gonddal \u00e9s k\u00e9zm\u0171ves technik\u00e1val k\u00e9sz\u00edtett ker\u00e1mia l\u00e1mp\u00e1kat, v\u00e1z\u00e1kat, \u00e9s m\u00e1s berendez\u00e9si t\u00e1rgyakat; term\u00e9keik nemcsak az olasz piacon kezdtek elterjedni, hanem k\u00fclf\u00f6ld\u00f6n is. Ennek k\u00f6sz\u00f6nhet\u0151, hogy m\u00e1ra a Made in Italy elismert nagyk\u00f6vetei, nagyban hozz\u00e1j\u00e1rulva Olaszorsz\u00e1g fejl\u0151d\u00e9s\u00e9hez.<\/p><p>Ma Simone \u00e9s Francesca Granchi a m\u00e1sodik gener\u00e1ci\u00f3 vezeti a c\u00e9get; innovat\u00edv elj\u00e1r\u00e1sokkal \u00e9s \u00faj kombin\u00e1ci\u00f3kkal k\u00eds\u00e9rleteznek, \u00edgy a v\u00e1llalat saj\u00e1t tervez\u00e9s\u0171 term\u00e9keket is gy\u00e1rt.<\/p>\t\t\t\t\t\t\t\t<\/div>\n\t\t\t\t<\/div>\n\t\t\t\t\t<\/div>\n\t\t<\/div>\n\t\t\t\t\t<\/div>\n\t\t<\/section>\n\t\t\t\t<\/div>","protected":false},"excerpt":{"rendered":"<p>SIGMA L2 &#8220;Let the beauty of what you love be what you make&#8221;: this vision is an integral part of the Granchi family DNA. For over 100 years an artistic DNA has been flowing in this family where the passion for creation, the unpredictability of the idea, the love for beauty are the fundamental concepts [&hellip;]<\/p>\n","protected":false},"author":1,"featured_media":5255,"parent":0,"menu_order":0,"comment_status":"closed","ping_status":"closed","template":"elementor_header_footer","meta":{"footnotes":""},"class_list":["post-5254","page","type-page","status-publish","has-post-thumbnail","hentry"],"yoast_head":"<!-- This site is optimized with the Yoast SEO plugin v27.4 - https:\/\/yoast.com\/product\/yoast-seo-wordpress\/ -->\n<title>SIGMA L2<\/title>\n<meta name=\"description\" content=\"SIGMA L2 &quot;Let the beauty of what you love be what you make&quot;: this vision is an integral part of the Granchi family DNA. For over 100 years an artistic DNA\" \/>\n<meta name=\"robots\" content=\"index, follow, max-snippet:-1, max-image-preview:large, max-video-preview:-1\" \/>\n<link rel=\"canonical\" href=\"https:\/\/estorio.com\/hu\/sigma-l2\/\" \/>\n<meta property=\"og:locale\" content=\"hu_HU\" \/>\n<meta property=\"og:type\" content=\"article\" \/>\n<meta property=\"og:title\" content=\"SIGMA L2\" \/>\n<meta property=\"og:description\" content=\"SIGMA L2 &quot;Let the beauty of what you love be what you make&quot;: this vision is an integral part of the Granchi family DNA. For over 100 years an artistic DNA\" \/>\n<meta property=\"og:url\" content=\"https:\/\/estorio.com\/hu\/sigma-l2\/\" \/>\n<meta property=\"og:site_name\" content=\"Estorio\" \/>\n<meta property=\"article:publisher\" content=\"https:\/\/www.facebook.com\/estorio.home\" \/>\n<meta property=\"article:modified_time\" content=\"2024-03-12T09:24:54+00:00\" \/>\n<meta property=\"og:image\" content=\"https:\/\/estorio.com\/wp-content\/uploads\/2022\/03\/20220326_SigmaL2-scaled-e1648306901220.jpg\" \/>\n\t<meta property=\"og:image:width\" content=\"1000\" \/>\n\t<meta property=\"og:image:height\" content=\"707\" \/>\n\t<meta property=\"og:image:type\" content=\"image\/jpeg\" \/>\n<meta name=\"twitter:card\" content=\"summary_large_image\" \/>\n<meta name=\"twitter:label1\" content=\"Becs\u00fclt olvas\u00e1si id\u0151\" \/>\n\t<meta name=\"twitter:data1\" content=\"2 perc\" \/>\n<script type=\"application\/ld+json\" class=\"yoast-schema-graph\">{\"@context\":\"https:\\\/\\\/schema.org\",\"@graph\":[{\"@type\":\"WebPage\",\"@id\":\"https:\\\/\\\/estorio.com\\\/sigma-l2\\\/\",\"url\":\"https:\\\/\\\/estorio.com\\\/sigma-l2\\\/\",\"name\":\"SIGMA L2\",\"isPartOf\":{\"@id\":\"https:\\\/\\\/estorio.com\\\/#website\"},\"primaryImageOfPage\":{\"@id\":\"https:\\\/\\\/estorio.com\\\/sigma-l2\\\/#primaryimage\"},\"image\":{\"@id\":\"https:\\\/\\\/estorio.com\\\/sigma-l2\\\/#primaryimage\"},\"thumbnailUrl\":\"https:\\\/\\\/estorio.com\\\/wp-content\\\/uploads\\\/2022\\\/03\\\/20220326_SigmaL2-scaled-e1648306901220.jpg\",\"datePublished\":\"2022-03-26T15:01:48+00:00\",\"dateModified\":\"2024-03-12T09:24:54+00:00\",\"description\":\"SIGMA L2 \\\"Let the beauty of what you love be what you make\\\": this vision is an integral part of the Granchi family DNA. For over 100 years an artistic DNA\",\"breadcrumb\":{\"@id\":\"https:\\\/\\\/estorio.com\\\/sigma-l2\\\/#breadcrumb\"},\"inLanguage\":\"hu\",\"potentialAction\":[{\"@type\":\"ReadAction\",\"target\":[\"https:\\\/\\\/estorio.com\\\/sigma-l2\\\/\"]}]},{\"@type\":\"ImageObject\",\"inLanguage\":\"hu\",\"@id\":\"https:\\\/\\\/estorio.com\\\/sigma-l2\\\/#primaryimage\",\"url\":\"https:\\\/\\\/estorio.com\\\/wp-content\\\/uploads\\\/2022\\\/03\\\/20220326_SigmaL2-scaled-e1648306901220.jpg\",\"contentUrl\":\"https:\\\/\\\/estorio.com\\\/wp-content\\\/uploads\\\/2022\\\/03\\\/20220326_SigmaL2-scaled-e1648306901220.jpg\",\"width\":1000,\"height\":707},{\"@type\":\"BreadcrumbList\",\"@id\":\"https:\\\/\\\/estorio.com\\\/sigma-l2\\\/#breadcrumb\",\"itemListElement\":[{\"@type\":\"ListItem\",\"position\":1,\"name\":\"Kezd\u0151lap\",\"item\":\"https:\\\/\\\/estorio.com\\\/\"},{\"@type\":\"ListItem\",\"position\":2,\"name\":\"SIGMA L2\"}]},{\"@type\":\"WebSite\",\"@id\":\"https:\\\/\\\/estorio.com\\\/#website\",\"url\":\"https:\\\/\\\/estorio.com\\\/\",\"name\":\"Estorio\",\"description\":\"Home of designer brands\",\"publisher\":{\"@id\":\"https:\\\/\\\/estorio.com\\\/#organization\"},\"potentialAction\":[{\"@type\":\"SearchAction\",\"target\":{\"@type\":\"EntryPoint\",\"urlTemplate\":\"https:\\\/\\\/estorio.com\\\/?s={search_term_string}\"},\"query-input\":{\"@type\":\"PropertyValueSpecification\",\"valueRequired\":true,\"valueName\":\"search_term_string\"}}],\"inLanguage\":\"hu\"},{\"@type\":\"Organization\",\"@id\":\"https:\\\/\\\/estorio.com\\\/#organization\",\"name\":\"estorio\",\"url\":\"https:\\\/\\\/estorio.com\\\/\",\"logo\":{\"@type\":\"ImageObject\",\"inLanguage\":\"hu\",\"@id\":\"https:\\\/\\\/estorio.com\\\/#\\\/schema\\\/logo\\\/image\\\/\",\"url\":\"https:\\\/\\\/estorio.com\\\/wp-content\\\/uploads\\\/2022\\\/01\\\/20220216_estoriologo_1-02.png\",\"contentUrl\":\"https:\\\/\\\/estorio.com\\\/wp-content\\\/uploads\\\/2022\\\/01\\\/20220216_estoriologo_1-02.png\",\"width\":10915,\"height\":2860,\"caption\":\"estorio\"},\"image\":{\"@id\":\"https:\\\/\\\/estorio.com\\\/#\\\/schema\\\/logo\\\/image\\\/\"},\"sameAs\":[\"https:\\\/\\\/www.facebook.com\\\/estorio.home\",\"https:\\\/\\\/www.instagram.com\\\/estorio.home\\\/\",\"https:\\\/\\\/www.linkedin.com\\\/company\\\/estorio-home-of-designer-brands\\\/\"]}]}<\/script>\n<!-- \/ Yoast SEO plugin. -->","yoast_head_json":{"title":"SIGMA L2","description":"SIGMA L2 \"Let the beauty of what you love be what you make\": this vision is an integral part of the Granchi family DNA. For over 100 years an artistic DNA","robots":{"index":"index","follow":"follow","max-snippet":"max-snippet:-1","max-image-preview":"max-image-preview:large","max-video-preview":"max-video-preview:-1"},"canonical":"https:\/\/estorio.com\/hu\/sigma-l2\/","og_locale":"hu_HU","og_type":"article","og_title":"SIGMA L2","og_description":"SIGMA L2 \"Let the beauty of what you love be what you make\": this vision is an integral part of the Granchi family DNA. For over 100 years an artistic DNA","og_url":"https:\/\/estorio.com\/hu\/sigma-l2\/","og_site_name":"Estorio","article_publisher":"https:\/\/www.facebook.com\/estorio.home","article_modified_time":"2024-03-12T09:24:54+00:00","og_image":[{"width":1000,"height":707,"url":"https:\/\/estorio.com\/wp-content\/uploads\/2022\/03\/20220326_SigmaL2-scaled-e1648306901220.jpg","type":"image\/jpeg"}],"twitter_card":"summary_large_image","twitter_misc":{"Becs\u00fclt olvas\u00e1si id\u0151":"2 perc"},"schema":{"@context":"https:\/\/schema.org","@graph":[{"@type":"WebPage","@id":"https:\/\/estorio.com\/sigma-l2\/","url":"https:\/\/estorio.com\/sigma-l2\/","name":"SIGMA L2","isPartOf":{"@id":"https:\/\/estorio.com\/#website"},"primaryImageOfPage":{"@id":"https:\/\/estorio.com\/sigma-l2\/#primaryimage"},"image":{"@id":"https:\/\/estorio.com\/sigma-l2\/#primaryimage"},"thumbnailUrl":"https:\/\/estorio.com\/wp-content\/uploads\/2022\/03\/20220326_SigmaL2-scaled-e1648306901220.jpg","datePublished":"2022-03-26T15:01:48+00:00","dateModified":"2024-03-12T09:24:54+00:00","description":"SIGMA L2 \"Let the beauty of what you love be what you make\": this vision is an integral part of the Granchi family DNA. For over 100 years an artistic DNA","breadcrumb":{"@id":"https:\/\/estorio.com\/sigma-l2\/#breadcrumb"},"inLanguage":"hu","potentialAction":[{"@type":"ReadAction","target":["https:\/\/estorio.com\/sigma-l2\/"]}]},{"@type":"ImageObject","inLanguage":"hu","@id":"https:\/\/estorio.com\/sigma-l2\/#primaryimage","url":"https:\/\/estorio.com\/wp-content\/uploads\/2022\/03\/20220326_SigmaL2-scaled-e1648306901220.jpg","contentUrl":"https:\/\/estorio.com\/wp-content\/uploads\/2022\/03\/20220326_SigmaL2-scaled-e1648306901220.jpg","width":1000,"height":707},{"@type":"BreadcrumbList","@id":"https:\/\/estorio.com\/sigma-l2\/#breadcrumb","itemListElement":[{"@type":"ListItem","position":1,"name":"Kezd\u0151lap","item":"https:\/\/estorio.com\/"},{"@type":"ListItem","position":2,"name":"SIGMA L2"}]},{"@type":"WebSite","@id":"https:\/\/estorio.com\/#website","url":"https:\/\/estorio.com\/","name":"R\u00f3lunk","description":"Home of designer brands","publisher":{"@id":"https:\/\/estorio.com\/#organization"},"potentialAction":[{"@type":"SearchAction","target":{"@type":"EntryPoint","urlTemplate":"https:\/\/estorio.com\/?s={search_term_string}"},"query-input":{"@type":"PropertyValueSpecification","valueRequired":true,"valueName":"search_term_string"}}],"inLanguage":"hu"},{"@type":"Organization","@id":"https:\/\/estorio.com\/#organization","name":"estorio","url":"https:\/\/estorio.com\/","logo":{"@type":"ImageObject","inLanguage":"hu","@id":"https:\/\/estorio.com\/#\/schema\/logo\/image\/","url":"https:\/\/estorio.com\/wp-content\/uploads\/2022\/01\/20220216_estoriologo_1-02.png","contentUrl":"https:\/\/estorio.com\/wp-content\/uploads\/2022\/01\/20220216_estoriologo_1-02.png","width":10915,"height":2860,"caption":"estorio"},"image":{"@id":"https:\/\/estorio.com\/#\/schema\/logo\/image\/"},"sameAs":["https:\/\/www.facebook.com\/estorio.home","https:\/\/www.instagram.com\/estorio.home\/","https:\/\/www.linkedin.com\/company\/estorio-home-of-designer-brands\/"]}]}},"_links":{"self":[{"href":"https:\/\/estorio.com\/hu\/wp-json\/wp\/v2\/pages\/5254","targetHints":{"allow":["GET"]}}],"collection":[{"href":"https:\/\/estorio.com\/hu\/wp-json\/wp\/v2\/pages"}],"about":[{"href":"https:\/\/estorio.com\/hu\/wp-json\/wp\/v2\/types\/page"}],"author":[{"embeddable":true,"href":"https:\/\/estorio.com\/hu\/wp-json\/wp\/v2\/users\/1"}],"replies":[{"embeddable":true,"href":"https:\/\/estorio.com\/hu\/wp-json\/wp\/v2\/comments?post=5254"}],"version-history":[{"count":26,"href":"https:\/\/estorio.com\/hu\/wp-json\/wp\/v2\/pages\/5254\/revisions"}],"predecessor-version":[{"id":13064,"href":"https:\/\/estorio.com\/hu\/wp-json\/wp\/v2\/pages\/5254\/revisions\/13064"}],"wp:featuredmedia":[{"embeddable":true,"href":"https:\/\/estorio.com\/hu\/wp-json\/wp\/v2\/media\/5255"}],"wp:attachment":[{"href":"https:\/\/estorio.com\/hu\/wp-json\/wp\/v2\/media?parent=5254"}],"curies":[{"name":"wp","href":"https:\/\/api.w.org\/{rel}","templated":true}]}}