{"id":5233,"date":"2022-03-26T15:54:23","date_gmt":"2022-03-26T14:54:23","guid":{"rendered":"https:\/\/estorio.com\/?page_id=5233"},"modified":"2024-03-12T10:29:13","modified_gmt":"2024-03-12T09:29:13","slug":"olivelab","status":"publish","type":"page","link":"https:\/\/estorio.com\/hu\/olivelab\/","title":{"rendered":"OLIVELAB"},"content":{"rendered":"<div data-elementor-type=\"wp-page\" data-elementor-id=\"5233\" class=\"elementor elementor-5233\" data-elementor-post-type=\"page\">\n\t\t\t\t\t\t<section class=\"elementor-section elementor-top-section elementor-element elementor-element-1b43a7df elementor-section-boxed elementor-section-height-default elementor-section-height-default\" data-id=\"1b43a7df\" data-element_type=\"section\" data-e-type=\"section\">\n\t\t\t\t\t\t<div class=\"elementor-container elementor-column-gap-default\">\n\t\t\t\t\t<div class=\"elementor-column elementor-col-50 elementor-top-column elementor-element elementor-element-708886f\" data-id=\"708886f\" data-element_type=\"column\" data-e-type=\"column\">\n\t\t\t<div class=\"elementor-widget-wrap elementor-element-populated\">\n\t\t\t\t\t\t<div class=\"elementor-element elementor-element-61cc0bcf elementor--h-position-center elementor--v-position-middle elementor-arrows-position-inside elementor-pagination-position-inside elementor-widget elementor-widget-slides\" data-id=\"61cc0bcf\" data-element_type=\"widget\" data-e-type=\"widget\" data-settings=\"{&quot;navigation&quot;:&quot;both&quot;,&quot;autoplay&quot;:&quot;yes&quot;,&quot;pause_on_hover&quot;:&quot;yes&quot;,&quot;pause_on_interaction&quot;:&quot;yes&quot;,&quot;autoplay_speed&quot;:5000,&quot;infinite&quot;:&quot;yes&quot;,&quot;transition&quot;:&quot;slide&quot;,&quot;transition_speed&quot;:500}\" data-widget_type=\"slides.default\">\n\t\t\t\t<div class=\"elementor-widget-container\">\n\t\t\t\t\t\t\t\t\t<div class=\"elementor-swiper\">\n\t\t\t\t\t<div class=\"elementor-slides-wrapper elementor-main-swiper swiper\" role=\"region\" aria-roledescription=\"carousel\" aria-label=\"Di\u00e1k\" dir=\"ltr\" data-animation=\"fadeInUp\">\n\t\t\t\t<div class=\"swiper-wrapper elementor-slides\">\n\t\t\t\t\t\t\t\t\t\t<div class=\"elementor-repeater-item-6a723bd swiper-slide\" role=\"group\" aria-roledescription=\"slide\"><div class=\"swiper-slide-bg\" role=\"img\" aria-label=\"20220326_OliveLab2\"><\/div><div class=\"swiper-slide-inner\" ><div class=\"swiper-slide-contents\"><\/div><\/div><\/div>\t\t\t\t<\/div>\n\t\t\t\t\t\t\t<\/div>\n\t\t\t\t<\/div>\n\t\t\t\t\t\t\t\t<\/div>\n\t\t\t\t<\/div>\n\t\t\t\t\t<\/div>\n\t\t<\/div>\n\t\t\t\t<div class=\"elementor-column elementor-col-50 elementor-top-column elementor-element elementor-element-787e2468\" data-id=\"787e2468\" data-element_type=\"column\" data-e-type=\"column\">\n\t\t\t<div class=\"elementor-widget-wrap elementor-element-populated\">\n\t\t\t\t\t\t<div class=\"elementor-element elementor-element-fe8ed9c elementor-widget elementor-widget-heading\" data-id=\"fe8ed9c\" data-element_type=\"widget\" data-e-type=\"widget\" data-widget_type=\"heading.default\">\n\t\t\t\t<div class=\"elementor-widget-container\">\n\t\t\t\t\t<h2 class=\"elementor-heading-title elementor-size-default\">OLIVELAB<\/h2>\t\t\t\t<\/div>\n\t\t\t\t<\/div>\n\t\t\t\t<div class=\"elementor-element elementor-element-204b5635 elementor-widget elementor-widget-text-editor\" data-id=\"204b5635\" data-element_type=\"widget\" data-e-type=\"widget\" data-widget_type=\"text-editor.default\">\n\t\t\t\t<div class=\"elementor-widget-container\">\n\t\t\t\t\t\t\t\t\t<p>Az OliveLab egy 2017-ben alakult startup, sz\u00e9khelye Torin\u00f3ban, Olaszorsz\u00e1gban tal\u00e1lhat\u00f3. Egy csapat sr\u00e1c, akik \u00faj gener\u00e1ci\u00f3s vil\u00e1g\u00edt\u00e1stechnikai term\u00e9keket szeretn\u00e9nek gy\u00e1rtani. Az innov\u00e1ci\u00f3k, az anyagok \u00e9s az \u00faj technol\u00f3gi\u00e1k vonz\u00e1s\u00e1ban a f\u00e9nyt tekintik \u00e9let\u00fcnk egyik legfontosabb er\u0151forr\u00e1s\u00e1nak.<\/p><p>Az \u00faj projektek \u00e9s szerelv\u00e9nyek tervez\u00e9sekor a vil\u00e1g\u00edt\u00e1s k\u00f6lt\u0151i \u00e9s m\u0171k\u00f6d\u00e9si szempontjai egyar\u00e1nt inspir\u00e1lnak minket, de mindig a v\u00e9gfelhaszn\u00e1l\u00f3 val\u00f3di ig\u00e9nyeire \u00f6sszpontos\u00edtunk. Igyeksz\u00fcnk \u00f6tv\u00f6zni kreativit\u00e1sunkat \u00f6tleteinkkel \u00e9s tapasztalatunkkal, mik\u00f6zben minden term\u00e9k\u00fcnk eset\u00e9ben nagy figyelmet ford\u00edtunk a k\u00f6r\u00fclm\u00e9nyekre, a folyamatra, az anyagmin\u0151s\u00e9gre \u00e9s az apr\u00f3 r\u00e9szletekre.<\/p><p>A tervez\u00e9si folyamat form\u00e1k \u00e9s sz\u00ednek helyett, ink\u00e1bb a f\u00e9nyeken \u00e9s az \u00e9rzelmeken alapul. Az OliveLab abban hisz, hogy a vil\u00e1g\u00edt\u00e1stechnika nem csup\u00e1n egy t\u00e9r megvil\u00e1g\u00edt\u00e1s\u00e1r\u00f3l sz\u00f3l, hanem a lakberendez\u00e9s egy olyan m\u00f3dja, amellyel sz\u00e9ps\u00e9get teremthet\u00fcnk, \u00e1mulatba ejthetj\u00fck \u00e9s elvar\u00e1zsolhatjuk az embereket. Ez a h\u00e1rom alapelv meghat\u00e1roz\u00f3 abban, ahogyan a f\u00e9nyr\u0151l \u00e9s az azt form\u00e1l\u00f3 szerelv\u00e9nyekr\u0151l gondolkodnak.<\/p>\t\t\t\t\t\t\t\t<\/div>\n\t\t\t\t<\/div>\n\t\t\t\t\t<\/div>\n\t\t<\/div>\n\t\t\t\t\t<\/div>\n\t\t<\/section>\n\t\t\t\t<section class=\"elementor-section elementor-top-section elementor-element elementor-element-06e5727 elementor-section-boxed elementor-section-height-default elementor-section-height-default\" data-id=\"06e5727\" data-element_type=\"section\" data-e-type=\"section\">\n\t\t\t\t\t\t<div class=\"elementor-container elementor-column-gap-default\">\n\t\t\t\t\t<div class=\"elementor-column elementor-col-100 elementor-top-column elementor-element elementor-element-2d552b0\" data-id=\"2d552b0\" data-element_type=\"column\" data-e-type=\"column\">\n\t\t\t<div class=\"elementor-widget-wrap elementor-element-populated\">\n\t\t\t\t\t\t<div class=\"elementor-element elementor-element-47893de elementor-widget elementor-widget-heading\" data-id=\"47893de\" data-element_type=\"widget\" data-e-type=\"widget\" data-widget_type=\"heading.default\">\n\t\t\t\t<div class=\"elementor-widget-container\">\n\t\t\t\t\t<h2 class=\"elementor-heading-title elementor-size-default\">KEDVENC TERM\u00c9KEINK<\/h2>\t\t\t\t<\/div>\n\t\t\t\t<\/div>\n\t\t\t\t<div class=\"elementor-element elementor-element-cadd6fc elementor-grid-mobile-1 elementor-product-loop-item--align-center elementor-product-loop-item--align-center elementor-grid-4 elementor-grid-tablet-3 elementor-products-grid elementor-wc-products elementor-widget elementor-widget-woocommerce-products\" data-id=\"cadd6fc\" data-element_type=\"widget\" data-e-type=\"widget\" data-widget_type=\"woocommerce-products.default\">\n\t\t\t\t<div class=\"elementor-widget-container\">\n\t\t\t\t\t<div class=\"woocommerce columns-4\"><ul class=\"products elementor-grid columns-4\">\n<li class=\"product type-product post-7875 status-publish first instock product_cat-olivelab has-post-thumbnail shipping-taxable product-type-simple\">\n\t<a href=\"https:\/\/estorio.com\/hu\/termek\/d03-wall\/\" class=\"woocommerce-LoopProduct-link woocommerce-loop-product__link\"><img fetchpriority=\"high\" decoding=\"async\" width=\"300\" height=\"300\" src=\"https:\/\/estorio.com\/wp-content\/uploads\/2023\/01\/NIN_2742-scaled-pe7eq1xabn3xmfuhxslqhmcnjlmoxzgo93ic5fpqrk-300x300.jpg\" class=\"attachment-woocommerce_thumbnail size-woocommerce_thumbnail\" alt=\"D03 Wall\" srcset=\"https:\/\/estorio.com\/wp-content\/uploads\/2023\/01\/NIN_2742-scaled-pe7eq1xabn3xmfuhxslqhmcnjlmoxzgo93ic5fpqrk-300x300.jpg 300w, https:\/\/estorio.com\/wp-content\/uploads\/2023\/01\/NIN_2742-scaled-pe7eq1xabn3xmfuhxslqhmcnjlmoxzgo93ic5fpqrk-150x150.jpg 150w, https:\/\/estorio.com\/wp-content\/uploads\/2023\/01\/NIN_2742-scaled-pe7eq1xabn3xmfuhxslqhmcnjlmoxzgo93ic5fpqrk-100x100.jpg 100w\" sizes=\"(max-width: 300px) 100vw, 300px\" \/><h2 class=\"woocommerce-loop-product__title\">D03 Wall<\/h2>\n<\/a><a href=\"https:\/\/estorio.com\/hu\/termek\/d03-wall\/\" aria-describedby=\"woocommerce_loop_add_to_cart_link_describedby_7875\" data-quantity=\"1\" class=\"button product_type_simple\" data-product_id=\"7875\" data-product_sku=\"\" aria-label=\"\u201cD03 Wall\u201d term\u00e9kr\u0151l t\u00f6bb inform\u00e1ci\u00f3\" rel=\"nofollow\" data-success_message=\"\" data-no-translation=\"\" data-trp-gettext=\"\" data-no-translation-aria-label=\"\">Tov\u00e1bb<\/a>\t<span id=\"woocommerce_loop_add_to_cart_link_describedby_7875\" class=\"screen-reader-text\">\n\t\t\t<\/span>\n<\/li>\n<li class=\"product type-product post-7826 status-publish instock product_cat-olivelab has-post-thumbnail shipping-taxable product-type-simple\">\n\t<a href=\"https:\/\/estorio.com\/hu\/termek\/equilibrio\/\" class=\"woocommerce-LoopProduct-link woocommerce-loop-product__link\"><img decoding=\"async\" width=\"300\" height=\"300\" src=\"https:\/\/estorio.com\/wp-content\/uploads\/2023\/01\/EQFN_2-1-300x300.jpg\" class=\"attachment-woocommerce_thumbnail size-woocommerce_thumbnail\" alt=\"Equilibrio\" srcset=\"https:\/\/estorio.com\/wp-content\/uploads\/2023\/01\/EQFN_2-1-300x300.jpg 300w, https:\/\/estorio.com\/wp-content\/uploads\/2023\/01\/EQFN_2-1-1024x1024.jpg 1024w, https:\/\/estorio.com\/wp-content\/uploads\/2023\/01\/EQFN_2-1-150x150.jpg 150w, https:\/\/estorio.com\/wp-content\/uploads\/2023\/01\/EQFN_2-1-768x768.jpg 768w, https:\/\/estorio.com\/wp-content\/uploads\/2023\/01\/EQFN_2-1-12x12.jpg 12w, https:\/\/estorio.com\/wp-content\/uploads\/2023\/01\/EQFN_2-1-600x600.jpg 600w, https:\/\/estorio.com\/wp-content\/uploads\/2023\/01\/EQFN_2-1-100x100.jpg 100w, https:\/\/estorio.com\/wp-content\/uploads\/2023\/01\/EQFN_2-1.jpg 1500w\" sizes=\"(max-width: 300px) 100vw, 300px\" \/><h2 class=\"woocommerce-loop-product__title\">Equilibrio<\/h2>\n<\/a><a href=\"https:\/\/estorio.com\/hu\/termek\/equilibrio\/\" aria-describedby=\"woocommerce_loop_add_to_cart_link_describedby_7826\" data-quantity=\"1\" class=\"button product_type_simple\" data-product_id=\"7826\" data-product_sku=\"\" aria-label=\"\u201cEquilibrio\u201d term\u00e9kr\u0151l t\u00f6bb inform\u00e1ci\u00f3\" rel=\"nofollow\" data-success_message=\"\" data-no-translation=\"\" data-trp-gettext=\"\" data-no-translation-aria-label=\"\">Tov\u00e1bb<\/a>\t<span id=\"woocommerce_loop_add_to_cart_link_describedby_7826\" class=\"screen-reader-text\">\n\t\t\t<\/span>\n<\/li>\n<li class=\"product type-product post-7775 status-publish instock product_cat-olivelab has-post-thumbnail shipping-taxable product-type-simple\">\n\t<a href=\"https:\/\/estorio.com\/hu\/termek\/d01-wall\/\" class=\"woocommerce-LoopProduct-link woocommerce-loop-product__link\"><img decoding=\"async\" width=\"300\" height=\"300\" src=\"https:\/\/estorio.com\/wp-content\/uploads\/2023\/01\/D01W-Black-Side-300x300.jpg\" class=\"attachment-woocommerce_thumbnail size-woocommerce_thumbnail\" alt=\"D01 Wall\" srcset=\"https:\/\/estorio.com\/wp-content\/uploads\/2023\/01\/D01W-Black-Side-300x300.jpg 300w, https:\/\/estorio.com\/wp-content\/uploads\/2023\/01\/D01W-Black-Side-150x150.jpg 150w, https:\/\/estorio.com\/wp-content\/uploads\/2023\/01\/D01W-Black-Side-100x100.jpg 100w\" sizes=\"(max-width: 300px) 100vw, 300px\" \/><h2 class=\"woocommerce-loop-product__title\">D01 Wall<\/h2>\n<\/a><a href=\"https:\/\/estorio.com\/hu\/termek\/d01-wall\/\" aria-describedby=\"woocommerce_loop_add_to_cart_link_describedby_7775\" data-quantity=\"1\" class=\"button product_type_simple\" data-product_id=\"7775\" data-product_sku=\"\" aria-label=\"\u201cD01 Wall\u201d term\u00e9kr\u0151l t\u00f6bb inform\u00e1ci\u00f3\" rel=\"nofollow\" data-success_message=\"\" data-no-translation=\"\" data-trp-gettext=\"\" data-no-translation-aria-label=\"\">Tov\u00e1bb<\/a>\t<span id=\"woocommerce_loop_add_to_cart_link_describedby_7775\" class=\"screen-reader-text\">\n\t\t\t<\/span>\n<\/li>\n<li class=\"product type-product post-7767 status-publish last instock product_cat-olivelab product_tag-d02-pendant product_tag-estorio product_tag-lamp product_tag-olivelab has-post-thumbnail shipping-taxable product-type-simple\">\n\t<a href=\"https:\/\/estorio.com\/hu\/termek\/d02-pendant\/\" class=\"woocommerce-LoopProduct-link woocommerce-loop-product__link\"><img loading=\"lazy\" decoding=\"async\" width=\"300\" height=\"300\" src=\"https:\/\/estorio.com\/wp-content\/uploads\/2023\/01\/NIN_5898-2aggiustata-picc-865x1024-1-300x300.jpg\" class=\"attachment-woocommerce_thumbnail size-woocommerce_thumbnail\" alt=\"D02 Pendant\" srcset=\"https:\/\/estorio.com\/wp-content\/uploads\/2023\/01\/NIN_5898-2aggiustata-picc-865x1024-1-300x300.jpg 300w, https:\/\/estorio.com\/wp-content\/uploads\/2023\/01\/NIN_5898-2aggiustata-picc-865x1024-1-150x150.jpg 150w, https:\/\/estorio.com\/wp-content\/uploads\/2023\/01\/NIN_5898-2aggiustata-picc-865x1024-1-100x100.jpg 100w\" sizes=\"(max-width: 300px) 100vw, 300px\" \/><h2 class=\"woocommerce-loop-product__title\">D02 Pendant<\/h2>\n<\/a><a href=\"https:\/\/estorio.com\/hu\/termek\/d02-pendant\/\" aria-describedby=\"woocommerce_loop_add_to_cart_link_describedby_7767\" data-quantity=\"1\" class=\"button product_type_simple\" data-product_id=\"7767\" data-product_sku=\"\" aria-label=\"\u201cD02 Pendant\u201d term\u00e9kr\u0151l t\u00f6bb inform\u00e1ci\u00f3\" rel=\"nofollow\" data-success_message=\"\" data-no-translation=\"\" data-trp-gettext=\"\" data-no-translation-aria-label=\"\">Tov\u00e1bb<\/a>\t<span id=\"woocommerce_loop_add_to_cart_link_describedby_7767\" class=\"screen-reader-text\">\n\t\t\t<\/span>\n<\/li>\n<\/ul>\n<\/div>\t\t\t\t<\/div>\n\t\t\t\t<\/div>\n\t\t\t\t\t<\/div>\n\t\t<\/div>\n\t\t\t\t\t<\/div>\n\t\t<\/section>\n\t\t\t\t<\/div>","protected":false},"excerpt":{"rendered":"<p>OLIVELAB OliveLab is a Startup based in 2017 in Turin, Italy. A small group of guys aiming to produce a new generation of lighting products. Attracted by innovations, materials and new technologies, they see light as one of the most important resources of our life. The poetic but functional aspect of lighting takes us to [&hellip;]<\/p>\n","protected":false},"author":1,"featured_media":0,"parent":0,"menu_order":0,"comment_status":"closed","ping_status":"closed","template":"elementor_header_footer","meta":{"footnotes":""},"class_list":["post-5233","page","type-page","status-publish","hentry"],"yoast_head":"<!-- This site is optimized with the Yoast SEO plugin v27.4 - https:\/\/yoast.com\/product\/yoast-seo-wordpress\/ -->\n<title>OLIVELAB<\/title>\n<meta name=\"description\" content=\"OLIVELAB OliveLab is a Startup based in 2017 in Turin, Italy. A small group of guys aiming to produce a new generation of lighting products. Attracted by\" \/>\n<meta name=\"robots\" content=\"index, follow, max-snippet:-1, max-image-preview:large, max-video-preview:-1\" \/>\n<link rel=\"canonical\" href=\"https:\/\/estorio.com\/hu\/olivelab\/\" \/>\n<meta property=\"og:locale\" content=\"hu_HU\" \/>\n<meta property=\"og:type\" content=\"article\" \/>\n<meta property=\"og:title\" content=\"OLIVELAB\" \/>\n<meta property=\"og:description\" content=\"OLIVELAB OliveLab is a Startup based in 2017 in Turin, Italy. A small group of guys aiming to produce a new generation of lighting products. Attracted by\" \/>\n<meta property=\"og:url\" content=\"https:\/\/estorio.com\/hu\/olivelab\/\" \/>\n<meta property=\"og:site_name\" content=\"Estorio\" \/>\n<meta property=\"article:publisher\" content=\"https:\/\/www.facebook.com\/estorio.home\" \/>\n<meta property=\"article:modified_time\" content=\"2024-03-12T09:29:13+00:00\" \/>\n<meta property=\"og:image\" content=\"https:\/\/estorio.com\/wp-content\/uploads\/2022\/03\/estorio-2396e.jpg\" \/>\n\t<meta property=\"og:image:width\" content=\"1920\" \/>\n\t<meta property=\"og:image:height\" content=\"1280\" \/>\n\t<meta property=\"og:image:type\" content=\"image\/jpeg\" \/>\n<meta name=\"twitter:card\" content=\"summary_large_image\" \/>\n<meta name=\"twitter:label1\" content=\"Becs\u00fclt olvas\u00e1si id\u0151\" \/>\n\t<meta name=\"twitter:data1\" content=\"2 perc\" \/>\n<script type=\"application\/ld+json\" class=\"yoast-schema-graph\">{\"@context\":\"https:\\\/\\\/schema.org\",\"@graph\":[{\"@type\":\"WebPage\",\"@id\":\"https:\\\/\\\/estorio.com\\\/olivelab\\\/\",\"url\":\"https:\\\/\\\/estorio.com\\\/olivelab\\\/\",\"name\":\"OLIVELAB\",\"isPartOf\":{\"@id\":\"https:\\\/\\\/estorio.com\\\/#website\"},\"datePublished\":\"2022-03-26T14:54:23+00:00\",\"dateModified\":\"2024-03-12T09:29:13+00:00\",\"description\":\"OLIVELAB OliveLab is a Startup based in 2017 in Turin, Italy. A small group of guys aiming to produce a new generation of lighting products. Attracted by\",\"breadcrumb\":{\"@id\":\"https:\\\/\\\/estorio.com\\\/olivelab\\\/#breadcrumb\"},\"inLanguage\":\"hu\",\"potentialAction\":[{\"@type\":\"ReadAction\",\"target\":[\"https:\\\/\\\/estorio.com\\\/olivelab\\\/\"]}]},{\"@type\":\"BreadcrumbList\",\"@id\":\"https:\\\/\\\/estorio.com\\\/olivelab\\\/#breadcrumb\",\"itemListElement\":[{\"@type\":\"ListItem\",\"position\":1,\"name\":\"Kezd\u0151lap\",\"item\":\"https:\\\/\\\/estorio.com\\\/\"},{\"@type\":\"ListItem\",\"position\":2,\"name\":\"OLIVELAB\"}]},{\"@type\":\"WebSite\",\"@id\":\"https:\\\/\\\/estorio.com\\\/#website\",\"url\":\"https:\\\/\\\/estorio.com\\\/\",\"name\":\"Estorio\",\"description\":\"Home of designer brands\",\"publisher\":{\"@id\":\"https:\\\/\\\/estorio.com\\\/#organization\"},\"potentialAction\":[{\"@type\":\"SearchAction\",\"target\":{\"@type\":\"EntryPoint\",\"urlTemplate\":\"https:\\\/\\\/estorio.com\\\/?s={search_term_string}\"},\"query-input\":{\"@type\":\"PropertyValueSpecification\",\"valueRequired\":true,\"valueName\":\"search_term_string\"}}],\"inLanguage\":\"hu\"},{\"@type\":\"Organization\",\"@id\":\"https:\\\/\\\/estorio.com\\\/#organization\",\"name\":\"estorio\",\"url\":\"https:\\\/\\\/estorio.com\\\/\",\"logo\":{\"@type\":\"ImageObject\",\"inLanguage\":\"hu\",\"@id\":\"https:\\\/\\\/estorio.com\\\/#\\\/schema\\\/logo\\\/image\\\/\",\"url\":\"https:\\\/\\\/estorio.com\\\/wp-content\\\/uploads\\\/2022\\\/01\\\/20220216_estoriologo_1-02.png\",\"contentUrl\":\"https:\\\/\\\/estorio.com\\\/wp-content\\\/uploads\\\/2022\\\/01\\\/20220216_estoriologo_1-02.png\",\"width\":10915,\"height\":2860,\"caption\":\"estorio\"},\"image\":{\"@id\":\"https:\\\/\\\/estorio.com\\\/#\\\/schema\\\/logo\\\/image\\\/\"},\"sameAs\":[\"https:\\\/\\\/www.facebook.com\\\/estorio.home\",\"https:\\\/\\\/www.instagram.com\\\/estorio.home\\\/\",\"https:\\\/\\\/www.linkedin.com\\\/company\\\/estorio-home-of-designer-brands\\\/\"]}]}<\/script>\n<!-- \/ Yoast SEO plugin. -->","yoast_head_json":{"title":"OLIVELAB","description":"OLIVELAB OliveLab is a Startup based in 2017 in Turin, Italy. A small group of guys aiming to produce a new generation of lighting products. Attracted by","robots":{"index":"index","follow":"follow","max-snippet":"max-snippet:-1","max-image-preview":"max-image-preview:large","max-video-preview":"max-video-preview:-1"},"canonical":"https:\/\/estorio.com\/hu\/olivelab\/","og_locale":"hu_HU","og_type":"article","og_title":"OLIVELAB","og_description":"OLIVELAB OliveLab is a Startup based in 2017 in Turin, Italy. A small group of guys aiming to produce a new generation of lighting products. Attracted by","og_url":"https:\/\/estorio.com\/hu\/olivelab\/","og_site_name":"Estorio","article_publisher":"https:\/\/www.facebook.com\/estorio.home","article_modified_time":"2024-03-12T09:29:13+00:00","og_image":[{"width":1920,"height":1280,"url":"https:\/\/estorio.com\/wp-content\/uploads\/2022\/03\/estorio-2396e.jpg","type":"image\/jpeg"}],"twitter_card":"summary_large_image","twitter_misc":{"Becs\u00fclt olvas\u00e1si id\u0151":"2 perc"},"schema":{"@context":"https:\/\/schema.org","@graph":[{"@type":"WebPage","@id":"https:\/\/estorio.com\/olivelab\/","url":"https:\/\/estorio.com\/olivelab\/","name":"OLIVELAB","isPartOf":{"@id":"https:\/\/estorio.com\/#website"},"datePublished":"2022-03-26T14:54:23+00:00","dateModified":"2024-03-12T09:29:13+00:00","description":"OLIVELAB OliveLab is a Startup based in 2017 in Turin, Italy. A small group of guys aiming to produce a new generation of lighting products. Attracted by","breadcrumb":{"@id":"https:\/\/estorio.com\/olivelab\/#breadcrumb"},"inLanguage":"hu","potentialAction":[{"@type":"ReadAction","target":["https:\/\/estorio.com\/olivelab\/"]}]},{"@type":"BreadcrumbList","@id":"https:\/\/estorio.com\/olivelab\/#breadcrumb","itemListElement":[{"@type":"ListItem","position":1,"name":"Kezd\u0151lap","item":"https:\/\/estorio.com\/"},{"@type":"ListItem","position":2,"name":"OLIVELAB"}]},{"@type":"WebSite","@id":"https:\/\/estorio.com\/#website","url":"https:\/\/estorio.com\/","name":"R\u00f3lunk","description":"Home of designer brands","publisher":{"@id":"https:\/\/estorio.com\/#organization"},"potentialAction":[{"@type":"SearchAction","target":{"@type":"EntryPoint","urlTemplate":"https:\/\/estorio.com\/?s={search_term_string}"},"query-input":{"@type":"PropertyValueSpecification","valueRequired":true,"valueName":"search_term_string"}}],"inLanguage":"hu"},{"@type":"Organization","@id":"https:\/\/estorio.com\/#organization","name":"estorio","url":"https:\/\/estorio.com\/","logo":{"@type":"ImageObject","inLanguage":"hu","@id":"https:\/\/estorio.com\/#\/schema\/logo\/image\/","url":"https:\/\/estorio.com\/wp-content\/uploads\/2022\/01\/20220216_estoriologo_1-02.png","contentUrl":"https:\/\/estorio.com\/wp-content\/uploads\/2022\/01\/20220216_estoriologo_1-02.png","width":10915,"height":2860,"caption":"estorio"},"image":{"@id":"https:\/\/estorio.com\/#\/schema\/logo\/image\/"},"sameAs":["https:\/\/www.facebook.com\/estorio.home","https:\/\/www.instagram.com\/estorio.home\/","https:\/\/www.linkedin.com\/company\/estorio-home-of-designer-brands\/"]}]}},"_links":{"self":[{"href":"https:\/\/estorio.com\/hu\/wp-json\/wp\/v2\/pages\/5233","targetHints":{"allow":["GET"]}}],"collection":[{"href":"https:\/\/estorio.com\/hu\/wp-json\/wp\/v2\/pages"}],"about":[{"href":"https:\/\/estorio.com\/hu\/wp-json\/wp\/v2\/types\/page"}],"author":[{"embeddable":true,"href":"https:\/\/estorio.com\/hu\/wp-json\/wp\/v2\/users\/1"}],"replies":[{"embeddable":true,"href":"https:\/\/estorio.com\/hu\/wp-json\/wp\/v2\/comments?post=5233"}],"version-history":[{"count":125,"href":"https:\/\/estorio.com\/hu\/wp-json\/wp\/v2\/pages\/5233\/revisions"}],"predecessor-version":[{"id":13073,"href":"https:\/\/estorio.com\/hu\/wp-json\/wp\/v2\/pages\/5233\/revisions\/13073"}],"wp:attachment":[{"href":"https:\/\/estorio.com\/hu\/wp-json\/wp\/v2\/media?parent=5233"}],"curies":[{"name":"wp","href":"https:\/\/api.w.org\/{rel}","templated":true}]}}