{"id":5159,"date":"2022-03-26T15:28:06","date_gmt":"2022-03-26T14:28:06","guid":{"rendered":"https:\/\/estorio.com\/?page_id=5159"},"modified":"2024-03-12T10:32:26","modified_gmt":"2024-03-12T09:32:26","slug":"kriska","status":"publish","type":"page","link":"https:\/\/estorio.com\/hu\/kriska\/","title":{"rendered":"KRISKA"},"content":{"rendered":"<div data-elementor-type=\"wp-page\" data-elementor-id=\"5159\" class=\"elementor elementor-5159\" data-elementor-post-type=\"page\">\n\t\t\t\t\t\t<section class=\"elementor-section elementor-top-section elementor-element elementor-element-47c69b31 elementor-section-boxed elementor-section-height-default elementor-section-height-default\" data-id=\"47c69b31\" data-element_type=\"section\" data-e-type=\"section\">\n\t\t\t\t\t\t<div class=\"elementor-container elementor-column-gap-default\">\n\t\t\t\t\t<div class=\"elementor-column elementor-col-50 elementor-top-column elementor-element elementor-element-5ab8da5c\" data-id=\"5ab8da5c\" data-element_type=\"column\" data-e-type=\"column\">\n\t\t\t<div class=\"elementor-widget-wrap elementor-element-populated\">\n\t\t\t\t\t\t<div class=\"elementor-element elementor-element-2dcbba74 elementor--h-position-center elementor--v-position-middle elementor-arrows-position-inside elementor-pagination-position-inside elementor-widget elementor-widget-slides\" data-id=\"2dcbba74\" data-element_type=\"widget\" data-e-type=\"widget\" data-settings=\"{&quot;navigation&quot;:&quot;both&quot;,&quot;autoplay&quot;:&quot;yes&quot;,&quot;pause_on_hover&quot;:&quot;yes&quot;,&quot;pause_on_interaction&quot;:&quot;yes&quot;,&quot;autoplay_speed&quot;:5000,&quot;infinite&quot;:&quot;yes&quot;,&quot;transition&quot;:&quot;slide&quot;,&quot;transition_speed&quot;:500}\" data-widget_type=\"slides.default\">\n\t\t\t\t<div class=\"elementor-widget-container\">\n\t\t\t\t\t\t\t\t\t<div class=\"elementor-swiper\">\n\t\t\t\t\t<div class=\"elementor-slides-wrapper elementor-main-swiper swiper\" role=\"region\" aria-roledescription=\"carousel\" aria-label=\"Di\u00e1k\" dir=\"ltr\" data-animation=\"fadeInUp\">\n\t\t\t\t<div class=\"swiper-wrapper elementor-slides\">\n\t\t\t\t\t\t\t\t\t\t<div class=\"elementor-repeater-item-6a723bd swiper-slide\" role=\"group\" aria-roledescription=\"slide\"><div class=\"swiper-slide-bg\" role=\"img\" aria-label=\"\"><\/div><div class=\"swiper-slide-inner\" ><div class=\"swiper-slide-contents\"><\/div><\/div><\/div>\t\t\t\t<\/div>\n\t\t\t\t\t\t\t<\/div>\n\t\t\t\t<\/div>\n\t\t\t\t\t\t\t\t<\/div>\n\t\t\t\t<\/div>\n\t\t\t\t\t<\/div>\n\t\t<\/div>\n\t\t\t\t<div class=\"elementor-column elementor-col-50 elementor-top-column elementor-element elementor-element-6e5a8d29\" data-id=\"6e5a8d29\" data-element_type=\"column\" data-e-type=\"column\">\n\t\t\t<div class=\"elementor-widget-wrap elementor-element-populated\">\n\t\t\t\t\t\t<div class=\"elementor-element elementor-element-47ce39a1 elementor-widget elementor-widget-heading\" data-id=\"47ce39a1\" data-element_type=\"widget\" data-e-type=\"widget\" data-widget_type=\"heading.default\">\n\t\t\t\t<div class=\"elementor-widget-container\">\n\t\t\t\t\t<h2 class=\"elementor-heading-title elementor-size-default\">kriskadecor<\/h2>\t\t\t\t<\/div>\n\t\t\t\t<\/div>\n\t\t\t\t<div class=\"elementor-element elementor-element-2cd34154 elementor-widget elementor-widget-text-editor\" data-id=\"2cd34154\" data-element_type=\"widget\" data-e-type=\"widget\" data-widget_type=\"text-editor.default\">\n\t\t\t\t<div class=\"elementor-widget-container\">\n\t\t\t\t\t\t\t\t\t<p>A Kriskadecor f\u00e9mm\u0171v\u00e9szettel foglalkozik. A v\u00e1llalat elox\u00e1lt alum\u00ednium l\u00e1ncszemekb\u0151l k\u00e9sz\u00edt rendk\u00edv\u00fcl egyedi term\u00e9keket, sz\u00e1mos megold\u00e1st k\u00edn\u00e1l \u00e9p\u00edt\u00e9szeknek \u00e9s bels\u0151\u00e9p\u00edt\u00e9szeknek is: t\u00e9relv\u00e1laszt\u00f3k, falburkolatok, mennyezetek, homlokzatok, vil\u00e1g\u00edt\u00f3elemek vagy b\u00e1rmilyen m\u00e1s k\u00fcl\u00f6nleges szerkezet, ami az \u00fcgyf\u00e9l \u00e1lma. Az egyedis\u00e9g a Kriskadecor leger\u0151sebb \u00e9rt\u00e9ke.<\/p><p>Kis m\u00e9ret\u0171, egym\u00e1shoz kapcsol\u00f3d\u00f3 darabokb\u00f3l \u00e1ll\u00f3 term\u00e9keik f\u00f3kusz\u00e1ban az \u00fcgyfelek ig\u00e9nyeinek megfelel\u0151 sz\u00ednek, form\u00e1k \u00e9s t\u00f6megek \u00e1llnak. Szabadalmaztatott technol\u00f3gi\u00e1juknak k\u00f6sz\u00f6nhet\u0151en a k\u00e9pek \u00e9s mint\u00e1k sokf\u00e9le f\u00e9nyes \u00e9s szat\u00e9n sz\u00ednben is megjelen\u00edthet\u0151ek.<\/p><p>Az anyag rendk\u00edv\u00fcl sokoldal\u00fa, \u00e9s k\u00f6nny\u0171 s\u00faly\u00e1nak k\u00f6sz\u00f6nhet\u0151en a felhaszn\u00e1l\u00e1s\u00e1nak csak az \u00fcgyf\u00e9l k\u00e9pzelete szab hat\u00e1rt; lehet f\u00e9msz\u00f6vet vagy ak\u00e1r \u00e9p\u00edt\u00e9szeti szerkezet is egy k\u00fcl\u00f6nleges szobr\u00e1szati projektben.<\/p>\t\t\t\t\t\t\t\t<\/div>\n\t\t\t\t<\/div>\n\t\t\t\t\t<\/div>\n\t\t<\/div>\n\t\t\t\t\t<\/div>\n\t\t<\/section>\n\t\t\t\t<\/div>","protected":false},"excerpt":{"rendered":"<p>kriskadecor Kriskadecor\u00a0does metal art. The company creates highly customized projects made with anodised aluminium links, offering architects and interior designers a wide range of solutions: space dividers, wallcovering, ceilings, fa\u00e7ades, lighting elements or any other special structure you can think of. Customization is Kriskadecor\u2019 most strong value. With their small-interlinked pieces, they develop projects based [&hellip;]<\/p>\n","protected":false},"author":1,"featured_media":5160,"parent":0,"menu_order":0,"comment_status":"closed","ping_status":"closed","template":"elementor_header_footer","meta":{"footnotes":""},"class_list":["post-5159","page","type-page","status-publish","has-post-thumbnail","hentry"],"yoast_head":"<!-- This site is optimized with the Yoast SEO plugin v27.4 - https:\/\/yoast.com\/product\/yoast-seo-wordpress\/ -->\n<title>KRISKA<\/title>\n<meta name=\"description\" content=\"kriskadecor Kriskadecor\u00a0does metal art. The company creates highly customized projects made with anodised aluminium links, offering architects and\" \/>\n<meta name=\"robots\" content=\"index, follow, max-snippet:-1, max-image-preview:large, max-video-preview:-1\" \/>\n<link rel=\"canonical\" href=\"https:\/\/estorio.com\/hu\/kriska\/\" \/>\n<meta property=\"og:locale\" content=\"hu_HU\" \/>\n<meta property=\"og:type\" content=\"article\" \/>\n<meta property=\"og:title\" content=\"KRISKA\" \/>\n<meta property=\"og:description\" content=\"kriskadecor Kriskadecor\u00a0does metal art. The company creates highly customized projects made with anodised aluminium links, offering architects and\" \/>\n<meta property=\"og:url\" content=\"https:\/\/estorio.com\/hu\/kriska\/\" \/>\n<meta property=\"og:site_name\" content=\"Estorio\" \/>\n<meta property=\"article:publisher\" content=\"https:\/\/www.facebook.com\/estorio.home\" \/>\n<meta property=\"article:modified_time\" content=\"2024-03-12T09:32:26+00:00\" \/>\n<meta property=\"og:image\" content=\"https:\/\/estorio.com\/wp-content\/uploads\/2022\/03\/20220326_Kriska-decor.jpg\" \/>\n\t<meta property=\"og:image:width\" content=\"999\" \/>\n\t<meta property=\"og:image:height\" content=\"707\" \/>\n\t<meta property=\"og:image:type\" content=\"image\/jpeg\" \/>\n<meta name=\"twitter:card\" content=\"summary_large_image\" \/>\n<meta name=\"twitter:label1\" content=\"Becs\u00fclt olvas\u00e1si id\u0151\" \/>\n\t<meta name=\"twitter:data1\" content=\"2 perc\" \/>\n<script type=\"application\/ld+json\" class=\"yoast-schema-graph\">{\"@context\":\"https:\\\/\\\/schema.org\",\"@graph\":[{\"@type\":\"WebPage\",\"@id\":\"https:\\\/\\\/estorio.com\\\/kriska\\\/\",\"url\":\"https:\\\/\\\/estorio.com\\\/kriska\\\/\",\"name\":\"KRISKA\",\"isPartOf\":{\"@id\":\"https:\\\/\\\/estorio.com\\\/#website\"},\"primaryImageOfPage\":{\"@id\":\"https:\\\/\\\/estorio.com\\\/kriska\\\/#primaryimage\"},\"image\":{\"@id\":\"https:\\\/\\\/estorio.com\\\/kriska\\\/#primaryimage\"},\"thumbnailUrl\":\"https:\\\/\\\/estorio.com\\\/wp-content\\\/uploads\\\/2022\\\/03\\\/20220326_Kriska-decor.jpg\",\"datePublished\":\"2022-03-26T14:28:06+00:00\",\"dateModified\":\"2024-03-12T09:32:26+00:00\",\"description\":\"kriskadecor Kriskadecor\u00a0does metal art. The company creates highly customized projects made with anodised aluminium links, offering architects and\",\"breadcrumb\":{\"@id\":\"https:\\\/\\\/estorio.com\\\/kriska\\\/#breadcrumb\"},\"inLanguage\":\"hu\",\"potentialAction\":[{\"@type\":\"ReadAction\",\"target\":[\"https:\\\/\\\/estorio.com\\\/kriska\\\/\"]}]},{\"@type\":\"ImageObject\",\"inLanguage\":\"hu\",\"@id\":\"https:\\\/\\\/estorio.com\\\/kriska\\\/#primaryimage\",\"url\":\"https:\\\/\\\/estorio.com\\\/wp-content\\\/uploads\\\/2022\\\/03\\\/20220326_Kriska-decor.jpg\",\"contentUrl\":\"https:\\\/\\\/estorio.com\\\/wp-content\\\/uploads\\\/2022\\\/03\\\/20220326_Kriska-decor.jpg\",\"width\":999,\"height\":707},{\"@type\":\"BreadcrumbList\",\"@id\":\"https:\\\/\\\/estorio.com\\\/kriska\\\/#breadcrumb\",\"itemListElement\":[{\"@type\":\"ListItem\",\"position\":1,\"name\":\"Kezd\u0151lap\",\"item\":\"https:\\\/\\\/estorio.com\\\/\"},{\"@type\":\"ListItem\",\"position\":2,\"name\":\"KRISKA\"}]},{\"@type\":\"WebSite\",\"@id\":\"https:\\\/\\\/estorio.com\\\/#website\",\"url\":\"https:\\\/\\\/estorio.com\\\/\",\"name\":\"Estorio\",\"description\":\"Home of designer brands\",\"publisher\":{\"@id\":\"https:\\\/\\\/estorio.com\\\/#organization\"},\"potentialAction\":[{\"@type\":\"SearchAction\",\"target\":{\"@type\":\"EntryPoint\",\"urlTemplate\":\"https:\\\/\\\/estorio.com\\\/?s={search_term_string}\"},\"query-input\":{\"@type\":\"PropertyValueSpecification\",\"valueRequired\":true,\"valueName\":\"search_term_string\"}}],\"inLanguage\":\"hu\"},{\"@type\":\"Organization\",\"@id\":\"https:\\\/\\\/estorio.com\\\/#organization\",\"name\":\"estorio\",\"url\":\"https:\\\/\\\/estorio.com\\\/\",\"logo\":{\"@type\":\"ImageObject\",\"inLanguage\":\"hu\",\"@id\":\"https:\\\/\\\/estorio.com\\\/#\\\/schema\\\/logo\\\/image\\\/\",\"url\":\"https:\\\/\\\/estorio.com\\\/wp-content\\\/uploads\\\/2022\\\/01\\\/20220216_estoriologo_1-02.png\",\"contentUrl\":\"https:\\\/\\\/estorio.com\\\/wp-content\\\/uploads\\\/2022\\\/01\\\/20220216_estoriologo_1-02.png\",\"width\":10915,\"height\":2860,\"caption\":\"estorio\"},\"image\":{\"@id\":\"https:\\\/\\\/estorio.com\\\/#\\\/schema\\\/logo\\\/image\\\/\"},\"sameAs\":[\"https:\\\/\\\/www.facebook.com\\\/estorio.home\",\"https:\\\/\\\/www.instagram.com\\\/estorio.home\\\/\",\"https:\\\/\\\/www.linkedin.com\\\/company\\\/estorio-home-of-designer-brands\\\/\"]}]}<\/script>\n<!-- \/ Yoast SEO plugin. -->","yoast_head_json":{"title":"KRISKA","description":"kriskadecor Kriskadecor\u00a0does metal art. The company creates highly customized projects made with anodised aluminium links, offering architects and","robots":{"index":"index","follow":"follow","max-snippet":"max-snippet:-1","max-image-preview":"max-image-preview:large","max-video-preview":"max-video-preview:-1"},"canonical":"https:\/\/estorio.com\/hu\/kriska\/","og_locale":"hu_HU","og_type":"article","og_title":"KRISKA","og_description":"kriskadecor Kriskadecor\u00a0does metal art. The company creates highly customized projects made with anodised aluminium links, offering architects and","og_url":"https:\/\/estorio.com\/hu\/kriska\/","og_site_name":"Estorio","article_publisher":"https:\/\/www.facebook.com\/estorio.home","article_modified_time":"2024-03-12T09:32:26+00:00","og_image":[{"width":999,"height":707,"url":"https:\/\/estorio.com\/wp-content\/uploads\/2022\/03\/20220326_Kriska-decor.jpg","type":"image\/jpeg"}],"twitter_card":"summary_large_image","twitter_misc":{"Becs\u00fclt olvas\u00e1si id\u0151":"2 perc"},"schema":{"@context":"https:\/\/schema.org","@graph":[{"@type":"WebPage","@id":"https:\/\/estorio.com\/kriska\/","url":"https:\/\/estorio.com\/kriska\/","name":"KRISKA","isPartOf":{"@id":"https:\/\/estorio.com\/#website"},"primaryImageOfPage":{"@id":"https:\/\/estorio.com\/kriska\/#primaryimage"},"image":{"@id":"https:\/\/estorio.com\/kriska\/#primaryimage"},"thumbnailUrl":"https:\/\/estorio.com\/wp-content\/uploads\/2022\/03\/20220326_Kriska-decor.jpg","datePublished":"2022-03-26T14:28:06+00:00","dateModified":"2024-03-12T09:32:26+00:00","description":"kriskadecor Kriskadecor\u00a0does metal art. The company creates highly customized projects made with anodised aluminium links, offering architects and","breadcrumb":{"@id":"https:\/\/estorio.com\/kriska\/#breadcrumb"},"inLanguage":"hu","potentialAction":[{"@type":"ReadAction","target":["https:\/\/estorio.com\/kriska\/"]}]},{"@type":"ImageObject","inLanguage":"hu","@id":"https:\/\/estorio.com\/kriska\/#primaryimage","url":"https:\/\/estorio.com\/wp-content\/uploads\/2022\/03\/20220326_Kriska-decor.jpg","contentUrl":"https:\/\/estorio.com\/wp-content\/uploads\/2022\/03\/20220326_Kriska-decor.jpg","width":999,"height":707},{"@type":"BreadcrumbList","@id":"https:\/\/estorio.com\/kriska\/#breadcrumb","itemListElement":[{"@type":"ListItem","position":1,"name":"Kezd\u0151lap","item":"https:\/\/estorio.com\/"},{"@type":"ListItem","position":2,"name":"KRISKA"}]},{"@type":"WebSite","@id":"https:\/\/estorio.com\/#website","url":"https:\/\/estorio.com\/","name":"R\u00f3lunk","description":"Home of designer brands","publisher":{"@id":"https:\/\/estorio.com\/#organization"},"potentialAction":[{"@type":"SearchAction","target":{"@type":"EntryPoint","urlTemplate":"https:\/\/estorio.com\/?s={search_term_string}"},"query-input":{"@type":"PropertyValueSpecification","valueRequired":true,"valueName":"search_term_string"}}],"inLanguage":"hu"},{"@type":"Organization","@id":"https:\/\/estorio.com\/#organization","name":"estorio","url":"https:\/\/estorio.com\/","logo":{"@type":"ImageObject","inLanguage":"hu","@id":"https:\/\/estorio.com\/#\/schema\/logo\/image\/","url":"https:\/\/estorio.com\/wp-content\/uploads\/2022\/01\/20220216_estoriologo_1-02.png","contentUrl":"https:\/\/estorio.com\/wp-content\/uploads\/2022\/01\/20220216_estoriologo_1-02.png","width":10915,"height":2860,"caption":"estorio"},"image":{"@id":"https:\/\/estorio.com\/#\/schema\/logo\/image\/"},"sameAs":["https:\/\/www.facebook.com\/estorio.home","https:\/\/www.instagram.com\/estorio.home\/","https:\/\/www.linkedin.com\/company\/estorio-home-of-designer-brands\/"]}]}},"_links":{"self":[{"href":"https:\/\/estorio.com\/hu\/wp-json\/wp\/v2\/pages\/5159","targetHints":{"allow":["GET"]}}],"collection":[{"href":"https:\/\/estorio.com\/hu\/wp-json\/wp\/v2\/pages"}],"about":[{"href":"https:\/\/estorio.com\/hu\/wp-json\/wp\/v2\/types\/page"}],"author":[{"embeddable":true,"href":"https:\/\/estorio.com\/hu\/wp-json\/wp\/v2\/users\/1"}],"replies":[{"embeddable":true,"href":"https:\/\/estorio.com\/hu\/wp-json\/wp\/v2\/comments?post=5159"}],"version-history":[{"count":20,"href":"https:\/\/estorio.com\/hu\/wp-json\/wp\/v2\/pages\/5159\/revisions"}],"predecessor-version":[{"id":13088,"href":"https:\/\/estorio.com\/hu\/wp-json\/wp\/v2\/pages\/5159\/revisions\/13088"}],"wp:featuredmedia":[{"embeddable":true,"href":"https:\/\/estorio.com\/hu\/wp-json\/wp\/v2\/media\/5160"}],"wp:attachment":[{"href":"https:\/\/estorio.com\/hu\/wp-json\/wp\/v2\/media?parent=5159"}],"curies":[{"name":"wp","href":"https:\/\/api.w.org\/{rel}","templated":true}]}}