{"id":5126,"date":"2022-03-26T15:19:21","date_gmt":"2022-03-26T14:19:21","guid":{"rendered":"https:\/\/estorio.com\/?page_id=5126"},"modified":"2024-03-12T10:54:43","modified_gmt":"2024-03-12T09:54:43","slug":"f-lli-frattini","status":"publish","type":"page","link":"https:\/\/estorio.com\/hu\/f-lli-frattini\/","title":{"rendered":"F.LLI FRATTINI"},"content":{"rendered":"<div data-elementor-type=\"wp-page\" data-elementor-id=\"5126\" class=\"elementor elementor-5126\" data-elementor-post-type=\"page\">\n\t\t\t\t\t\t<section class=\"elementor-section elementor-top-section elementor-element elementor-element-61471d90 elementor-section-boxed elementor-section-height-default elementor-section-height-default\" data-id=\"61471d90\" data-element_type=\"section\" data-e-type=\"section\">\n\t\t\t\t\t\t<div class=\"elementor-container elementor-column-gap-default\">\n\t\t\t\t\t<div class=\"elementor-column elementor-col-50 elementor-top-column elementor-element elementor-element-4fadef4b\" data-id=\"4fadef4b\" data-element_type=\"column\" data-e-type=\"column\">\n\t\t\t<div class=\"elementor-widget-wrap elementor-element-populated\">\n\t\t\t\t\t\t<div class=\"elementor-element elementor-element-645f0819 elementor--h-position-center elementor--v-position-middle elementor-arrows-position-inside elementor-pagination-position-inside elementor-widget elementor-widget-slides\" data-id=\"645f0819\" data-element_type=\"widget\" data-e-type=\"widget\" data-settings=\"{&quot;navigation&quot;:&quot;both&quot;,&quot;autoplay&quot;:&quot;yes&quot;,&quot;pause_on_hover&quot;:&quot;yes&quot;,&quot;pause_on_interaction&quot;:&quot;yes&quot;,&quot;autoplay_speed&quot;:5000,&quot;infinite&quot;:&quot;yes&quot;,&quot;transition&quot;:&quot;slide&quot;,&quot;transition_speed&quot;:500}\" data-widget_type=\"slides.default\">\n\t\t\t\t<div class=\"elementor-widget-container\">\n\t\t\t\t\t\t\t\t\t<div class=\"elementor-swiper\">\n\t\t\t\t\t<div class=\"elementor-slides-wrapper elementor-main-swiper swiper\" role=\"region\" aria-roledescription=\"carousel\" aria-label=\"Di\u00e1k\" dir=\"ltr\" data-animation=\"fadeInUp\">\n\t\t\t\t<div class=\"swiper-wrapper elementor-slides\">\n\t\t\t\t\t\t\t\t\t\t<div class=\"elementor-repeater-item-6a723bd swiper-slide\" role=\"group\" aria-roledescription=\"slide\"><div class=\"swiper-slide-bg\" role=\"img\" aria-label=\"20220302_f.llifrattini\"><\/div><div class=\"swiper-slide-inner\" ><div class=\"swiper-slide-contents\"><\/div><\/div><\/div>\t\t\t\t<\/div>\n\t\t\t\t\t\t\t<\/div>\n\t\t\t\t<\/div>\n\t\t\t\t\t\t\t\t<\/div>\n\t\t\t\t<\/div>\n\t\t\t\t\t<\/div>\n\t\t<\/div>\n\t\t\t\t<div class=\"elementor-column elementor-col-50 elementor-top-column elementor-element elementor-element-3c6c536c\" data-id=\"3c6c536c\" data-element_type=\"column\" data-e-type=\"column\">\n\t\t\t<div class=\"elementor-widget-wrap elementor-element-populated\">\n\t\t\t\t\t\t<div class=\"elementor-element elementor-element-812bea7 elementor-widget elementor-widget-heading\" data-id=\"812bea7\" data-element_type=\"widget\" data-e-type=\"widget\" data-widget_type=\"heading.default\">\n\t\t\t\t<div class=\"elementor-widget-container\">\n\t\t\t\t\t<h2 class=\"elementor-heading-title elementor-size-default\">f.lli frattini<\/h2>\t\t\t\t<\/div>\n\t\t\t\t<\/div>\n\t\t\t\t<div class=\"elementor-element elementor-element-25ab8291 elementor-widget elementor-widget-text-editor\" data-id=\"25ab8291\" data-element_type=\"widget\" data-e-type=\"widget\" data-widget_type=\"text-editor.default\">\n\t\t\t\t<div class=\"elementor-widget-container\">\n\t\t\t\t\t\t\t\t\t<p>Innov\u00e1ci\u00f3 \u00e9s design. Tehets\u00e9gen \u00e9s kitart\u00e1son alapul\u00f3 hossz\u00fa m\u00falt: a Fratelli Frattini t\u00f6rt\u00e9nete 1958-ban kezd\u0151d\u00f6tt San Maurizio d'Opagli\u00f3ban (Novara, Olaszorsz\u00e1g) Pier Luigi, Benito \u00e9s Giuseppino Frattini testv\u00e9rek meg\u00e9rz\u00e9seinek, \u00e9s apjuk, Maurizio t\u00e1mogat\u00e1s\u00e1nak \u00e9s seg\u00edts\u00e9g\u00e9nek k\u00f6sz\u00f6nhet\u0151en. Hossz\u00fa \u00e9lettartam\u00fa csapok, a mindennapok meghat\u00e1roz\u00f3 eszk\u00f6zei, helyis\u00e9gek, amelyek egyre ink\u00e1bb a funkcionalit\u00e1s \u00e9s a sz\u00e9ps\u00e9g tal\u00e1lkoz\u00e1si pontjai. A min\u0151s\u00e9g kulcsfontoss\u00e1g\u00fa egy hossz\u00fa \u00e9lettartam\u00fa term\u00e9k eset\u00e9ben. A Fratelli Frattini gondosan \u00fcgyel minden gy\u00e1rt\u00e1si f\u00e1zisra a tervez\u00e9st\u0151l az utols\u00f3 sim\u00edt\u00e1sokig, bele\u00e9rtve az anyagokat, a designt, a protot\u00edpusokat, valamint a folyamatos \u00e9s szigor\u00fa tesztel\u00e9st.<\/p>\t\t\t\t\t\t\t\t<\/div>\n\t\t\t\t<\/div>\n\t\t\t\t\t<\/div>\n\t\t<\/div>\n\t\t\t\t\t<\/div>\n\t\t<\/section>\n\t\t\t\t<\/div>","protected":false},"excerpt":{"rendered":"<p>f.lli frattini Innovation and design. A long tradition based on talent and tenacity: the Fratelli Frattini history began in 1958 in San Maurizio d&#8217;Opaglio (NO) thanks to the intuition of the brothers Pier Luigi, Benito and Giuseppino Frattini, supported and assisted from their father Maurizio. A Tap long lasting and leader for a daily natural [&hellip;]<\/p>\n","protected":false},"author":1,"featured_media":5127,"parent":0,"menu_order":0,"comment_status":"closed","ping_status":"closed","template":"elementor_header_footer","meta":{"footnotes":""},"class_list":["post-5126","page","type-page","status-publish","has-post-thumbnail","hentry"],"yoast_head":"<!-- This site is optimized with the Yoast SEO plugin v27.4 - https:\/\/yoast.com\/product\/yoast-seo-wordpress\/ -->\n<title>F.LLI FRATTINI<\/title>\n<meta name=\"description\" content=\"f.lli frattini Innovation and design. A long tradition based on talent and tenacity: the Fratelli Frattini history began in 1958 in San Maurizio d&#039;Opaglio\" \/>\n<meta name=\"robots\" content=\"index, follow, max-snippet:-1, max-image-preview:large, max-video-preview:-1\" \/>\n<link rel=\"canonical\" href=\"https:\/\/estorio.com\/hu\/f-lli-frattini\/\" \/>\n<meta property=\"og:locale\" content=\"hu_HU\" \/>\n<meta property=\"og:type\" content=\"article\" \/>\n<meta property=\"og:title\" content=\"F.LLI FRATTINI\" \/>\n<meta property=\"og:description\" content=\"f.lli frattini Innovation and design. A long tradition based on talent and tenacity: the Fratelli Frattini history began in 1958 in San Maurizio d&#039;Opaglio\" \/>\n<meta property=\"og:url\" content=\"https:\/\/estorio.com\/hu\/f-lli-frattini\/\" \/>\n<meta property=\"og:site_name\" content=\"Estorio\" \/>\n<meta property=\"article:publisher\" content=\"https:\/\/www.facebook.com\/estorio.home\" \/>\n<meta property=\"article:modified_time\" content=\"2024-03-12T09:54:43+00:00\" \/>\n<meta property=\"og:image\" content=\"https:\/\/estorio.com\/wp-content\/uploads\/2022\/03\/20220302_f.llifrattini-scaled.jpg\" \/>\n\t<meta property=\"og:image:width\" content=\"2560\" \/>\n\t<meta property=\"og:image:height\" content=\"1810\" \/>\n\t<meta property=\"og:image:type\" content=\"image\/jpeg\" \/>\n<meta name=\"twitter:card\" content=\"summary_large_image\" \/>\n<meta name=\"twitter:label1\" content=\"Becs\u00fclt olvas\u00e1si id\u0151\" \/>\n\t<meta name=\"twitter:data1\" content=\"2 perc\" \/>\n<script type=\"application\/ld+json\" class=\"yoast-schema-graph\">{\"@context\":\"https:\\\/\\\/schema.org\",\"@graph\":[{\"@type\":\"WebPage\",\"@id\":\"https:\\\/\\\/estorio.com\\\/f-lli-frattini\\\/\",\"url\":\"https:\\\/\\\/estorio.com\\\/f-lli-frattini\\\/\",\"name\":\"F.LLI FRATTINI\",\"isPartOf\":{\"@id\":\"https:\\\/\\\/estorio.com\\\/#website\"},\"primaryImageOfPage\":{\"@id\":\"https:\\\/\\\/estorio.com\\\/f-lli-frattini\\\/#primaryimage\"},\"image\":{\"@id\":\"https:\\\/\\\/estorio.com\\\/f-lli-frattini\\\/#primaryimage\"},\"thumbnailUrl\":\"https:\\\/\\\/estorio.com\\\/wp-content\\\/uploads\\\/2022\\\/03\\\/20220302_f.llifrattini-scaled.jpg\",\"datePublished\":\"2022-03-26T14:19:21+00:00\",\"dateModified\":\"2024-03-12T09:54:43+00:00\",\"description\":\"f.lli frattini Innovation and design. A long tradition based on talent and tenacity: the Fratelli Frattini history began in 1958 in San Maurizio d'Opaglio\",\"breadcrumb\":{\"@id\":\"https:\\\/\\\/estorio.com\\\/f-lli-frattini\\\/#breadcrumb\"},\"inLanguage\":\"hu\",\"potentialAction\":[{\"@type\":\"ReadAction\",\"target\":[\"https:\\\/\\\/estorio.com\\\/f-lli-frattini\\\/\"]}]},{\"@type\":\"ImageObject\",\"inLanguage\":\"hu\",\"@id\":\"https:\\\/\\\/estorio.com\\\/f-lli-frattini\\\/#primaryimage\",\"url\":\"https:\\\/\\\/estorio.com\\\/wp-content\\\/uploads\\\/2022\\\/03\\\/20220302_f.llifrattini-scaled.jpg\",\"contentUrl\":\"https:\\\/\\\/estorio.com\\\/wp-content\\\/uploads\\\/2022\\\/03\\\/20220302_f.llifrattini-scaled.jpg\",\"width\":2560,\"height\":1810},{\"@type\":\"BreadcrumbList\",\"@id\":\"https:\\\/\\\/estorio.com\\\/f-lli-frattini\\\/#breadcrumb\",\"itemListElement\":[{\"@type\":\"ListItem\",\"position\":1,\"name\":\"Kezd\u0151lap\",\"item\":\"https:\\\/\\\/estorio.com\\\/\"},{\"@type\":\"ListItem\",\"position\":2,\"name\":\"F.LLI FRATTINI\"}]},{\"@type\":\"WebSite\",\"@id\":\"https:\\\/\\\/estorio.com\\\/#website\",\"url\":\"https:\\\/\\\/estorio.com\\\/\",\"name\":\"Estorio\",\"description\":\"Home of designer brands\",\"publisher\":{\"@id\":\"https:\\\/\\\/estorio.com\\\/#organization\"},\"potentialAction\":[{\"@type\":\"SearchAction\",\"target\":{\"@type\":\"EntryPoint\",\"urlTemplate\":\"https:\\\/\\\/estorio.com\\\/?s={search_term_string}\"},\"query-input\":{\"@type\":\"PropertyValueSpecification\",\"valueRequired\":true,\"valueName\":\"search_term_string\"}}],\"inLanguage\":\"hu\"},{\"@type\":\"Organization\",\"@id\":\"https:\\\/\\\/estorio.com\\\/#organization\",\"name\":\"estorio\",\"url\":\"https:\\\/\\\/estorio.com\\\/\",\"logo\":{\"@type\":\"ImageObject\",\"inLanguage\":\"hu\",\"@id\":\"https:\\\/\\\/estorio.com\\\/#\\\/schema\\\/logo\\\/image\\\/\",\"url\":\"https:\\\/\\\/estorio.com\\\/wp-content\\\/uploads\\\/2022\\\/01\\\/20220216_estoriologo_1-02.png\",\"contentUrl\":\"https:\\\/\\\/estorio.com\\\/wp-content\\\/uploads\\\/2022\\\/01\\\/20220216_estoriologo_1-02.png\",\"width\":10915,\"height\":2860,\"caption\":\"estorio\"},\"image\":{\"@id\":\"https:\\\/\\\/estorio.com\\\/#\\\/schema\\\/logo\\\/image\\\/\"},\"sameAs\":[\"https:\\\/\\\/www.facebook.com\\\/estorio.home\",\"https:\\\/\\\/www.instagram.com\\\/estorio.home\\\/\",\"https:\\\/\\\/www.linkedin.com\\\/company\\\/estorio-home-of-designer-brands\\\/\"]}]}<\/script>\n<!-- \/ Yoast SEO plugin. -->","yoast_head_json":{"title":"F.LLI FRATTINI","description":"f.lli frattini Innovation and design. A long tradition based on talent and tenacity: the Fratelli Frattini history began in 1958 in San Maurizio d'Opaglio","robots":{"index":"index","follow":"follow","max-snippet":"max-snippet:-1","max-image-preview":"max-image-preview:large","max-video-preview":"max-video-preview:-1"},"canonical":"https:\/\/estorio.com\/hu\/f-lli-frattini\/","og_locale":"hu_HU","og_type":"article","og_title":"F.LLI FRATTINI","og_description":"f.lli frattini Innovation and design. A long tradition based on talent and tenacity: the Fratelli Frattini history began in 1958 in San Maurizio d'Opaglio","og_url":"https:\/\/estorio.com\/hu\/f-lli-frattini\/","og_site_name":"Estorio","article_publisher":"https:\/\/www.facebook.com\/estorio.home","article_modified_time":"2024-03-12T09:54:43+00:00","og_image":[{"width":2560,"height":1810,"url":"https:\/\/estorio.com\/wp-content\/uploads\/2022\/03\/20220302_f.llifrattini-scaled.jpg","type":"image\/jpeg"}],"twitter_card":"summary_large_image","twitter_misc":{"Becs\u00fclt olvas\u00e1si id\u0151":"2 perc"},"schema":{"@context":"https:\/\/schema.org","@graph":[{"@type":"WebPage","@id":"https:\/\/estorio.com\/f-lli-frattini\/","url":"https:\/\/estorio.com\/f-lli-frattini\/","name":"F.LLI FRATTINI","isPartOf":{"@id":"https:\/\/estorio.com\/#website"},"primaryImageOfPage":{"@id":"https:\/\/estorio.com\/f-lli-frattini\/#primaryimage"},"image":{"@id":"https:\/\/estorio.com\/f-lli-frattini\/#primaryimage"},"thumbnailUrl":"https:\/\/estorio.com\/wp-content\/uploads\/2022\/03\/20220302_f.llifrattini-scaled.jpg","datePublished":"2022-03-26T14:19:21+00:00","dateModified":"2024-03-12T09:54:43+00:00","description":"f.lli frattini Innovation and design. A long tradition based on talent and tenacity: the Fratelli Frattini history began in 1958 in San Maurizio d'Opaglio","breadcrumb":{"@id":"https:\/\/estorio.com\/f-lli-frattini\/#breadcrumb"},"inLanguage":"hu","potentialAction":[{"@type":"ReadAction","target":["https:\/\/estorio.com\/f-lli-frattini\/"]}]},{"@type":"ImageObject","inLanguage":"hu","@id":"https:\/\/estorio.com\/f-lli-frattini\/#primaryimage","url":"https:\/\/estorio.com\/wp-content\/uploads\/2022\/03\/20220302_f.llifrattini-scaled.jpg","contentUrl":"https:\/\/estorio.com\/wp-content\/uploads\/2022\/03\/20220302_f.llifrattini-scaled.jpg","width":2560,"height":1810},{"@type":"BreadcrumbList","@id":"https:\/\/estorio.com\/f-lli-frattini\/#breadcrumb","itemListElement":[{"@type":"ListItem","position":1,"name":"Kezd\u0151lap","item":"https:\/\/estorio.com\/"},{"@type":"ListItem","position":2,"name":"F.LLI FRATTINI"}]},{"@type":"WebSite","@id":"https:\/\/estorio.com\/#website","url":"https:\/\/estorio.com\/","name":"R\u00f3lunk","description":"Home of designer brands","publisher":{"@id":"https:\/\/estorio.com\/#organization"},"potentialAction":[{"@type":"SearchAction","target":{"@type":"EntryPoint","urlTemplate":"https:\/\/estorio.com\/?s={search_term_string}"},"query-input":{"@type":"PropertyValueSpecification","valueRequired":true,"valueName":"search_term_string"}}],"inLanguage":"hu"},{"@type":"Organization","@id":"https:\/\/estorio.com\/#organization","name":"estorio","url":"https:\/\/estorio.com\/","logo":{"@type":"ImageObject","inLanguage":"hu","@id":"https:\/\/estorio.com\/#\/schema\/logo\/image\/","url":"https:\/\/estorio.com\/wp-content\/uploads\/2022\/01\/20220216_estoriologo_1-02.png","contentUrl":"https:\/\/estorio.com\/wp-content\/uploads\/2022\/01\/20220216_estoriologo_1-02.png","width":10915,"height":2860,"caption":"estorio"},"image":{"@id":"https:\/\/estorio.com\/#\/schema\/logo\/image\/"},"sameAs":["https:\/\/www.facebook.com\/estorio.home","https:\/\/www.instagram.com\/estorio.home\/","https:\/\/www.linkedin.com\/company\/estorio-home-of-designer-brands\/"]}]}},"_links":{"self":[{"href":"https:\/\/estorio.com\/hu\/wp-json\/wp\/v2\/pages\/5126","targetHints":{"allow":["GET"]}}],"collection":[{"href":"https:\/\/estorio.com\/hu\/wp-json\/wp\/v2\/pages"}],"about":[{"href":"https:\/\/estorio.com\/hu\/wp-json\/wp\/v2\/types\/page"}],"author":[{"embeddable":true,"href":"https:\/\/estorio.com\/hu\/wp-json\/wp\/v2\/users\/1"}],"replies":[{"embeddable":true,"href":"https:\/\/estorio.com\/hu\/wp-json\/wp\/v2\/comments?post=5126"}],"version-history":[{"count":29,"href":"https:\/\/estorio.com\/hu\/wp-json\/wp\/v2\/pages\/5126\/revisions"}],"predecessor-version":[{"id":13134,"href":"https:\/\/estorio.com\/hu\/wp-json\/wp\/v2\/pages\/5126\/revisions\/13134"}],"wp:featuredmedia":[{"embeddable":true,"href":"https:\/\/estorio.com\/hu\/wp-json\/wp\/v2\/media\/5127"}],"wp:attachment":[{"href":"https:\/\/estorio.com\/hu\/wp-json\/wp\/v2\/media?parent=5126"}],"curies":[{"name":"wp","href":"https:\/\/api.w.org\/{rel}","templated":true}]}}