{"id":5099,"date":"2022-03-26T15:12:10","date_gmt":"2022-03-26T14:12:10","guid":{"rendered":"https:\/\/estorio.com\/?page_id=5099"},"modified":"2024-03-12T10:44:22","modified_gmt":"2024-03-12T09:44:22","slug":"erba-italia","status":"publish","type":"page","link":"https:\/\/estorio.com\/hu\/erba-italia\/","title":{"rendered":"ERBA ITALIA"},"content":{"rendered":"<div data-elementor-type=\"wp-page\" data-elementor-id=\"5099\" class=\"elementor elementor-5099\" data-elementor-post-type=\"page\">\n\t\t\t\t\t\t<section class=\"elementor-section elementor-top-section elementor-element elementor-element-2b9714ba elementor-section-boxed elementor-section-height-default elementor-section-height-default\" data-id=\"2b9714ba\" data-element_type=\"section\" data-e-type=\"section\">\n\t\t\t\t\t\t<div class=\"elementor-container elementor-column-gap-default\">\n\t\t\t\t\t<div class=\"elementor-column elementor-col-50 elementor-top-column elementor-element elementor-element-171c7750\" data-id=\"171c7750\" data-element_type=\"column\" data-e-type=\"column\">\n\t\t\t<div class=\"elementor-widget-wrap elementor-element-populated\">\n\t\t\t\t\t\t<div class=\"elementor-element elementor-element-53cd9e68 elementor--h-position-center elementor--v-position-middle elementor-arrows-position-inside elementor-pagination-position-inside elementor-widget elementor-widget-slides\" data-id=\"53cd9e68\" data-element_type=\"widget\" data-e-type=\"widget\" data-settings=\"{&quot;navigation&quot;:&quot;both&quot;,&quot;autoplay&quot;:&quot;yes&quot;,&quot;pause_on_hover&quot;:&quot;yes&quot;,&quot;pause_on_interaction&quot;:&quot;yes&quot;,&quot;autoplay_speed&quot;:5000,&quot;infinite&quot;:&quot;yes&quot;,&quot;transition&quot;:&quot;slide&quot;,&quot;transition_speed&quot;:500}\" data-widget_type=\"slides.default\">\n\t\t\t\t<div class=\"elementor-widget-container\">\n\t\t\t\t\t\t\t\t\t<div class=\"elementor-swiper\">\n\t\t\t\t\t<div class=\"elementor-slides-wrapper elementor-main-swiper swiper\" role=\"region\" aria-roledescription=\"carousel\" aria-label=\"Slides\" dir=\"ltr\" data-animation=\"fadeInUp\">\n\t\t\t\t<div class=\"swiper-wrapper elementor-slides\">\n\t\t\t\t\t\t\t\t\t\t<div class=\"elementor-repeater-item-6a723bd swiper-slide\" role=\"group\" aria-roledescription=\"slide\"><div class=\"swiper-slide-bg\" role=\"img\" aria-label=\"20220223_Erba\"><\/div><div class=\"swiper-slide-inner\" ><div class=\"swiper-slide-contents\"><\/div><\/div><\/div>\t\t\t\t<\/div>\n\t\t\t\t\t\t\t<\/div>\n\t\t\t\t<\/div>\n\t\t\t\t\t\t\t\t<\/div>\n\t\t\t\t<\/div>\n\t\t\t\t\t<\/div>\n\t\t<\/div>\n\t\t\t\t<div class=\"elementor-column elementor-col-50 elementor-top-column elementor-element elementor-element-52157e86\" data-id=\"52157e86\" data-element_type=\"column\" data-e-type=\"column\">\n\t\t\t<div class=\"elementor-widget-wrap elementor-element-populated\">\n\t\t\t\t\t\t<div class=\"elementor-element elementor-element-6bd72626 elementor-widget elementor-widget-heading\" data-id=\"6bd72626\" data-element_type=\"widget\" data-e-type=\"widget\" data-widget_type=\"heading.default\">\n\t\t\t\t<div class=\"elementor-widget-container\">\n\t\t\t\t\t<h2 class=\"elementor-heading-title elementor-size-default\">erba italia<\/h2>\t\t\t\t<\/div>\n\t\t\t\t<\/div>\n\t\t\t\t<div class=\"elementor-element elementor-element-462164cd elementor-widget elementor-widget-text-editor\" data-id=\"462164cd\" data-element_type=\"widget\" data-e-type=\"widget\" data-widget_type=\"text-editor.default\">\n\t\t\t\t<div class=\"elementor-widget-container\">\n\t\t\t\t\t\t\t\t\t<p>Az ERBA-t 2007-ben alap\u00edtott\u00e1k az \u00e9szak-olaszorsz\u00e1gi Brianza r\u00e9gi\u00f3 sz\u00edv\u00e9ben, amely vil\u00e1gszerte ismert az exkluz\u00edv kanap\u00e9kr\u00f3l, fotelekr\u0151l \u00e9s a hozz\u00e1juk kapcsol\u00f3d\u00f3 term\u00e9kekr\u0151l.<\/p><p>A 800 m2-es bemutat\u00f3terem kialak\u00edt\u00e1sa t\u00f6k\u00e9letesen t\u00fckr\u00f6zi az ERBA filoz\u00f3fi\u00e1j\u00e1t: modern, sz\u00ednes, kreat\u00edv \u00e9s j\u00e1t\u00e9kos k\u00e9pet mutat, mindez megtestes\u00edti az ERBA j\u00f6v\u0151k\u00e9p\u00e9t a vend\u00e9gl\u00e1t\u00e1sr\u00f3l. Az ERBA minden egyes kollekci\u00f3ja az elegancia \u00e9s az egyedi st\u00edlus jegy\u00e9ben k\u00e9sz\u00fclt, b\u00fatoraik hagyom\u00e1nyos olasz m\u00f3don - k\u00e9zzel k\u00e9sz\u00fclnek, fejlett \u00e9s korszer\u0171 technol\u00f3gi\u00e1kkal \u00f6tv\u00f6zve. Ez a cs\u00facskateg\u00f3ri\u00e1s design mag\u00e1ban hordozza az \u00e9vsz\u00e1zados min\u0151s\u00e9gi b\u00fatork\u00e9sz\u00edt\u00e9s tudom\u00e1ny\u00e1t.<\/p><p>Az ERBA k\u00e9pviseli mindazt, amit a \"MADE IN ITALY\" vil\u00e1gszerte jelent: autentikus olasz design, amely a gy\u00e1rt\u00e1s sor\u00e1n a leg\u00fajabb k\u00e9zm\u0171ves technol\u00f3gi\u00e1kat alkalmazza.<\/p>\t\t\t\t\t\t\t\t<\/div>\n\t\t\t\t<\/div>\n\t\t\t\t\t<\/div>\n\t\t<\/div>\n\t\t\t\t\t<\/div>\n\t\t<\/section>\n\t\t\t\t<\/div>","protected":false},"excerpt":{"rendered":"<p>erba italia ERBA was established in 2007, in the heart of \u201cBrianza\u201d region in North-Italy, this area is well known for exclusive sofas, armchairs and related products all over the world. Their 800m2 showroom design reflects ERBA philosophy perfectly: it reveals a modern, colorful, creative and playful picture and all these embody ERBA\u2019s vision of [&hellip;]<\/p>\n","protected":false},"author":1,"featured_media":0,"parent":0,"menu_order":0,"comment_status":"closed","ping_status":"closed","template":"elementor_header_footer","meta":{"footnotes":""},"class_list":["post-5099","page","type-page","status-publish","hentry"],"yoast_head":"<!-- This site is optimized with the Yoast SEO plugin v27.4 - https:\/\/yoast.com\/product\/yoast-seo-wordpress\/ -->\n<title>ERBA ITALIA<\/title>\n<meta name=\"description\" content=\"erba italia ERBA was established in 2007, in the heart of \u201cBrianza\u201d region in North-Italy, this area is well known for exclusive sofas, armchairs and\" \/>\n<meta name=\"robots\" content=\"index, follow, max-snippet:-1, max-image-preview:large, max-video-preview:-1\" \/>\n<link rel=\"canonical\" href=\"https:\/\/estorio.com\/hu\/erba-italia\/\" \/>\n<meta property=\"og:locale\" content=\"hu_HU\" \/>\n<meta property=\"og:type\" content=\"article\" \/>\n<meta property=\"og:title\" content=\"ERBA ITALIA\" \/>\n<meta property=\"og:description\" content=\"erba italia ERBA was established in 2007, in the heart of \u201cBrianza\u201d region in North-Italy, this area is well known for exclusive sofas, armchairs and\" \/>\n<meta property=\"og:url\" content=\"https:\/\/estorio.com\/hu\/erba-italia\/\" \/>\n<meta property=\"og:site_name\" content=\"Estorio\" \/>\n<meta property=\"article:publisher\" content=\"https:\/\/www.facebook.com\/estorio.home\" \/>\n<meta property=\"article:modified_time\" content=\"2024-03-12T09:44:22+00:00\" \/>\n<meta property=\"og:image\" content=\"https:\/\/estorio.com\/wp-content\/uploads\/2022\/03\/estorio-2396e.jpg\" \/>\n\t<meta property=\"og:image:width\" content=\"1920\" \/>\n\t<meta property=\"og:image:height\" content=\"1280\" \/>\n\t<meta property=\"og:image:type\" content=\"image\/jpeg\" \/>\n<meta name=\"twitter:card\" content=\"summary_large_image\" \/>\n<meta name=\"twitter:label1\" content=\"Becs\u00fclt olvas\u00e1si id\u0151\" \/>\n\t<meta name=\"twitter:data1\" content=\"2 perc\" \/>\n<script type=\"application\/ld+json\" class=\"yoast-schema-graph\">{\"@context\":\"https:\\\/\\\/schema.org\",\"@graph\":[{\"@type\":\"WebPage\",\"@id\":\"https:\\\/\\\/estorio.com\\\/erba-italia\\\/\",\"url\":\"https:\\\/\\\/estorio.com\\\/erba-italia\\\/\",\"name\":\"ERBA ITALIA\",\"isPartOf\":{\"@id\":\"https:\\\/\\\/estorio.com\\\/#website\"},\"datePublished\":\"2022-03-26T14:12:10+00:00\",\"dateModified\":\"2024-03-12T09:44:22+00:00\",\"description\":\"erba italia ERBA was established in 2007, in the heart of \u201cBrianza\u201d region in North-Italy, this area is well known for exclusive sofas, armchairs and\",\"breadcrumb\":{\"@id\":\"https:\\\/\\\/estorio.com\\\/erba-italia\\\/#breadcrumb\"},\"inLanguage\":\"hu\",\"potentialAction\":[{\"@type\":\"ReadAction\",\"target\":[\"https:\\\/\\\/estorio.com\\\/erba-italia\\\/\"]}]},{\"@type\":\"BreadcrumbList\",\"@id\":\"https:\\\/\\\/estorio.com\\\/erba-italia\\\/#breadcrumb\",\"itemListElement\":[{\"@type\":\"ListItem\",\"position\":1,\"name\":\"Kezd\u0151lap\",\"item\":\"https:\\\/\\\/estorio.com\\\/\"},{\"@type\":\"ListItem\",\"position\":2,\"name\":\"ERBA ITALIA\"}]},{\"@type\":\"WebSite\",\"@id\":\"https:\\\/\\\/estorio.com\\\/#website\",\"url\":\"https:\\\/\\\/estorio.com\\\/\",\"name\":\"Estorio\",\"description\":\"Home of designer brands\",\"publisher\":{\"@id\":\"https:\\\/\\\/estorio.com\\\/#organization\"},\"potentialAction\":[{\"@type\":\"SearchAction\",\"target\":{\"@type\":\"EntryPoint\",\"urlTemplate\":\"https:\\\/\\\/estorio.com\\\/?s={search_term_string}\"},\"query-input\":{\"@type\":\"PropertyValueSpecification\",\"valueRequired\":true,\"valueName\":\"search_term_string\"}}],\"inLanguage\":\"hu\"},{\"@type\":\"Organization\",\"@id\":\"https:\\\/\\\/estorio.com\\\/#organization\",\"name\":\"estorio\",\"url\":\"https:\\\/\\\/estorio.com\\\/\",\"logo\":{\"@type\":\"ImageObject\",\"inLanguage\":\"hu\",\"@id\":\"https:\\\/\\\/estorio.com\\\/#\\\/schema\\\/logo\\\/image\\\/\",\"url\":\"https:\\\/\\\/estorio.com\\\/wp-content\\\/uploads\\\/2022\\\/01\\\/20220216_estoriologo_1-02.png\",\"contentUrl\":\"https:\\\/\\\/estorio.com\\\/wp-content\\\/uploads\\\/2022\\\/01\\\/20220216_estoriologo_1-02.png\",\"width\":10915,\"height\":2860,\"caption\":\"estorio\"},\"image\":{\"@id\":\"https:\\\/\\\/estorio.com\\\/#\\\/schema\\\/logo\\\/image\\\/\"},\"sameAs\":[\"https:\\\/\\\/www.facebook.com\\\/estorio.home\",\"https:\\\/\\\/www.instagram.com\\\/estorio.home\\\/\",\"https:\\\/\\\/www.linkedin.com\\\/company\\\/estorio-home-of-designer-brands\\\/\"]}]}<\/script>\n<!-- \/ Yoast SEO plugin. -->","yoast_head_json":{"title":"ERBA ITALIA","description":"erba italia ERBA was established in 2007, in the heart of \u201cBrianza\u201d region in North-Italy, this area is well known for exclusive sofas, armchairs and","robots":{"index":"index","follow":"follow","max-snippet":"max-snippet:-1","max-image-preview":"max-image-preview:large","max-video-preview":"max-video-preview:-1"},"canonical":"https:\/\/estorio.com\/hu\/erba-italia\/","og_locale":"hu_HU","og_type":"article","og_title":"ERBA ITALIA","og_description":"erba italia ERBA was established in 2007, in the heart of \u201cBrianza\u201d region in North-Italy, this area is well known for exclusive sofas, armchairs and","og_url":"https:\/\/estorio.com\/hu\/erba-italia\/","og_site_name":"Estorio","article_publisher":"https:\/\/www.facebook.com\/estorio.home","article_modified_time":"2024-03-12T09:44:22+00:00","og_image":[{"width":1920,"height":1280,"url":"https:\/\/estorio.com\/wp-content\/uploads\/2022\/03\/estorio-2396e.jpg","type":"image\/jpeg"}],"twitter_card":"summary_large_image","twitter_misc":{"Becs\u00fclt olvas\u00e1si id\u0151":"2 perc"},"schema":{"@context":"https:\/\/schema.org","@graph":[{"@type":"WebPage","@id":"https:\/\/estorio.com\/erba-italia\/","url":"https:\/\/estorio.com\/erba-italia\/","name":"ERBA ITALIA","isPartOf":{"@id":"https:\/\/estorio.com\/#website"},"datePublished":"2022-03-26T14:12:10+00:00","dateModified":"2024-03-12T09:44:22+00:00","description":"erba italia ERBA was established in 2007, in the heart of \u201cBrianza\u201d region in North-Italy, this area is well known for exclusive sofas, armchairs and","breadcrumb":{"@id":"https:\/\/estorio.com\/erba-italia\/#breadcrumb"},"inLanguage":"hu","potentialAction":[{"@type":"ReadAction","target":["https:\/\/estorio.com\/erba-italia\/"]}]},{"@type":"BreadcrumbList","@id":"https:\/\/estorio.com\/erba-italia\/#breadcrumb","itemListElement":[{"@type":"ListItem","position":1,"name":"Kezd\u0151lap","item":"https:\/\/estorio.com\/"},{"@type":"ListItem","position":2,"name":"ERBA ITALIA"}]},{"@type":"WebSite","@id":"https:\/\/estorio.com\/#website","url":"https:\/\/estorio.com\/","name":"R\u00f3lunk","description":"Home of designer brands","publisher":{"@id":"https:\/\/estorio.com\/#organization"},"potentialAction":[{"@type":"SearchAction","target":{"@type":"EntryPoint","urlTemplate":"https:\/\/estorio.com\/?s={search_term_string}"},"query-input":{"@type":"PropertyValueSpecification","valueRequired":true,"valueName":"search_term_string"}}],"inLanguage":"hu"},{"@type":"Organization","@id":"https:\/\/estorio.com\/#organization","name":"estorio","url":"https:\/\/estorio.com\/","logo":{"@type":"ImageObject","inLanguage":"hu","@id":"https:\/\/estorio.com\/#\/schema\/logo\/image\/","url":"https:\/\/estorio.com\/wp-content\/uploads\/2022\/01\/20220216_estoriologo_1-02.png","contentUrl":"https:\/\/estorio.com\/wp-content\/uploads\/2022\/01\/20220216_estoriologo_1-02.png","width":10915,"height":2860,"caption":"estorio"},"image":{"@id":"https:\/\/estorio.com\/#\/schema\/logo\/image\/"},"sameAs":["https:\/\/www.facebook.com\/estorio.home","https:\/\/www.instagram.com\/estorio.home\/","https:\/\/www.linkedin.com\/company\/estorio-home-of-designer-brands\/"]}]}},"_links":{"self":[{"href":"https:\/\/estorio.com\/hu\/wp-json\/wp\/v2\/pages\/5099","targetHints":{"allow":["GET"]}}],"collection":[{"href":"https:\/\/estorio.com\/hu\/wp-json\/wp\/v2\/pages"}],"about":[{"href":"https:\/\/estorio.com\/hu\/wp-json\/wp\/v2\/types\/page"}],"author":[{"embeddable":true,"href":"https:\/\/estorio.com\/hu\/wp-json\/wp\/v2\/users\/1"}],"replies":[{"embeddable":true,"href":"https:\/\/estorio.com\/hu\/wp-json\/wp\/v2\/comments?post=5099"}],"version-history":[{"count":20,"href":"https:\/\/estorio.com\/hu\/wp-json\/wp\/v2\/pages\/5099\/revisions"}],"predecessor-version":[{"id":13109,"href":"https:\/\/estorio.com\/hu\/wp-json\/wp\/v2\/pages\/5099\/revisions\/13109"}],"wp:attachment":[{"href":"https:\/\/estorio.com\/hu\/wp-json\/wp\/v2\/media?parent=5099"}],"curies":[{"name":"wp","href":"https:\/\/api.w.org\/{rel}","templated":true}]}}