{"id":5069,"date":"2022-03-26T14:58:07","date_gmt":"2022-03-26T13:58:07","guid":{"rendered":"https:\/\/estorio.com\/?page_id=5069"},"modified":"2022-04-14T09:41:25","modified_gmt":"2022-04-14T08:41:25","slug":"besana","status":"publish","type":"page","link":"https:\/\/estorio.com\/hu\/besana\/","title":{"rendered":"BESANA"},"content":{"rendered":"<div data-elementor-type=\"wp-page\" data-elementor-id=\"5069\" class=\"elementor elementor-5069\" data-elementor-post-type=\"page\">\n\t\t\t\t\t\t<section class=\"elementor-section elementor-top-section elementor-element elementor-element-a1f1514 elementor-hidden-tablet elementor-section-boxed elementor-section-height-default elementor-section-height-default\" data-id=\"a1f1514\" data-element_type=\"section\" data-e-type=\"section\">\n\t\t\t\t\t\t<div class=\"elementor-container elementor-column-gap-default\">\n\t\t\t\t\t<div class=\"elementor-column elementor-col-50 elementor-top-column elementor-element elementor-element-243f9118\" data-id=\"243f9118\" data-element_type=\"column\" data-e-type=\"column\">\n\t\t\t<div class=\"elementor-widget-wrap elementor-element-populated\">\n\t\t\t\t\t\t<div class=\"elementor-element elementor-element-7fd6d6c7 elementor--h-position-center elementor--v-position-middle elementor-arrows-position-inside elementor-pagination-position-inside elementor-widget elementor-widget-slides\" data-id=\"7fd6d6c7\" data-element_type=\"widget\" data-e-type=\"widget\" data-settings=\"{&quot;navigation&quot;:&quot;both&quot;,&quot;autoplay&quot;:&quot;yes&quot;,&quot;pause_on_hover&quot;:&quot;yes&quot;,&quot;pause_on_interaction&quot;:&quot;yes&quot;,&quot;autoplay_speed&quot;:5000,&quot;infinite&quot;:&quot;yes&quot;,&quot;transition&quot;:&quot;slide&quot;,&quot;transition_speed&quot;:500}\" data-widget_type=\"slides.default\">\n\t\t\t\t<div class=\"elementor-widget-container\">\n\t\t\t\t\t\t\t\t\t<div class=\"elementor-swiper\">\n\t\t\t\t\t<div class=\"elementor-slides-wrapper elementor-main-swiper swiper\" role=\"region\" aria-roledescription=\"carousel\" aria-label=\"Di\u00e1k\" dir=\"ltr\" data-animation=\"fadeInUp\">\n\t\t\t\t<div class=\"swiper-wrapper elementor-slides\">\n\t\t\t\t\t\t\t\t\t\t<div class=\"elementor-repeater-item-6a723bd swiper-slide\" role=\"group\" aria-roledescription=\"slide\"><div class=\"swiper-slide-bg\" role=\"img\" aria-label=\"20220326_besana\"><\/div><div class=\"swiper-slide-inner\" ><div class=\"swiper-slide-contents\"><\/div><\/div><\/div>\t\t\t\t<\/div>\n\t\t\t\t\t\t\t<\/div>\n\t\t\t\t<\/div>\n\t\t\t\t\t\t\t\t<\/div>\n\t\t\t\t<\/div>\n\t\t\t\t\t<\/div>\n\t\t<\/div>\n\t\t\t\t<div class=\"elementor-column elementor-col-50 elementor-top-column elementor-element elementor-element-29b7dff3\" data-id=\"29b7dff3\" data-element_type=\"column\" data-e-type=\"column\">\n\t\t\t<div class=\"elementor-widget-wrap elementor-element-populated\">\n\t\t\t\t\t\t<div class=\"elementor-element elementor-element-6e516310 elementor-widget elementor-widget-heading\" data-id=\"6e516310\" data-element_type=\"widget\" data-e-type=\"widget\" data-widget_type=\"heading.default\">\n\t\t\t\t<div class=\"elementor-widget-container\">\n\t\t\t\t\t<h2 class=\"elementor-heading-title elementor-size-default\">besana<\/h2>\t\t\t\t<\/div>\n\t\t\t\t<\/div>\n\t\t\t\t<div class=\"elementor-element elementor-element-5440b14d elementor-widget elementor-widget-text-editor\" data-id=\"5440b14d\" data-element_type=\"widget\" data-e-type=\"widget\" data-widget_type=\"text-editor.default\">\n\t\t\t\t<div class=\"elementor-widget-container\">\n\t\t\t\t\t\t\t\t\t<p>Innovat\u00edv szellemis\u00e9gnek \u00e9s a korszer\u0171 fest\u00e9si \u00e9s gy\u00e1rt\u00e1si technol\u00f3gi\u00e1nak k\u00f6sz\u00f6nhet\u0151en a Besana t\u00f6bb mint negyven \u00e9ve k\u00e9pes b\u00e1rmilyen elj\u00e1r\u00e1ssal sz\u0151nyegeket, fut\u00f3sz\u0151nyegeket \u00e9s rongysz\u0151nyegeket k\u00e9sz\u00edteni, \u00e9s magas min\u0151s\u00e9g\u0171, egyedi tervez\u00e9s\u0171 term\u00e9kpalett\u00e1val kiel\u00e9g\u00edteni a tervez\u0151k \u00e9s mag\u00e1nszem\u00e9lyek ig\u00e9nyeit. A Roberto Besana \u00e1ltal 1987-ben alap\u00edtott Besana v\u00e1llalat 1990 \u00f3ta tagja az elismert Associazione dell'Industria Laniera Italiana szervezetnek. 2007-ben pedig megalap\u00edtott\u00e1k a Besana Carpet Lab m\u00e1rk\u00e1t, egy igazi m\u0171helyt, ahov\u00e1 \u00e9p\u00edt\u00e9szeket, tervez\u0151ket \u00e9s egy\u00e9ni \u00fcgyfeleket h\u00edvnak meg, hogy k\u00eds\u00e9rletezzenek \u00e9s l\u00e9trehozzanak \u00faj sz\u00edn-, text\u00fara- \u00e9s fonalkombin\u00e1ci\u00f3kat a k\u00f6zter\u00fcletek vagy mag\u00e1nlak\u00e1sok d\u00edsz\u00edt\u00e9s\u00e9re.<br \/>A gondos odafigyel\u00e9s \u00e9s a vev\u0151 minden ig\u00e9ny\u00e9nek kiel\u00e9g\u00edt\u00e9se teszi igaz\u00e1n k\u00fcl\u00f6nlegess\u00e9 a Besana m\u00e1rk\u00e1t.<\/p>\t\t\t\t\t\t\t\t<\/div>\n\t\t\t\t<\/div>\n\t\t\t\t\t<\/div>\n\t\t<\/div>\n\t\t\t\t\t<\/div>\n\t\t<\/section>\n\t\t\t\t<section class=\"elementor-section elementor-top-section elementor-element elementor-element-5eb93ed3 elementor-hidden-desktop elementor-hidden-mobile elementor-section-boxed elementor-section-height-default elementor-section-height-default\" data-id=\"5eb93ed3\" data-element_type=\"section\" data-e-type=\"section\">\n\t\t\t\t\t\t<div class=\"elementor-container elementor-column-gap-default\">\n\t\t\t\t\t<div class=\"elementor-column elementor-col-100 elementor-top-column elementor-element elementor-element-431999c1\" data-id=\"431999c1\" data-element_type=\"column\" data-e-type=\"column\">\n\t\t\t<div class=\"elementor-widget-wrap elementor-element-populated\">\n\t\t\t\t\t\t<div class=\"elementor-element elementor-element-1abc7940 elementor--h-position-center elementor--v-position-middle elementor-arrows-position-inside elementor-pagination-position-inside elementor-widget elementor-widget-slides\" data-id=\"1abc7940\" data-element_type=\"widget\" data-e-type=\"widget\" data-settings=\"{&quot;navigation&quot;:&quot;both&quot;,&quot;autoplay&quot;:&quot;yes&quot;,&quot;pause_on_hover&quot;:&quot;yes&quot;,&quot;pause_on_interaction&quot;:&quot;yes&quot;,&quot;autoplay_speed&quot;:5000,&quot;infinite&quot;:&quot;yes&quot;,&quot;transition&quot;:&quot;slide&quot;,&quot;transition_speed&quot;:500}\" data-widget_type=\"slides.default\">\n\t\t\t\t<div class=\"elementor-widget-container\">\n\t\t\t\t\t\t\t\t\t<div class=\"elementor-swiper\">\n\t\t\t\t\t<div class=\"elementor-slides-wrapper elementor-main-swiper swiper\" role=\"region\" aria-roledescription=\"carousel\" aria-label=\"Di\u00e1k\" dir=\"ltr\" data-animation=\"fadeInUp\">\n\t\t\t\t<div class=\"swiper-wrapper elementor-slides\">\n\t\t\t\t\t\t\t\t\t\t<div class=\"elementor-repeater-item-6a723bd swiper-slide\" role=\"group\" aria-roledescription=\"slide\"><div class=\"swiper-slide-bg\" role=\"img\" aria-label=\"20220326_besana\"><\/div><div class=\"swiper-slide-inner\" ><div class=\"swiper-slide-contents\"><\/div><\/div><\/div>\t\t\t\t<\/div>\n\t\t\t\t\t\t\t<\/div>\n\t\t\t\t<\/div>\n\t\t\t\t\t\t\t\t<\/div>\n\t\t\t\t<\/div>\n\t\t\t\t<div class=\"elementor-element elementor-element-303eff4a elementor-widget elementor-widget-heading\" data-id=\"303eff4a\" data-element_type=\"widget\" data-e-type=\"widget\" data-widget_type=\"heading.default\">\n\t\t\t\t<div class=\"elementor-widget-container\">\n\t\t\t\t\t<h2 class=\"elementor-heading-title elementor-size-default\">besana<\/h2>\t\t\t\t<\/div>\n\t\t\t\t<\/div>\n\t\t\t\t<div class=\"elementor-element elementor-element-3c2daedf elementor-widget elementor-widget-text-editor\" data-id=\"3c2daedf\" data-element_type=\"widget\" data-e-type=\"widget\" data-widget_type=\"text-editor.default\">\n\t\t\t\t<div class=\"elementor-widget-container\">\n\t\t\t\t\t\t\t\t\t<p>Thanks to a pioneering spirit and advancing systems of dyeing and manufacturing, for over forty years Besana has been able to perform any kind of process on carpets, runners and rugs and satisfy the creativity of designers and individuals, manufacturing bespoke products of the highest quality.<\/p><p>Founded in 1987 by Roberto Besana, since 1990 Besana company has been a member of the celebrated and prestigious Associazione dell\u2019Industria Laniera Italiana. In 2007 the brand Besana Carpet Lab was established, a real workshop into which they invite architects, designers and private clients to experiment with and create new combinations of colours, textures and yarns for decorating public places or private homes.<\/p><p>A gondos odafigyel\u00e9s \u00e9s a vev\u0151 minden ig\u00e9ny\u00e9nek kiel\u00e9g\u00edt\u00e9se teszi igaz\u00e1n k\u00fcl\u00f6nlegess\u00e9 a Besana m\u00e1rk\u00e1t.<\/p>\t\t\t\t\t\t\t\t<\/div>\n\t\t\t\t<\/div>\n\t\t\t\t\t<\/div>\n\t\t<\/div>\n\t\t\t\t\t<\/div>\n\t\t<\/section>\n\t\t\t\t<\/div>","protected":false},"excerpt":{"rendered":"<p>besana Thanks to a pioneering spirit and advancing systems of dyeing and manufacturing, for over forty years Besana has been able to perform any kind of process on carpets, runners and rugs and satisfy the creativity of designers and individuals, manufacturing bespoke products of the highest quality. Founded in 1987 by Roberto Besana, since 1990 [&hellip;]<\/p>\n","protected":false},"author":1,"featured_media":5070,"parent":0,"menu_order":0,"comment_status":"closed","ping_status":"closed","template":"elementor_header_footer","meta":{"footnotes":""},"class_list":["post-5069","page","type-page","status-publish","has-post-thumbnail","hentry"],"yoast_head":"<!-- This site is optimized with the Yoast SEO plugin v27.4 - https:\/\/yoast.com\/product\/yoast-seo-wordpress\/ -->\n<title>BESANA<\/title>\n<meta name=\"description\" content=\"besana Thanks to a pioneering spirit and advancing systems of dyeing and manufacturing, for over forty years Besana has been able to perform any kind of\" \/>\n<meta name=\"robots\" content=\"index, follow, max-snippet:-1, max-image-preview:large, max-video-preview:-1\" \/>\n<link rel=\"canonical\" href=\"https:\/\/estorio.com\/hu\/besana\/\" \/>\n<meta property=\"og:locale\" content=\"hu_HU\" \/>\n<meta property=\"og:type\" content=\"article\" \/>\n<meta property=\"og:title\" content=\"BESANA\" \/>\n<meta property=\"og:description\" content=\"besana Thanks to a pioneering spirit and advancing systems of dyeing and manufacturing, for over forty years Besana has been able to perform any kind of\" \/>\n<meta property=\"og:url\" content=\"https:\/\/estorio.com\/hu\/besana\/\" \/>\n<meta property=\"og:site_name\" content=\"Estorio\" \/>\n<meta property=\"article:publisher\" content=\"https:\/\/www.facebook.com\/estorio.home\" \/>\n<meta property=\"article:modified_time\" content=\"2022-04-14T08:41:25+00:00\" \/>\n<meta property=\"og:image\" content=\"https:\/\/estorio.com\/wp-content\/uploads\/2022\/03\/20220326_besana-scaled-e1648303071613.jpg\" \/>\n\t<meta property=\"og:image:width\" content=\"1500\" \/>\n\t<meta property=\"og:image:height\" content=\"1061\" \/>\n\t<meta property=\"og:image:type\" content=\"image\/jpeg\" \/>\n<meta name=\"twitter:card\" content=\"summary_large_image\" \/>\n<meta name=\"twitter:label1\" content=\"Becs\u00fclt olvas\u00e1si id\u0151\" \/>\n\t<meta name=\"twitter:data1\" content=\"2 perc\" \/>\n<script type=\"application\/ld+json\" class=\"yoast-schema-graph\">{\"@context\":\"https:\\\/\\\/schema.org\",\"@graph\":[{\"@type\":\"WebPage\",\"@id\":\"https:\\\/\\\/estorio.com\\\/besana\\\/\",\"url\":\"https:\\\/\\\/estorio.com\\\/besana\\\/\",\"name\":\"BESANA\",\"isPartOf\":{\"@id\":\"https:\\\/\\\/estorio.com\\\/#website\"},\"primaryImageOfPage\":{\"@id\":\"https:\\\/\\\/estorio.com\\\/besana\\\/#primaryimage\"},\"image\":{\"@id\":\"https:\\\/\\\/estorio.com\\\/besana\\\/#primaryimage\"},\"thumbnailUrl\":\"https:\\\/\\\/estorio.com\\\/wp-content\\\/uploads\\\/2022\\\/03\\\/20220326_besana-scaled-e1648303071613.jpg\",\"datePublished\":\"2022-03-26T13:58:07+00:00\",\"dateModified\":\"2022-04-14T08:41:25+00:00\",\"description\":\"besana Thanks to a pioneering spirit and advancing systems of dyeing and manufacturing, for over forty years Besana has been able to perform any kind of\",\"breadcrumb\":{\"@id\":\"https:\\\/\\\/estorio.com\\\/besana\\\/#breadcrumb\"},\"inLanguage\":\"hu\",\"potentialAction\":[{\"@type\":\"ReadAction\",\"target\":[\"https:\\\/\\\/estorio.com\\\/besana\\\/\"]}]},{\"@type\":\"ImageObject\",\"inLanguage\":\"hu\",\"@id\":\"https:\\\/\\\/estorio.com\\\/besana\\\/#primaryimage\",\"url\":\"https:\\\/\\\/estorio.com\\\/wp-content\\\/uploads\\\/2022\\\/03\\\/20220326_besana-scaled-e1648303071613.jpg\",\"contentUrl\":\"https:\\\/\\\/estorio.com\\\/wp-content\\\/uploads\\\/2022\\\/03\\\/20220326_besana-scaled-e1648303071613.jpg\",\"width\":1500,\"height\":1061},{\"@type\":\"BreadcrumbList\",\"@id\":\"https:\\\/\\\/estorio.com\\\/besana\\\/#breadcrumb\",\"itemListElement\":[{\"@type\":\"ListItem\",\"position\":1,\"name\":\"Kezd\u0151lap\",\"item\":\"https:\\\/\\\/estorio.com\\\/\"},{\"@type\":\"ListItem\",\"position\":2,\"name\":\"BESANA\"}]},{\"@type\":\"WebSite\",\"@id\":\"https:\\\/\\\/estorio.com\\\/#website\",\"url\":\"https:\\\/\\\/estorio.com\\\/\",\"name\":\"Estorio\",\"description\":\"Home of designer brands\",\"publisher\":{\"@id\":\"https:\\\/\\\/estorio.com\\\/#organization\"},\"potentialAction\":[{\"@type\":\"SearchAction\",\"target\":{\"@type\":\"EntryPoint\",\"urlTemplate\":\"https:\\\/\\\/estorio.com\\\/?s={search_term_string}\"},\"query-input\":{\"@type\":\"PropertyValueSpecification\",\"valueRequired\":true,\"valueName\":\"search_term_string\"}}],\"inLanguage\":\"hu\"},{\"@type\":\"Organization\",\"@id\":\"https:\\\/\\\/estorio.com\\\/#organization\",\"name\":\"estorio\",\"url\":\"https:\\\/\\\/estorio.com\\\/\",\"logo\":{\"@type\":\"ImageObject\",\"inLanguage\":\"hu\",\"@id\":\"https:\\\/\\\/estorio.com\\\/#\\\/schema\\\/logo\\\/image\\\/\",\"url\":\"https:\\\/\\\/estorio.com\\\/wp-content\\\/uploads\\\/2022\\\/01\\\/20220216_estoriologo_1-02.png\",\"contentUrl\":\"https:\\\/\\\/estorio.com\\\/wp-content\\\/uploads\\\/2022\\\/01\\\/20220216_estoriologo_1-02.png\",\"width\":10915,\"height\":2860,\"caption\":\"estorio\"},\"image\":{\"@id\":\"https:\\\/\\\/estorio.com\\\/#\\\/schema\\\/logo\\\/image\\\/\"},\"sameAs\":[\"https:\\\/\\\/www.facebook.com\\\/estorio.home\",\"https:\\\/\\\/www.instagram.com\\\/estorio.home\\\/\",\"https:\\\/\\\/www.linkedin.com\\\/company\\\/estorio-home-of-designer-brands\\\/\"]}]}<\/script>\n<!-- \/ Yoast SEO plugin. -->","yoast_head_json":{"title":"BESANA","description":"besana Thanks to a pioneering spirit and advancing systems of dyeing and manufacturing, for over forty years Besana has been able to perform any kind of","robots":{"index":"index","follow":"follow","max-snippet":"max-snippet:-1","max-image-preview":"max-image-preview:large","max-video-preview":"max-video-preview:-1"},"canonical":"https:\/\/estorio.com\/hu\/besana\/","og_locale":"hu_HU","og_type":"article","og_title":"BESANA","og_description":"besana Thanks to a pioneering spirit and advancing systems of dyeing and manufacturing, for over forty years Besana has been able to perform any kind of","og_url":"https:\/\/estorio.com\/hu\/besana\/","og_site_name":"Estorio","article_publisher":"https:\/\/www.facebook.com\/estorio.home","article_modified_time":"2022-04-14T08:41:25+00:00","og_image":[{"width":1500,"height":1061,"url":"https:\/\/estorio.com\/wp-content\/uploads\/2022\/03\/20220326_besana-scaled-e1648303071613.jpg","type":"image\/jpeg"}],"twitter_card":"summary_large_image","twitter_misc":{"Becs\u00fclt olvas\u00e1si id\u0151":"2 perc"},"schema":{"@context":"https:\/\/schema.org","@graph":[{"@type":"WebPage","@id":"https:\/\/estorio.com\/besana\/","url":"https:\/\/estorio.com\/besana\/","name":"BESANA","isPartOf":{"@id":"https:\/\/estorio.com\/#website"},"primaryImageOfPage":{"@id":"https:\/\/estorio.com\/besana\/#primaryimage"},"image":{"@id":"https:\/\/estorio.com\/besana\/#primaryimage"},"thumbnailUrl":"https:\/\/estorio.com\/wp-content\/uploads\/2022\/03\/20220326_besana-scaled-e1648303071613.jpg","datePublished":"2022-03-26T13:58:07+00:00","dateModified":"2022-04-14T08:41:25+00:00","description":"besana Thanks to a pioneering spirit and advancing systems of dyeing and manufacturing, for over forty years Besana has been able to perform any kind of","breadcrumb":{"@id":"https:\/\/estorio.com\/besana\/#breadcrumb"},"inLanguage":"hu","potentialAction":[{"@type":"ReadAction","target":["https:\/\/estorio.com\/besana\/"]}]},{"@type":"ImageObject","inLanguage":"hu","@id":"https:\/\/estorio.com\/besana\/#primaryimage","url":"https:\/\/estorio.com\/wp-content\/uploads\/2022\/03\/20220326_besana-scaled-e1648303071613.jpg","contentUrl":"https:\/\/estorio.com\/wp-content\/uploads\/2022\/03\/20220326_besana-scaled-e1648303071613.jpg","width":1500,"height":1061},{"@type":"BreadcrumbList","@id":"https:\/\/estorio.com\/besana\/#breadcrumb","itemListElement":[{"@type":"ListItem","position":1,"name":"Kezd\u0151lap","item":"https:\/\/estorio.com\/"},{"@type":"ListItem","position":2,"name":"BESANA"}]},{"@type":"WebSite","@id":"https:\/\/estorio.com\/#website","url":"https:\/\/estorio.com\/","name":"R\u00f3lunk","description":"Home of designer brands","publisher":{"@id":"https:\/\/estorio.com\/#organization"},"potentialAction":[{"@type":"SearchAction","target":{"@type":"EntryPoint","urlTemplate":"https:\/\/estorio.com\/?s={search_term_string}"},"query-input":{"@type":"PropertyValueSpecification","valueRequired":true,"valueName":"search_term_string"}}],"inLanguage":"hu"},{"@type":"Organization","@id":"https:\/\/estorio.com\/#organization","name":"estorio","url":"https:\/\/estorio.com\/","logo":{"@type":"ImageObject","inLanguage":"hu","@id":"https:\/\/estorio.com\/#\/schema\/logo\/image\/","url":"https:\/\/estorio.com\/wp-content\/uploads\/2022\/01\/20220216_estoriologo_1-02.png","contentUrl":"https:\/\/estorio.com\/wp-content\/uploads\/2022\/01\/20220216_estoriologo_1-02.png","width":10915,"height":2860,"caption":"estorio"},"image":{"@id":"https:\/\/estorio.com\/#\/schema\/logo\/image\/"},"sameAs":["https:\/\/www.facebook.com\/estorio.home","https:\/\/www.instagram.com\/estorio.home\/","https:\/\/www.linkedin.com\/company\/estorio-home-of-designer-brands\/"]}]}},"_links":{"self":[{"href":"https:\/\/estorio.com\/hu\/wp-json\/wp\/v2\/pages\/5069","targetHints":{"allow":["GET"]}}],"collection":[{"href":"https:\/\/estorio.com\/hu\/wp-json\/wp\/v2\/pages"}],"about":[{"href":"https:\/\/estorio.com\/hu\/wp-json\/wp\/v2\/types\/page"}],"author":[{"embeddable":true,"href":"https:\/\/estorio.com\/hu\/wp-json\/wp\/v2\/users\/1"}],"replies":[{"embeddable":true,"href":"https:\/\/estorio.com\/hu\/wp-json\/wp\/v2\/comments?post=5069"}],"version-history":[{"count":8,"href":"https:\/\/estorio.com\/hu\/wp-json\/wp\/v2\/pages\/5069\/revisions"}],"predecessor-version":[{"id":7043,"href":"https:\/\/estorio.com\/hu\/wp-json\/wp\/v2\/pages\/5069\/revisions\/7043"}],"wp:featuredmedia":[{"embeddable":true,"href":"https:\/\/estorio.com\/hu\/wp-json\/wp\/v2\/media\/5070"}],"wp:attachment":[{"href":"https:\/\/estorio.com\/hu\/wp-json\/wp\/v2\/media?parent=5069"}],"curies":[{"name":"wp","href":"https:\/\/api.w.org\/{rel}","templated":true}]}}