{"id":5059,"date":"2022-03-26T14:54:09","date_gmt":"2022-03-26T13:54:09","guid":{"rendered":"https:\/\/estorio.com\/?page_id=5059"},"modified":"2024-03-12T11:11:31","modified_gmt":"2024-03-12T10:11:31","slug":"valpaint","status":"publish","type":"page","link":"https:\/\/estorio.com\/hu\/valpaint\/","title":{"rendered":"VALPAINT"},"content":{"rendered":"<div data-elementor-type=\"wp-page\" data-elementor-id=\"5059\" class=\"elementor elementor-5059\" data-elementor-post-type=\"page\">\n\t\t\t\t\t\t<section class=\"elementor-section elementor-top-section elementor-element elementor-element-17745f7e elementor-section-boxed elementor-section-height-default elementor-section-height-default\" data-id=\"17745f7e\" data-element_type=\"section\" data-e-type=\"section\">\n\t\t\t\t\t\t<div class=\"elementor-container elementor-column-gap-default\">\n\t\t\t\t\t<div class=\"elementor-column elementor-col-50 elementor-top-column elementor-element elementor-element-3a6c0cbb\" data-id=\"3a6c0cbb\" data-element_type=\"column\" data-e-type=\"column\">\n\t\t\t<div class=\"elementor-widget-wrap elementor-element-populated\">\n\t\t\t\t\t\t<div class=\"elementor-element elementor-element-72ca1d92 elementor--h-position-center elementor--v-position-middle elementor-arrows-position-inside elementor-pagination-position-inside elementor-widget elementor-widget-slides\" data-id=\"72ca1d92\" data-element_type=\"widget\" data-e-type=\"widget\" data-settings=\"{&quot;navigation&quot;:&quot;both&quot;,&quot;autoplay&quot;:&quot;yes&quot;,&quot;pause_on_hover&quot;:&quot;yes&quot;,&quot;pause_on_interaction&quot;:&quot;yes&quot;,&quot;autoplay_speed&quot;:5000,&quot;infinite&quot;:&quot;yes&quot;,&quot;transition&quot;:&quot;slide&quot;,&quot;transition_speed&quot;:500}\" data-widget_type=\"slides.default\">\n\t\t\t\t<div class=\"elementor-widget-container\">\n\t\t\t\t\t\t\t\t\t<div class=\"elementor-swiper\">\n\t\t\t\t\t<div class=\"elementor-slides-wrapper elementor-main-swiper swiper\" role=\"region\" aria-roledescription=\"carousel\" aria-label=\"Di\u00e1k\" dir=\"ltr\" data-animation=\"fadeInUp\">\n\t\t\t\t<div class=\"swiper-wrapper elementor-slides\">\n\t\t\t\t\t\t\t\t\t\t<div class=\"elementor-repeater-item-6a723bd swiper-slide\" role=\"group\" aria-roledescription=\"slide\"><div class=\"swiper-slide-bg\" role=\"img\" aria-label=\"20220326_Valpaint\"><\/div><div class=\"swiper-slide-inner\" ><div class=\"swiper-slide-contents\"><\/div><\/div><\/div>\t\t\t\t<\/div>\n\t\t\t\t\t\t\t<\/div>\n\t\t\t\t<\/div>\n\t\t\t\t\t\t\t\t<\/div>\n\t\t\t\t<\/div>\n\t\t\t\t\t<\/div>\n\t\t<\/div>\n\t\t\t\t<div class=\"elementor-column elementor-col-50 elementor-top-column elementor-element elementor-element-24fbfef6\" data-id=\"24fbfef6\" data-element_type=\"column\" data-e-type=\"column\">\n\t\t\t<div class=\"elementor-widget-wrap elementor-element-populated\">\n\t\t\t\t\t\t<div class=\"elementor-element elementor-element-7f3a5237 elementor-widget elementor-widget-heading\" data-id=\"7f3a5237\" data-element_type=\"widget\" data-e-type=\"widget\" data-widget_type=\"heading.default\">\n\t\t\t\t<div class=\"elementor-widget-container\">\n\t\t\t\t\t<h2 class=\"elementor-heading-title elementor-size-default\">valpaint<\/h2>\t\t\t\t<\/div>\n\t\t\t\t<\/div>\n\t\t\t\t<div class=\"elementor-element elementor-element-626a6b75 elementor-widget elementor-widget-text-editor\" data-id=\"626a6b75\" data-element_type=\"widget\" data-e-type=\"widget\" data-widget_type=\"text-editor.default\">\n\t\t\t\t<div class=\"elementor-widget-container\">\n\t\t\t\t\t\t\t\t\t<p>A Valpaint piacvezet\u0151 belt\u00e9ri \u00e9s k\u00fclt\u00e9ri fest\u00e9k- \u00e9s falburkolatgy\u00e1rt\u00f3 c\u00e9g.<\/p><p>A v\u00e1llalatot Ferdinando Sarti alap\u00edtotta 1988-ban, \u00e9s m\u00e1ra Olaszorsz\u00e1g egyik legfejlettebb technol\u00f3gi\u00e1val rendelkez\u0151 c\u00e9gek\u00e9nt tartj\u00e1k sz\u00e1mon.<\/p><p>Ez k\u00f6sz\u00f6nhet\u0151 a v\u00e1llalat saj\u00e1t kutat\u00f3- \u00e9s fejleszt\u0151laborat\u00f3riumaiban v\u00e9gzett munk\u00e1nak, ahol k\u00fcls\u0151 szak\u00e9rt\u0151 vegy\u00e9szekkel \u00e9s technikusokkal is egy\u00fcttm\u0171k\u00f6dnek ahhoz, hogy \u00fcgyfeleik sz\u00e1m\u00e1ra a legjobb megold\u00e1sokat ny\u00fajts\u00e1k egyedi ig\u00e9nyeik megval\u00f3s\u00edt\u00e1s\u00e1hoz. A Valpaint cs\u00facsmin\u0151s\u00e9g\u0171 innovat\u00edv \u00e9s k\u00f6rnyezetbar\u00e1t term\u00e9keket gy\u00e1rt.<\/p>\t\t\t\t\t\t\t\t<\/div>\n\t\t\t\t<\/div>\n\t\t\t\t\t<\/div>\n\t\t<\/div>\n\t\t\t\t\t<\/div>\n\t\t<\/section>\n\t\t\t\t<\/div>","protected":false},"excerpt":{"rendered":"<p>valpaint Valpaint is a market-leading manufacturer of paints and coatings for interior and exterior decoration. The company was founded by Ferdinando Sarti in 1988 and is considered to be one of the most technologically advanced firms in Italy. This is a result of the work carried out by its in-house research and development laboratories, which [&hellip;]<\/p>\n","protected":false},"author":1,"featured_media":5060,"parent":0,"menu_order":0,"comment_status":"closed","ping_status":"closed","template":"elementor_header_footer","meta":{"footnotes":""},"class_list":["post-5059","page","type-page","status-publish","has-post-thumbnail","hentry"],"yoast_head":"<!-- This site is optimized with the Yoast SEO plugin v27.4 - https:\/\/yoast.com\/product\/yoast-seo-wordpress\/ -->\n<title>VALPAINT<\/title>\n<meta name=\"description\" content=\"valpaint Valpaint is a market-leading manufacturer of paints and coatings for interior and exterior decoration.The company was founded by Ferdinando Sarti\" \/>\n<meta name=\"robots\" content=\"index, follow, max-snippet:-1, max-image-preview:large, max-video-preview:-1\" \/>\n<link rel=\"canonical\" href=\"https:\/\/estorio.com\/hu\/valpaint\/\" \/>\n<meta property=\"og:locale\" content=\"hu_HU\" \/>\n<meta property=\"og:type\" content=\"article\" \/>\n<meta property=\"og:title\" content=\"VALPAINT\" \/>\n<meta property=\"og:description\" content=\"valpaint Valpaint is a market-leading manufacturer of paints and coatings for interior and exterior decoration.The company was founded by Ferdinando Sarti\" \/>\n<meta property=\"og:url\" content=\"https:\/\/estorio.com\/hu\/valpaint\/\" \/>\n<meta property=\"og:site_name\" content=\"Estorio\" \/>\n<meta property=\"article:publisher\" content=\"https:\/\/www.facebook.com\/estorio.home\" \/>\n<meta property=\"article:modified_time\" content=\"2024-03-12T10:11:31+00:00\" \/>\n<meta property=\"og:image\" content=\"https:\/\/estorio.com\/wp-content\/uploads\/2022\/03\/20220326_Valpaint.jpg\" \/>\n\t<meta property=\"og:image:width\" content=\"999\" \/>\n\t<meta property=\"og:image:height\" content=\"707\" \/>\n\t<meta property=\"og:image:type\" content=\"image\/jpeg\" \/>\n<meta name=\"twitter:card\" content=\"summary_large_image\" \/>\n<meta name=\"twitter:label1\" content=\"Becs\u00fclt olvas\u00e1si id\u0151\" \/>\n\t<meta name=\"twitter:data1\" content=\"2 perc\" \/>\n<script type=\"application\/ld+json\" class=\"yoast-schema-graph\">{\"@context\":\"https:\\\/\\\/schema.org\",\"@graph\":[{\"@type\":\"WebPage\",\"@id\":\"https:\\\/\\\/estorio.com\\\/valpaint\\\/\",\"url\":\"https:\\\/\\\/estorio.com\\\/valpaint\\\/\",\"name\":\"VALPAINT\",\"isPartOf\":{\"@id\":\"https:\\\/\\\/estorio.com\\\/#website\"},\"primaryImageOfPage\":{\"@id\":\"https:\\\/\\\/estorio.com\\\/valpaint\\\/#primaryimage\"},\"image\":{\"@id\":\"https:\\\/\\\/estorio.com\\\/valpaint\\\/#primaryimage\"},\"thumbnailUrl\":\"https:\\\/\\\/estorio.com\\\/wp-content\\\/uploads\\\/2022\\\/03\\\/20220326_Valpaint.jpg\",\"datePublished\":\"2022-03-26T13:54:09+00:00\",\"dateModified\":\"2024-03-12T10:11:31+00:00\",\"description\":\"valpaint Valpaint is a market-leading manufacturer of paints and coatings for interior and exterior decoration.The company was founded by Ferdinando Sarti\",\"breadcrumb\":{\"@id\":\"https:\\\/\\\/estorio.com\\\/valpaint\\\/#breadcrumb\"},\"inLanguage\":\"hu\",\"potentialAction\":[{\"@type\":\"ReadAction\",\"target\":[\"https:\\\/\\\/estorio.com\\\/valpaint\\\/\"]}]},{\"@type\":\"ImageObject\",\"inLanguage\":\"hu\",\"@id\":\"https:\\\/\\\/estorio.com\\\/valpaint\\\/#primaryimage\",\"url\":\"https:\\\/\\\/estorio.com\\\/wp-content\\\/uploads\\\/2022\\\/03\\\/20220326_Valpaint.jpg\",\"contentUrl\":\"https:\\\/\\\/estorio.com\\\/wp-content\\\/uploads\\\/2022\\\/03\\\/20220326_Valpaint.jpg\",\"width\":999,\"height\":707},{\"@type\":\"BreadcrumbList\",\"@id\":\"https:\\\/\\\/estorio.com\\\/valpaint\\\/#breadcrumb\",\"itemListElement\":[{\"@type\":\"ListItem\",\"position\":1,\"name\":\"Kezd\u0151lap\",\"item\":\"https:\\\/\\\/estorio.com\\\/\"},{\"@type\":\"ListItem\",\"position\":2,\"name\":\"VALPAINT\"}]},{\"@type\":\"WebSite\",\"@id\":\"https:\\\/\\\/estorio.com\\\/#website\",\"url\":\"https:\\\/\\\/estorio.com\\\/\",\"name\":\"Estorio\",\"description\":\"Home of designer brands\",\"publisher\":{\"@id\":\"https:\\\/\\\/estorio.com\\\/#organization\"},\"potentialAction\":[{\"@type\":\"SearchAction\",\"target\":{\"@type\":\"EntryPoint\",\"urlTemplate\":\"https:\\\/\\\/estorio.com\\\/?s={search_term_string}\"},\"query-input\":{\"@type\":\"PropertyValueSpecification\",\"valueRequired\":true,\"valueName\":\"search_term_string\"}}],\"inLanguage\":\"hu\"},{\"@type\":\"Organization\",\"@id\":\"https:\\\/\\\/estorio.com\\\/#organization\",\"name\":\"estorio\",\"url\":\"https:\\\/\\\/estorio.com\\\/\",\"logo\":{\"@type\":\"ImageObject\",\"inLanguage\":\"hu\",\"@id\":\"https:\\\/\\\/estorio.com\\\/#\\\/schema\\\/logo\\\/image\\\/\",\"url\":\"https:\\\/\\\/estorio.com\\\/wp-content\\\/uploads\\\/2022\\\/01\\\/20220216_estoriologo_1-02.png\",\"contentUrl\":\"https:\\\/\\\/estorio.com\\\/wp-content\\\/uploads\\\/2022\\\/01\\\/20220216_estoriologo_1-02.png\",\"width\":10915,\"height\":2860,\"caption\":\"estorio\"},\"image\":{\"@id\":\"https:\\\/\\\/estorio.com\\\/#\\\/schema\\\/logo\\\/image\\\/\"},\"sameAs\":[\"https:\\\/\\\/www.facebook.com\\\/estorio.home\",\"https:\\\/\\\/www.instagram.com\\\/estorio.home\\\/\",\"https:\\\/\\\/www.linkedin.com\\\/company\\\/estorio-home-of-designer-brands\\\/\"]}]}<\/script>\n<!-- \/ Yoast SEO plugin. -->","yoast_head_json":{"title":"VALPAINT","description":"valpaint Valpaint is a market-leading manufacturer of paints and coatings for interior and exterior decoration.The company was founded by Ferdinando Sarti","robots":{"index":"index","follow":"follow","max-snippet":"max-snippet:-1","max-image-preview":"max-image-preview:large","max-video-preview":"max-video-preview:-1"},"canonical":"https:\/\/estorio.com\/hu\/valpaint\/","og_locale":"hu_HU","og_type":"article","og_title":"VALPAINT","og_description":"valpaint Valpaint is a market-leading manufacturer of paints and coatings for interior and exterior decoration.The company was founded by Ferdinando Sarti","og_url":"https:\/\/estorio.com\/hu\/valpaint\/","og_site_name":"Estorio","article_publisher":"https:\/\/www.facebook.com\/estorio.home","article_modified_time":"2024-03-12T10:11:31+00:00","og_image":[{"width":999,"height":707,"url":"https:\/\/estorio.com\/wp-content\/uploads\/2022\/03\/20220326_Valpaint.jpg","type":"image\/jpeg"}],"twitter_card":"summary_large_image","twitter_misc":{"Becs\u00fclt olvas\u00e1si id\u0151":"2 perc"},"schema":{"@context":"https:\/\/schema.org","@graph":[{"@type":"WebPage","@id":"https:\/\/estorio.com\/valpaint\/","url":"https:\/\/estorio.com\/valpaint\/","name":"VALPAINT","isPartOf":{"@id":"https:\/\/estorio.com\/#website"},"primaryImageOfPage":{"@id":"https:\/\/estorio.com\/valpaint\/#primaryimage"},"image":{"@id":"https:\/\/estorio.com\/valpaint\/#primaryimage"},"thumbnailUrl":"https:\/\/estorio.com\/wp-content\/uploads\/2022\/03\/20220326_Valpaint.jpg","datePublished":"2022-03-26T13:54:09+00:00","dateModified":"2024-03-12T10:11:31+00:00","description":"valpaint Valpaint is a market-leading manufacturer of paints and coatings for interior and exterior decoration.The company was founded by Ferdinando Sarti","breadcrumb":{"@id":"https:\/\/estorio.com\/valpaint\/#breadcrumb"},"inLanguage":"hu","potentialAction":[{"@type":"ReadAction","target":["https:\/\/estorio.com\/valpaint\/"]}]},{"@type":"ImageObject","inLanguage":"hu","@id":"https:\/\/estorio.com\/valpaint\/#primaryimage","url":"https:\/\/estorio.com\/wp-content\/uploads\/2022\/03\/20220326_Valpaint.jpg","contentUrl":"https:\/\/estorio.com\/wp-content\/uploads\/2022\/03\/20220326_Valpaint.jpg","width":999,"height":707},{"@type":"BreadcrumbList","@id":"https:\/\/estorio.com\/valpaint\/#breadcrumb","itemListElement":[{"@type":"ListItem","position":1,"name":"Kezd\u0151lap","item":"https:\/\/estorio.com\/"},{"@type":"ListItem","position":2,"name":"VALPAINT"}]},{"@type":"WebSite","@id":"https:\/\/estorio.com\/#website","url":"https:\/\/estorio.com\/","name":"R\u00f3lunk","description":"Home of designer brands","publisher":{"@id":"https:\/\/estorio.com\/#organization"},"potentialAction":[{"@type":"SearchAction","target":{"@type":"EntryPoint","urlTemplate":"https:\/\/estorio.com\/?s={search_term_string}"},"query-input":{"@type":"PropertyValueSpecification","valueRequired":true,"valueName":"search_term_string"}}],"inLanguage":"hu"},{"@type":"Organization","@id":"https:\/\/estorio.com\/#organization","name":"estorio","url":"https:\/\/estorio.com\/","logo":{"@type":"ImageObject","inLanguage":"hu","@id":"https:\/\/estorio.com\/#\/schema\/logo\/image\/","url":"https:\/\/estorio.com\/wp-content\/uploads\/2022\/01\/20220216_estoriologo_1-02.png","contentUrl":"https:\/\/estorio.com\/wp-content\/uploads\/2022\/01\/20220216_estoriologo_1-02.png","width":10915,"height":2860,"caption":"estorio"},"image":{"@id":"https:\/\/estorio.com\/#\/schema\/logo\/image\/"},"sameAs":["https:\/\/www.facebook.com\/estorio.home","https:\/\/www.instagram.com\/estorio.home\/","https:\/\/www.linkedin.com\/company\/estorio-home-of-designer-brands\/"]}]}},"_links":{"self":[{"href":"https:\/\/estorio.com\/hu\/wp-json\/wp\/v2\/pages\/5059","targetHints":{"allow":["GET"]}}],"collection":[{"href":"https:\/\/estorio.com\/hu\/wp-json\/wp\/v2\/pages"}],"about":[{"href":"https:\/\/estorio.com\/hu\/wp-json\/wp\/v2\/types\/page"}],"author":[{"embeddable":true,"href":"https:\/\/estorio.com\/hu\/wp-json\/wp\/v2\/users\/1"}],"replies":[{"embeddable":true,"href":"https:\/\/estorio.com\/hu\/wp-json\/wp\/v2\/comments?post=5059"}],"version-history":[{"count":20,"href":"https:\/\/estorio.com\/hu\/wp-json\/wp\/v2\/pages\/5059\/revisions"}],"predecessor-version":[{"id":13191,"href":"https:\/\/estorio.com\/hu\/wp-json\/wp\/v2\/pages\/5059\/revisions\/13191"}],"wp:featuredmedia":[{"embeddable":true,"href":"https:\/\/estorio.com\/hu\/wp-json\/wp\/v2\/media\/5060"}],"wp:attachment":[{"href":"https:\/\/estorio.com\/hu\/wp-json\/wp\/v2\/media?parent=5059"}],"curies":[{"name":"wp","href":"https:\/\/api.w.org\/{rel}","templated":true}]}}