{"id":4985,"date":"2022-03-26T14:22:50","date_gmt":"2022-03-26T13:22:50","guid":{"rendered":"https:\/\/estorio.com\/?page_id=4985"},"modified":"2024-03-12T11:05:22","modified_gmt":"2024-03-12T10:05:22","slug":"lea-ceramiche","status":"publish","type":"page","link":"https:\/\/estorio.com\/hu\/lea-ceramiche\/","title":{"rendered":"LEA CERAMICHE"},"content":{"rendered":"<div data-elementor-type=\"wp-page\" data-elementor-id=\"4985\" class=\"elementor elementor-4985\" data-elementor-post-type=\"page\">\n\t\t\t\t\t\t<section class=\"elementor-section elementor-top-section elementor-element elementor-element-6d5a01c5 elementor-section-boxed elementor-section-height-default elementor-section-height-default\" data-id=\"6d5a01c5\" data-element_type=\"section\" data-e-type=\"section\">\n\t\t\t\t\t\t<div class=\"elementor-container elementor-column-gap-default\">\n\t\t\t\t\t<div class=\"elementor-column elementor-col-50 elementor-top-column elementor-element elementor-element-6c841522\" data-id=\"6c841522\" data-element_type=\"column\" data-e-type=\"column\">\n\t\t\t<div class=\"elementor-widget-wrap elementor-element-populated\">\n\t\t\t\t\t\t<div class=\"elementor-element elementor-element-1282e37b elementor--h-position-center elementor--v-position-middle elementor-arrows-position-inside elementor-pagination-position-inside elementor-widget elementor-widget-slides\" data-id=\"1282e37b\" data-element_type=\"widget\" data-e-type=\"widget\" data-settings=\"{&quot;navigation&quot;:&quot;both&quot;,&quot;autoplay&quot;:&quot;yes&quot;,&quot;pause_on_hover&quot;:&quot;yes&quot;,&quot;pause_on_interaction&quot;:&quot;yes&quot;,&quot;autoplay_speed&quot;:5000,&quot;infinite&quot;:&quot;yes&quot;,&quot;transition&quot;:&quot;slide&quot;,&quot;transition_speed&quot;:500}\" data-widget_type=\"slides.default\">\n\t\t\t\t<div class=\"elementor-widget-container\">\n\t\t\t\t\t\t\t\t\t<div class=\"elementor-swiper\">\n\t\t\t\t\t<div class=\"elementor-slides-wrapper elementor-main-swiper swiper\" role=\"region\" aria-roledescription=\"carousel\" aria-label=\"Di\u00e1k\" dir=\"ltr\" data-animation=\"fadeInUp\">\n\t\t\t\t<div class=\"swiper-wrapper elementor-slides\">\n\t\t\t\t\t\t\t\t\t\t<div class=\"elementor-repeater-item-6a723bd swiper-slide\" role=\"group\" aria-roledescription=\"slide\"><div class=\"swiper-slide-bg\" role=\"img\" aria-label=\"20220326_LEA Ceramiche\"><\/div><div class=\"swiper-slide-inner\" ><div class=\"swiper-slide-contents\"><\/div><\/div><\/div>\t\t\t\t<\/div>\n\t\t\t\t\t\t\t<\/div>\n\t\t\t\t<\/div>\n\t\t\t\t\t\t\t\t<\/div>\n\t\t\t\t<\/div>\n\t\t\t\t\t<\/div>\n\t\t<\/div>\n\t\t\t\t<div class=\"elementor-column elementor-col-50 elementor-top-column elementor-element elementor-element-1fb7bf3c\" data-id=\"1fb7bf3c\" data-element_type=\"column\" data-e-type=\"column\">\n\t\t\t<div class=\"elementor-widget-wrap elementor-element-populated\">\n\t\t\t\t\t\t<div class=\"elementor-element elementor-element-22c985cf elementor-widget elementor-widget-heading\" data-id=\"22c985cf\" data-element_type=\"widget\" data-e-type=\"widget\" data-widget_type=\"heading.default\">\n\t\t\t\t<div class=\"elementor-widget-container\">\n\t\t\t\t\t<h2 class=\"elementor-heading-title elementor-size-default\">lea ceramiche<\/h2>\t\t\t\t<\/div>\n\t\t\t\t<\/div>\n\t\t\t\t<div class=\"elementor-element elementor-element-5038d431 elementor-widget elementor-widget-text-editor\" data-id=\"5038d431\" data-element_type=\"widget\" data-e-type=\"widget\" data-widget_type=\"text-editor.default\">\n\t\t\t\t<div class=\"elementor-widget-container\">\n\t\t\t\t\t\t\t\t\t<p>A Lea Ceramiche mindig is kit\u0171nt a t\u00f6megb\u0151l.<\/p><p>A c\u00e9g innovat\u00edv megold\u00e1sai, letisztult \u00e9s kiv\u00e1l\u00f3 m\u0171szaki tulajdons\u00e1gokkal rendelkez\u0151 term\u00e9kei, r\u00e9szletes kutat\u00e1son alapul\u00f3, tiszta ker\u00e1miaanyagai mind hozz\u00e1j\u00e1rulnak k\u00fcl\u00f6nlegess\u00e9g\u00e9hez. Mindemellett a legmodernebb gy\u00e1rt\u00e1si technol\u00f3gi\u00e1kkal \u00e9s a legismertebb nemzetk\u00f6zi tervez\u0151kkel dolgoznak egy\u00fctt, hogy a vil\u00e1gszerte kiemelked\u0151 projektben \u00e9s \u00e9p\u00fcletekben haszn\u00e1lt kollekci\u00f3k saj\u00e1toss\u00e1gai \u00e9s magas min\u0151s\u00e9g\u00fck is hangs\u00falyt kapjon.<\/p><p>Minden Lea Ceramiche kollekci\u00f3 - m\u00e9g a leghagyom\u00e1nyosabb is - kit\u0171nik min\u0151s\u00e9g\u00e9ben \u00e9s a ker\u00e1mia designban, k\u00f6sz\u00f6nhet\u0151en a sz\u00e9les term\u00e9kpalett\u00e1nak \u00e9s a d\u00edsz\u00edt\u00e9sek gazdags\u00e1g\u00e1nak. A technik\u00e1k \u00e9s anyagok \u00e1tfog\u00f3 ismerete \u00e9s a szakemberek \u00f6sszetart\u00f3 csapat\u00e1nak kreat\u00edv szellemis\u00e9ge k\u00f6zti sz\u00fcntelen egy\u00fcttm\u0171k\u00f6d\u00e9snek h\u00e1la sz\u00fcletnek az \u00faj \u00e9s innovat\u00edv \u00f6tletek, megold\u00e1sok \u00e9s kollekci\u00f3k.<\/p>\t\t\t\t\t\t\t\t<\/div>\n\t\t\t\t<\/div>\n\t\t\t\t\t<\/div>\n\t\t<\/div>\n\t\t\t\t\t<\/div>\n\t\t<\/section>\n\t\t\t\t<\/div>","protected":false},"excerpt":{"rendered":"<p>lea ceramiche Lea Ceramiche has always stood out from the crowd. And it has done so by innovating: with products with a\u00a0clear personality\u00a0and remarkable technical qualities, pure ceramic material originating from in-depth research and cutting-edge production technologies; and with the collaboration of the most respected\u00a0international designers\u00a0who are able to exalt the character and the qualities [&hellip;]<\/p>\n","protected":false},"author":1,"featured_media":0,"parent":0,"menu_order":0,"comment_status":"closed","ping_status":"closed","template":"elementor_header_footer","meta":{"footnotes":""},"class_list":["post-4985","page","type-page","status-publish","hentry"],"yoast_head":"<!-- This site is optimized with the Yoast SEO plugin v27.4 - https:\/\/yoast.com\/product\/yoast-seo-wordpress\/ -->\n<title>LEA CERAMICHE<\/title>\n<meta name=\"description\" content=\"lea ceramiche Lea Ceramiche has always stood out from the crowd.And it has done so by innovating: with products with a\u00a0clear personality\u00a0and remarkable\" \/>\n<meta name=\"robots\" content=\"index, follow, max-snippet:-1, max-image-preview:large, max-video-preview:-1\" \/>\n<link rel=\"canonical\" href=\"https:\/\/estorio.com\/hu\/lea-ceramiche\/\" \/>\n<meta property=\"og:locale\" content=\"hu_HU\" \/>\n<meta property=\"og:type\" content=\"article\" \/>\n<meta property=\"og:title\" content=\"LEA CERAMICHE\" \/>\n<meta property=\"og:description\" content=\"lea ceramiche Lea Ceramiche has always stood out from the crowd.And it has done so by innovating: with products with a\u00a0clear personality\u00a0and remarkable\" \/>\n<meta property=\"og:url\" content=\"https:\/\/estorio.com\/hu\/lea-ceramiche\/\" \/>\n<meta property=\"og:site_name\" content=\"Estorio\" \/>\n<meta property=\"article:publisher\" content=\"https:\/\/www.facebook.com\/estorio.home\" \/>\n<meta property=\"article:modified_time\" content=\"2024-03-12T10:05:22+00:00\" \/>\n<meta property=\"og:image\" content=\"https:\/\/estorio.com\/wp-content\/uploads\/2022\/03\/estorio-2396e.jpg\" \/>\n\t<meta property=\"og:image:width\" content=\"1920\" \/>\n\t<meta property=\"og:image:height\" content=\"1280\" \/>\n\t<meta property=\"og:image:type\" content=\"image\/jpeg\" \/>\n<meta name=\"twitter:card\" content=\"summary_large_image\" \/>\n<meta name=\"twitter:label1\" content=\"Becs\u00fclt olvas\u00e1si id\u0151\" \/>\n\t<meta name=\"twitter:data1\" content=\"2 perc\" \/>\n<script type=\"application\/ld+json\" class=\"yoast-schema-graph\">{\"@context\":\"https:\\\/\\\/schema.org\",\"@graph\":[{\"@type\":\"WebPage\",\"@id\":\"https:\\\/\\\/estorio.com\\\/lea-ceramiche\\\/\",\"url\":\"https:\\\/\\\/estorio.com\\\/lea-ceramiche\\\/\",\"name\":\"LEA CERAMICHE\",\"isPartOf\":{\"@id\":\"https:\\\/\\\/estorio.com\\\/#website\"},\"datePublished\":\"2022-03-26T13:22:50+00:00\",\"dateModified\":\"2024-03-12T10:05:22+00:00\",\"description\":\"lea ceramiche Lea Ceramiche has always stood out from the crowd.And it has done so by innovating: with products with a\u00a0clear personality\u00a0and remarkable\",\"breadcrumb\":{\"@id\":\"https:\\\/\\\/estorio.com\\\/lea-ceramiche\\\/#breadcrumb\"},\"inLanguage\":\"hu\",\"potentialAction\":[{\"@type\":\"ReadAction\",\"target\":[\"https:\\\/\\\/estorio.com\\\/lea-ceramiche\\\/\"]}]},{\"@type\":\"BreadcrumbList\",\"@id\":\"https:\\\/\\\/estorio.com\\\/lea-ceramiche\\\/#breadcrumb\",\"itemListElement\":[{\"@type\":\"ListItem\",\"position\":1,\"name\":\"Kezd\u0151lap\",\"item\":\"https:\\\/\\\/estorio.com\\\/\"},{\"@type\":\"ListItem\",\"position\":2,\"name\":\"LEA CERAMICHE\"}]},{\"@type\":\"WebSite\",\"@id\":\"https:\\\/\\\/estorio.com\\\/#website\",\"url\":\"https:\\\/\\\/estorio.com\\\/\",\"name\":\"Estorio\",\"description\":\"Home of designer brands\",\"publisher\":{\"@id\":\"https:\\\/\\\/estorio.com\\\/#organization\"},\"potentialAction\":[{\"@type\":\"SearchAction\",\"target\":{\"@type\":\"EntryPoint\",\"urlTemplate\":\"https:\\\/\\\/estorio.com\\\/?s={search_term_string}\"},\"query-input\":{\"@type\":\"PropertyValueSpecification\",\"valueRequired\":true,\"valueName\":\"search_term_string\"}}],\"inLanguage\":\"hu\"},{\"@type\":\"Organization\",\"@id\":\"https:\\\/\\\/estorio.com\\\/#organization\",\"name\":\"estorio\",\"url\":\"https:\\\/\\\/estorio.com\\\/\",\"logo\":{\"@type\":\"ImageObject\",\"inLanguage\":\"hu\",\"@id\":\"https:\\\/\\\/estorio.com\\\/#\\\/schema\\\/logo\\\/image\\\/\",\"url\":\"https:\\\/\\\/estorio.com\\\/wp-content\\\/uploads\\\/2022\\\/01\\\/20220216_estoriologo_1-02.png\",\"contentUrl\":\"https:\\\/\\\/estorio.com\\\/wp-content\\\/uploads\\\/2022\\\/01\\\/20220216_estoriologo_1-02.png\",\"width\":10915,\"height\":2860,\"caption\":\"estorio\"},\"image\":{\"@id\":\"https:\\\/\\\/estorio.com\\\/#\\\/schema\\\/logo\\\/image\\\/\"},\"sameAs\":[\"https:\\\/\\\/www.facebook.com\\\/estorio.home\",\"https:\\\/\\\/www.instagram.com\\\/estorio.home\\\/\",\"https:\\\/\\\/www.linkedin.com\\\/company\\\/estorio-home-of-designer-brands\\\/\"]}]}<\/script>\n<!-- \/ Yoast SEO plugin. -->","yoast_head_json":{"title":"LEA CERAMICHE","description":"lea ceramiche Lea Ceramiche has always stood out from the crowd.And it has done so by innovating: with products with a\u00a0clear personality\u00a0and remarkable","robots":{"index":"index","follow":"follow","max-snippet":"max-snippet:-1","max-image-preview":"max-image-preview:large","max-video-preview":"max-video-preview:-1"},"canonical":"https:\/\/estorio.com\/hu\/lea-ceramiche\/","og_locale":"hu_HU","og_type":"article","og_title":"LEA CERAMICHE","og_description":"lea ceramiche Lea Ceramiche has always stood out from the crowd.And it has done so by innovating: with products with a\u00a0clear personality\u00a0and remarkable","og_url":"https:\/\/estorio.com\/hu\/lea-ceramiche\/","og_site_name":"Estorio","article_publisher":"https:\/\/www.facebook.com\/estorio.home","article_modified_time":"2024-03-12T10:05:22+00:00","og_image":[{"width":1920,"height":1280,"url":"https:\/\/estorio.com\/wp-content\/uploads\/2022\/03\/estorio-2396e.jpg","type":"image\/jpeg"}],"twitter_card":"summary_large_image","twitter_misc":{"Becs\u00fclt olvas\u00e1si id\u0151":"2 perc"},"schema":{"@context":"https:\/\/schema.org","@graph":[{"@type":"WebPage","@id":"https:\/\/estorio.com\/lea-ceramiche\/","url":"https:\/\/estorio.com\/lea-ceramiche\/","name":"LEA CERAMICHE","isPartOf":{"@id":"https:\/\/estorio.com\/#website"},"datePublished":"2022-03-26T13:22:50+00:00","dateModified":"2024-03-12T10:05:22+00:00","description":"lea ceramiche Lea Ceramiche has always stood out from the crowd.And it has done so by innovating: with products with a\u00a0clear personality\u00a0and remarkable","breadcrumb":{"@id":"https:\/\/estorio.com\/lea-ceramiche\/#breadcrumb"},"inLanguage":"hu","potentialAction":[{"@type":"ReadAction","target":["https:\/\/estorio.com\/lea-ceramiche\/"]}]},{"@type":"BreadcrumbList","@id":"https:\/\/estorio.com\/lea-ceramiche\/#breadcrumb","itemListElement":[{"@type":"ListItem","position":1,"name":"Kezd\u0151lap","item":"https:\/\/estorio.com\/"},{"@type":"ListItem","position":2,"name":"LEA CERAMICHE"}]},{"@type":"WebSite","@id":"https:\/\/estorio.com\/#website","url":"https:\/\/estorio.com\/","name":"R\u00f3lunk","description":"Home of designer brands","publisher":{"@id":"https:\/\/estorio.com\/#organization"},"potentialAction":[{"@type":"SearchAction","target":{"@type":"EntryPoint","urlTemplate":"https:\/\/estorio.com\/?s={search_term_string}"},"query-input":{"@type":"PropertyValueSpecification","valueRequired":true,"valueName":"search_term_string"}}],"inLanguage":"hu"},{"@type":"Organization","@id":"https:\/\/estorio.com\/#organization","name":"estorio","url":"https:\/\/estorio.com\/","logo":{"@type":"ImageObject","inLanguage":"hu","@id":"https:\/\/estorio.com\/#\/schema\/logo\/image\/","url":"https:\/\/estorio.com\/wp-content\/uploads\/2022\/01\/20220216_estoriologo_1-02.png","contentUrl":"https:\/\/estorio.com\/wp-content\/uploads\/2022\/01\/20220216_estoriologo_1-02.png","width":10915,"height":2860,"caption":"estorio"},"image":{"@id":"https:\/\/estorio.com\/#\/schema\/logo\/image\/"},"sameAs":["https:\/\/www.facebook.com\/estorio.home","https:\/\/www.instagram.com\/estorio.home\/","https:\/\/www.linkedin.com\/company\/estorio-home-of-designer-brands\/"]}]}},"_links":{"self":[{"href":"https:\/\/estorio.com\/hu\/wp-json\/wp\/v2\/pages\/4985","targetHints":{"allow":["GET"]}}],"collection":[{"href":"https:\/\/estorio.com\/hu\/wp-json\/wp\/v2\/pages"}],"about":[{"href":"https:\/\/estorio.com\/hu\/wp-json\/wp\/v2\/types\/page"}],"author":[{"embeddable":true,"href":"https:\/\/estorio.com\/hu\/wp-json\/wp\/v2\/users\/1"}],"replies":[{"embeddable":true,"href":"https:\/\/estorio.com\/hu\/wp-json\/wp\/v2\/comments?post=4985"}],"version-history":[{"count":23,"href":"https:\/\/estorio.com\/hu\/wp-json\/wp\/v2\/pages\/4985\/revisions"}],"predecessor-version":[{"id":13170,"href":"https:\/\/estorio.com\/hu\/wp-json\/wp\/v2\/pages\/4985\/revisions\/13170"}],"wp:attachment":[{"href":"https:\/\/estorio.com\/hu\/wp-json\/wp\/v2\/media?parent=4985"}],"curies":[{"name":"wp","href":"https:\/\/api.w.org\/{rel}","templated":true}]}}