{"id":4918,"date":"2022-03-26T12:21:04","date_gmt":"2022-03-26T11:21:04","guid":{"rendered":"https:\/\/estorio.com\/?page_id=4918"},"modified":"2024-03-12T10:31:17","modified_gmt":"2024-03-12T09:31:17","slug":"black-tie","status":"publish","type":"page","link":"https:\/\/estorio.com\/hu\/black-tie\/","title":{"rendered":"BLACK TIE"},"content":{"rendered":"<div data-elementor-type=\"wp-page\" data-elementor-id=\"4918\" class=\"elementor elementor-4918\" data-elementor-post-type=\"page\">\n\t\t\t\t\t\t<section class=\"elementor-section elementor-top-section elementor-element elementor-element-38e193db elementor-section-boxed elementor-section-height-default elementor-section-height-default\" data-id=\"38e193db\" data-element_type=\"section\" data-e-type=\"section\">\n\t\t\t\t\t\t<div class=\"elementor-container elementor-column-gap-default\">\n\t\t\t\t\t<div class=\"elementor-column elementor-col-50 elementor-top-column elementor-element elementor-element-2c31a5f4\" data-id=\"2c31a5f4\" data-element_type=\"column\" data-e-type=\"column\">\n\t\t\t<div class=\"elementor-widget-wrap elementor-element-populated\">\n\t\t\t\t\t\t<div class=\"elementor-element elementor-element-1761277e elementor--h-position-center elementor--v-position-middle elementor-arrows-position-inside elementor-pagination-position-inside elementor-widget elementor-widget-slides\" data-id=\"1761277e\" data-element_type=\"widget\" data-e-type=\"widget\" data-settings=\"{&quot;navigation&quot;:&quot;both&quot;,&quot;autoplay&quot;:&quot;yes&quot;,&quot;pause_on_hover&quot;:&quot;yes&quot;,&quot;pause_on_interaction&quot;:&quot;yes&quot;,&quot;autoplay_speed&quot;:5000,&quot;infinite&quot;:&quot;yes&quot;,&quot;transition&quot;:&quot;slide&quot;,&quot;transition_speed&quot;:500}\" data-widget_type=\"slides.default\">\n\t\t\t\t<div class=\"elementor-widget-container\">\n\t\t\t\t\t\t\t\t\t<div class=\"elementor-swiper\">\n\t\t\t\t\t<div class=\"elementor-slides-wrapper elementor-main-swiper swiper\" role=\"region\" aria-roledescription=\"carousel\" aria-label=\"Slides\" dir=\"ltr\" data-animation=\"fadeInUp\">\n\t\t\t\t<div class=\"swiper-wrapper elementor-slides\">\n\t\t\t\t\t\t\t\t\t\t<div class=\"elementor-repeater-item-6a723bd swiper-slide\" role=\"group\" aria-roledescription=\"slide\"><div class=\"swiper-slide-bg\" role=\"img\" aria-label=\"20220302_blacktie\"><\/div><div class=\"swiper-slide-inner\" ><div class=\"swiper-slide-contents\"><\/div><\/div><\/div>\t\t\t\t<\/div>\n\t\t\t\t\t\t\t<\/div>\n\t\t\t\t<\/div>\n\t\t\t\t\t\t\t\t<\/div>\n\t\t\t\t<\/div>\n\t\t\t\t\t<\/div>\n\t\t<\/div>\n\t\t\t\t<div class=\"elementor-column elementor-col-50 elementor-top-column elementor-element elementor-element-67c61822\" data-id=\"67c61822\" data-element_type=\"column\" data-e-type=\"column\">\n\t\t\t<div class=\"elementor-widget-wrap elementor-element-populated\">\n\t\t\t\t\t\t<div class=\"elementor-element elementor-element-459026a9 elementor-widget elementor-widget-heading\" data-id=\"459026a9\" data-element_type=\"widget\" data-e-type=\"widget\" data-widget_type=\"heading.default\">\n\t\t\t\t<div class=\"elementor-widget-container\">\n\t\t\t\t\t<h2 class=\"elementor-heading-title elementor-size-default\">black tie<\/h2>\t\t\t\t<\/div>\n\t\t\t\t<\/div>\n\t\t\t\t<div class=\"elementor-element elementor-element-2105bda7 elementor-widget elementor-widget-text-editor\" data-id=\"2105bda7\" data-element_type=\"widget\" data-e-type=\"widget\" data-widget_type=\"text-editor.default\">\n\t\t\t\t<div class=\"elementor-widget-container\">\n\t\t\t\t\t\t\t\t\t<p>A Frighetto csal\u00e1d \u00e1ltal 2011-ben  alap\u00edtott v\u00e1llalat Vicenza megy\u00e9ben tal\u00e1lhat\u00f3, els\u0151sorban a b\u00fator- \u00e9s divatiparban haszn\u00e1lt b\u0151rfeldolgoz\u00e1sban szerzett szak\u00e9rtelm\u00e9r\u0151l h\u00edres.<\/p><p>Az id\u0151tlen sz\u00e9ps\u00e9get, a szel\u00edd pazars\u00e1got testes\u00edti meg, a modern Wunderkammersben is t\u00f6k\u00e9letesen meg\u00e1llja a hely\u00e9t. A lakberendez\u00e9s \u00faj, kort\u00e1rs formanyelve, amely egyszerre k\u00e9pes el\u0151re tekinteni, mik\u00f6zben a m\u00falthoz is kapcsol\u00f3dik. A m\u00e1rka meg\u00fajult vizu\u00e1lis nyelvezet\u00e9t a kort\u00e1rs lakberendez\u00e9s ihlette.<\/p>\t\t\t\t\t\t\t\t<\/div>\n\t\t\t\t<\/div>\n\t\t\t\t\t<\/div>\n\t\t<\/div>\n\t\t\t\t\t<\/div>\n\t\t<\/section>\n\t\t\t\t<\/div>","protected":false},"excerpt":{"rendered":"<p>black tie Founded in 2011 by the Frighetto family, the company is located in the district of Vicenza, famous for its manufacturing skills especially in the processing of leather in the furniture and fashion sectors. Furthermore it is a concrete expression of timeless beauty, gentle sumptuousness that finds space in contemporary private Wunderkammers. A new [&hellip;]<\/p>\n","protected":false},"author":1,"featured_media":2493,"parent":0,"menu_order":0,"comment_status":"closed","ping_status":"closed","template":"elementor_header_footer","meta":{"footnotes":""},"class_list":["post-4918","page","type-page","status-publish","has-post-thumbnail","hentry"],"yoast_head":"<!-- This site is optimized with the Yoast SEO plugin v27.5 - https:\/\/yoast.com\/product\/yoast-seo-wordpress\/ -->\n<title>BLACK TIE<\/title>\n<meta name=\"description\" content=\"black tie Founded in 2011 by the Frighetto family, the company is located in the district of Vicenza, famous for its manufacturing skills especially in\" \/>\n<meta name=\"robots\" content=\"index, follow, max-snippet:-1, max-image-preview:large, max-video-preview:-1\" \/>\n<link rel=\"canonical\" href=\"https:\/\/estorio.com\/hu\/black-tie\/\" \/>\n<meta property=\"og:locale\" content=\"hu_HU\" \/>\n<meta property=\"og:type\" content=\"article\" \/>\n<meta property=\"og:title\" content=\"BLACK TIE\" \/>\n<meta property=\"og:description\" content=\"black tie Founded in 2011 by the Frighetto family, the company is located in the district of Vicenza, famous for its manufacturing skills especially in\" \/>\n<meta property=\"og:url\" content=\"https:\/\/estorio.com\/hu\/black-tie\/\" \/>\n<meta property=\"og:site_name\" content=\"Estorio\" \/>\n<meta property=\"article:publisher\" content=\"https:\/\/www.facebook.com\/estorio.home\" \/>\n<meta property=\"article:modified_time\" content=\"2024-03-12T09:31:17+00:00\" \/>\n<meta property=\"og:image\" content=\"https:\/\/estorio.com\/wp-content\/uploads\/2022\/02\/040321-114745-03tao-e1646320822670.jpg\" \/>\n\t<meta property=\"og:image:width\" content=\"800\" \/>\n\t<meta property=\"og:image:height\" content=\"1200\" \/>\n\t<meta property=\"og:image:type\" content=\"image\/jpeg\" \/>\n<meta name=\"twitter:card\" content=\"summary_large_image\" \/>\n<meta name=\"twitter:label1\" content=\"Becs\u00fclt olvas\u00e1si id\u0151\" \/>\n\t<meta name=\"twitter:data1\" content=\"2 perc\" \/>\n<script type=\"application\/ld+json\" class=\"yoast-schema-graph\">{\"@context\":\"https:\\\/\\\/schema.org\",\"@graph\":[{\"@type\":\"WebPage\",\"@id\":\"https:\\\/\\\/estorio.com\\\/black-tie\\\/\",\"url\":\"https:\\\/\\\/estorio.com\\\/black-tie\\\/\",\"name\":\"BLACK TIE\",\"isPartOf\":{\"@id\":\"https:\\\/\\\/estorio.com\\\/#website\"},\"primaryImageOfPage\":{\"@id\":\"https:\\\/\\\/estorio.com\\\/black-tie\\\/#primaryimage\"},\"image\":{\"@id\":\"https:\\\/\\\/estorio.com\\\/black-tie\\\/#primaryimage\"},\"thumbnailUrl\":\"https:\\\/\\\/estorio.com\\\/wp-content\\\/uploads\\\/2022\\\/02\\\/040321-114745-03tao-e1646320822670.jpg\",\"datePublished\":\"2022-03-26T11:21:04+00:00\",\"dateModified\":\"2024-03-12T09:31:17+00:00\",\"description\":\"black tie Founded in 2011 by the Frighetto family, the company is located in the district of Vicenza, famous for its manufacturing skills especially in\",\"breadcrumb\":{\"@id\":\"https:\\\/\\\/estorio.com\\\/black-tie\\\/#breadcrumb\"},\"inLanguage\":\"hu\",\"potentialAction\":[{\"@type\":\"ReadAction\",\"target\":[\"https:\\\/\\\/estorio.com\\\/black-tie\\\/\"]}]},{\"@type\":\"ImageObject\",\"inLanguage\":\"hu\",\"@id\":\"https:\\\/\\\/estorio.com\\\/black-tie\\\/#primaryimage\",\"url\":\"https:\\\/\\\/estorio.com\\\/wp-content\\\/uploads\\\/2022\\\/02\\\/040321-114745-03tao-e1646320822670.jpg\",\"contentUrl\":\"https:\\\/\\\/estorio.com\\\/wp-content\\\/uploads\\\/2022\\\/02\\\/040321-114745-03tao-e1646320822670.jpg\",\"width\":800,\"height\":1200},{\"@type\":\"BreadcrumbList\",\"@id\":\"https:\\\/\\\/estorio.com\\\/black-tie\\\/#breadcrumb\",\"itemListElement\":[{\"@type\":\"ListItem\",\"position\":1,\"name\":\"Kezd\u0151lap\",\"item\":\"https:\\\/\\\/estorio.com\\\/\"},{\"@type\":\"ListItem\",\"position\":2,\"name\":\"BLACK TIE\"}]},{\"@type\":\"WebSite\",\"@id\":\"https:\\\/\\\/estorio.com\\\/#website\",\"url\":\"https:\\\/\\\/estorio.com\\\/\",\"name\":\"Estorio\",\"description\":\"Home of designer brands\",\"publisher\":{\"@id\":\"https:\\\/\\\/estorio.com\\\/#organization\"},\"potentialAction\":[{\"@type\":\"SearchAction\",\"target\":{\"@type\":\"EntryPoint\",\"urlTemplate\":\"https:\\\/\\\/estorio.com\\\/?s={search_term_string}\"},\"query-input\":{\"@type\":\"PropertyValueSpecification\",\"valueRequired\":true,\"valueName\":\"search_term_string\"}}],\"inLanguage\":\"hu\"},{\"@type\":\"Organization\",\"@id\":\"https:\\\/\\\/estorio.com\\\/#organization\",\"name\":\"estorio\",\"url\":\"https:\\\/\\\/estorio.com\\\/\",\"logo\":{\"@type\":\"ImageObject\",\"inLanguage\":\"hu\",\"@id\":\"https:\\\/\\\/estorio.com\\\/#\\\/schema\\\/logo\\\/image\\\/\",\"url\":\"https:\\\/\\\/estorio.com\\\/wp-content\\\/uploads\\\/2022\\\/01\\\/20220216_estoriologo_1-02.png\",\"contentUrl\":\"https:\\\/\\\/estorio.com\\\/wp-content\\\/uploads\\\/2022\\\/01\\\/20220216_estoriologo_1-02.png\",\"width\":10915,\"height\":2860,\"caption\":\"estorio\"},\"image\":{\"@id\":\"https:\\\/\\\/estorio.com\\\/#\\\/schema\\\/logo\\\/image\\\/\"},\"sameAs\":[\"https:\\\/\\\/www.facebook.com\\\/estorio.home\",\"https:\\\/\\\/www.instagram.com\\\/estorio.home\\\/\",\"https:\\\/\\\/www.linkedin.com\\\/company\\\/estorio-home-of-designer-brands\\\/\"]}]}<\/script>\n<!-- \/ Yoast SEO plugin. -->","yoast_head_json":{"title":"BLACK TIE","description":"black tie Founded in 2011 by the Frighetto family, the company is located in the district of Vicenza, famous for its manufacturing skills especially in","robots":{"index":"index","follow":"follow","max-snippet":"max-snippet:-1","max-image-preview":"max-image-preview:large","max-video-preview":"max-video-preview:-1"},"canonical":"https:\/\/estorio.com\/hu\/black-tie\/","og_locale":"hu_HU","og_type":"article","og_title":"BLACK TIE","og_description":"black tie Founded in 2011 by the Frighetto family, the company is located in the district of Vicenza, famous for its manufacturing skills especially in","og_url":"https:\/\/estorio.com\/hu\/black-tie\/","og_site_name":"Estorio","article_publisher":"https:\/\/www.facebook.com\/estorio.home","article_modified_time":"2024-03-12T09:31:17+00:00","og_image":[{"width":800,"height":1200,"url":"https:\/\/estorio.com\/wp-content\/uploads\/2022\/02\/040321-114745-03tao-e1646320822670.jpg","type":"image\/jpeg"}],"twitter_card":"summary_large_image","twitter_misc":{"Becs\u00fclt olvas\u00e1si id\u0151":"2 perc"},"schema":{"@context":"https:\/\/schema.org","@graph":[{"@type":"WebPage","@id":"https:\/\/estorio.com\/black-tie\/","url":"https:\/\/estorio.com\/black-tie\/","name":"BLACK TIE","isPartOf":{"@id":"https:\/\/estorio.com\/#website"},"primaryImageOfPage":{"@id":"https:\/\/estorio.com\/black-tie\/#primaryimage"},"image":{"@id":"https:\/\/estorio.com\/black-tie\/#primaryimage"},"thumbnailUrl":"https:\/\/estorio.com\/wp-content\/uploads\/2022\/02\/040321-114745-03tao-e1646320822670.jpg","datePublished":"2022-03-26T11:21:04+00:00","dateModified":"2024-03-12T09:31:17+00:00","description":"black tie Founded in 2011 by the Frighetto family, the company is located in the district of Vicenza, famous for its manufacturing skills especially in","breadcrumb":{"@id":"https:\/\/estorio.com\/black-tie\/#breadcrumb"},"inLanguage":"hu","potentialAction":[{"@type":"ReadAction","target":["https:\/\/estorio.com\/black-tie\/"]}]},{"@type":"ImageObject","inLanguage":"hu","@id":"https:\/\/estorio.com\/black-tie\/#primaryimage","url":"https:\/\/estorio.com\/wp-content\/uploads\/2022\/02\/040321-114745-03tao-e1646320822670.jpg","contentUrl":"https:\/\/estorio.com\/wp-content\/uploads\/2022\/02\/040321-114745-03tao-e1646320822670.jpg","width":800,"height":1200},{"@type":"BreadcrumbList","@id":"https:\/\/estorio.com\/black-tie\/#breadcrumb","itemListElement":[{"@type":"ListItem","position":1,"name":"Kezd\u0151lap","item":"https:\/\/estorio.com\/"},{"@type":"ListItem","position":2,"name":"BLACK TIE"}]},{"@type":"WebSite","@id":"https:\/\/estorio.com\/#website","url":"https:\/\/estorio.com\/","name":"R\u00f3lunk","description":"Home of designer brands","publisher":{"@id":"https:\/\/estorio.com\/#organization"},"potentialAction":[{"@type":"SearchAction","target":{"@type":"EntryPoint","urlTemplate":"https:\/\/estorio.com\/?s={search_term_string}"},"query-input":{"@type":"PropertyValueSpecification","valueRequired":true,"valueName":"search_term_string"}}],"inLanguage":"hu"},{"@type":"Organization","@id":"https:\/\/estorio.com\/#organization","name":"estorio","url":"https:\/\/estorio.com\/","logo":{"@type":"ImageObject","inLanguage":"hu","@id":"https:\/\/estorio.com\/#\/schema\/logo\/image\/","url":"https:\/\/estorio.com\/wp-content\/uploads\/2022\/01\/20220216_estoriologo_1-02.png","contentUrl":"https:\/\/estorio.com\/wp-content\/uploads\/2022\/01\/20220216_estoriologo_1-02.png","width":10915,"height":2860,"caption":"estorio"},"image":{"@id":"https:\/\/estorio.com\/#\/schema\/logo\/image\/"},"sameAs":["https:\/\/www.facebook.com\/estorio.home","https:\/\/www.instagram.com\/estorio.home\/","https:\/\/www.linkedin.com\/company\/estorio-home-of-designer-brands\/"]}]}},"_links":{"self":[{"href":"https:\/\/estorio.com\/hu\/wp-json\/wp\/v2\/pages\/4918","targetHints":{"allow":["GET"]}}],"collection":[{"href":"https:\/\/estorio.com\/hu\/wp-json\/wp\/v2\/pages"}],"about":[{"href":"https:\/\/estorio.com\/hu\/wp-json\/wp\/v2\/types\/page"}],"author":[{"embeddable":true,"href":"https:\/\/estorio.com\/hu\/wp-json\/wp\/v2\/users\/1"}],"replies":[{"embeddable":true,"href":"https:\/\/estorio.com\/hu\/wp-json\/wp\/v2\/comments?post=4918"}],"version-history":[{"count":29,"href":"https:\/\/estorio.com\/hu\/wp-json\/wp\/v2\/pages\/4918\/revisions"}],"predecessor-version":[{"id":13082,"href":"https:\/\/estorio.com\/hu\/wp-json\/wp\/v2\/pages\/4918\/revisions\/13082"}],"wp:featuredmedia":[{"embeddable":true,"href":"https:\/\/estorio.com\/hu\/wp-json\/wp\/v2\/media\/2493"}],"wp:attachment":[{"href":"https:\/\/estorio.com\/hu\/wp-json\/wp\/v2\/media?parent=4918"}],"curies":[{"name":"wp","href":"https:\/\/api.w.org\/{rel}","templated":true}]}}